{"id":99,"date":"2019-06-26T11:48:29","date_gmt":"2019-06-26T09:48:29","guid":{"rendered":"http:\/\/www.sommatica.com\/seguretat\/backup-remot\/"},"modified":"2019-12-31T02:19:44","modified_gmt":"2019-12-31T01:19:44","slug":"backup-remot","status":"publish","type":"page","link":"https:\/\/www.sommatica.com\/ca\/seguretat\/backup-remot\/","title":{"rendered":"Backup remot"},"content":{"rendered":"<h3 class=\"section-title\"><strong>Quines funcionalitats t\u00e9 la nostra soluci\u00f3?<\/strong><\/h3>\n<div class=\"text_box\" style=\"border: none; \">\n<div class=\"text clearfix\" style=\"\">\n<div class=\"one_third\">\n<div class=\"iconed-text clearfix\"><span class=\"icon\" style=\"border-color: #ffffff; background-color: #ffffff; color: #598BAC;\">&#xe625;<\/span><\/p>\n<div class=\"text\">\n<h5>Multi-origen<\/h5>\n<div>Backups de PCs, servidors de fitxers, bases de dades, etc.<\/div>\n<\/div>\n<\/div>\n<div class=\"divider\"><\/div>\n<\/div>\n<div class=\"one_third\">\n<div class=\"iconed-text clearfix\"><span class=\"icon\" style=\"border-color: #ffffff; background-color: #ffffff; color: #BEE17B;\">&#xe687;<\/span><\/p>\n<div class=\"text\">\n<h5>Multi-mode<\/h5>\n<div>Opci\u00f3 de backup amb o sense client i del tipus incremental o full.<\/div>\n<\/div>\n<\/div>\n<div class=\"divider\"><\/div>\n<\/div>\n<div class=\"one_third last\">\n<div class=\"iconed-text clearfix\"><span class=\"icon\" style=\"border-color: #ffffff; background-color: #ffffff; color: #FD573D;\">&#xe603;<\/span><\/p>\n<div class=\"text\">\n<h5>Multi-plataforma<\/h5>\n<div>Compatible amb els sistemes operatius Windows i Linux.<\/div>\n<\/div>\n<\/div>\n<div class=\"divider\"><\/div>\n<\/div>\n<div class=\"clear\"><\/div>\n<div class=\"one_third\">\n<div class=\"iconed-text clearfix\"><span class=\"icon\" style=\"border-color: #ffffff; background-color: #ffffff; color: #9CC9A0;\">&#xe6a1;<\/span><\/p>\n<div class=\"text\">\n<h5>Consola de gesti\u00f3<\/h5>\n<div>Gesti\u00f3 centralitzada mitjan\u00e7ant interf\u00edcie web d&#8217;acc\u00e9s segur.<\/div>\n<\/div>\n<\/div>\n<\/div>\n<div class=\"one_third\">\n<div class=\"iconed-text clearfix\"><span class=\"icon\" style=\"border-color: #ffffff; background-color: #ffffff; color: #FD8C62;\">&#xe64d;<\/span><\/p>\n<div class=\"text\">\n<h5>Xifrat de dades<\/h5>\n<div>Tant en la connexi\u00f3 com en l&#8217;emmagatzematge de les c\u00f2pies.<\/div>\n<\/div>\n<\/div>\n<\/div>\n<div class=\"one_third last\">\n<div class=\"iconed-text clearfix\"><span class=\"icon\" style=\"border-color: #ffffff; background-color: #ffffff; color: #48AFDA;\">&#xe651;<\/span><\/p>\n<div class=\"text\">\n<h5>Replicaci\u00f3<\/h5>\n<div>Posibilitat de realitzar backup local i una segunda c\u00f2pia remota.<\/div>\n<\/div>\n<\/div>\n<\/div>\n<div class=\"clear\"><\/div>\n<\/div>\n<\/div>\n<div class=\"divider linebreak\">&nbsp;<\/div>\n<div class=\"divider linebreak\">&nbsp;<\/div>\n<h3><strong>Avantatges dels backups remots:<\/strong><\/h3>\n<div class=\"one_half\">\n<div class=\"image wrap-box no-style below\" style=\"\">\n<div class=\"wrap-box-inner\"><img class=\"wrap-box-element\" style=\" \" src=\"https:\/\/www.sommatica.com\/wp-content\/uploads\/backup-remoto.jpg\" alt=\"\"\/><\/div>\n<\/div>\n<\/div>\n<div class=\"one_half last\">Els backups remots permeten a una empresa disposar de diverses c\u00f2pies de seguretat de les seves dades cr\u00edtiques fora de les seves instal\u00b7lacions, assegurant la continu\u00eftat del negoci fins i tot despr\u00e9s dels desastres m\u00e9s greus. Entre els innombrables avantatges d&#8217;utilitzar backups remots en la teva empresa destaquen els seg\u00fcents:<\/p>\n<div class=\"list arrow\">\n<ul>\n<li><span style=\"color: #48afdb;\">Disponibilitat de les dades.<\/span><\/li>\n<li><span style=\"color: #48afdb;\">Inmunitat enfront de virus i malwares.<\/span><\/li>\n<li><span style=\"color: #48afdb;\">M\u00faltiples versions de les dades.<\/span><\/li>\n<li><span style=\"color: #48afdb;\">Estalvi de costos en infraestructura.<\/span><\/li>\n<li><span style=\"color: #48afdb;\">Espai contractat escalable segons necessitats.<\/span><\/li>\n<\/ul>\n<div class=\"divider linebreak\">&nbsp;<\/div>\n<\/div>\n<\/div>\n<div class=\"clear\"><\/div>\n<div class=\"divider linebreak\">&nbsp;<\/div>\n<div class=\"alert-box\">\n<div class=\"clearfix\">\n<div class=\"text\">\n<h2>Sol\u00b7licita pressupost sense comprom\u00eds<\/h2>\n<p>Confia en l\u2019experi\u00e8ncia i professionalitat de SOMmatica.<\/p><\/div>\n<div class=\"alert-button\"><a class=\"button\" href=\"https:\/\/www.sommatica.com\/ca\/contacte\/\">Contactar<\/a><\/div>\n<\/div>\n<\/div>\n","protected":false},"excerpt":{"rendered":"<p>Quines funcionalitats t\u00e9 la nostra soluci\u00f3? Avantatges dels backups remots: Sol\u00b7licita pressupost sense comprom\u00eds Confia en l\u2019experi\u00e8ncia i professionalitat de&#8230;<\/p>\n","protected":false},"author":1,"featured_media":0,"parent":97,"menu_order":0,"comment_status":"closed","ping_status":"closed","template":"","meta":[],"yoast_head":"<!-- This site is optimized with the Yoast SEO plugin v18.3 - https:\/\/yoast.com\/wordpress\/plugins\/seo\/ -->\n<title>Backup remot - SOMmatica<\/title>\n<meta name=\"robots\" content=\"index, follow, max-snippet:-1, max-image-preview:large, max-video-preview:-1\" \/>\n<link rel=\"canonical\" href=\"https:\/\/www.sommatica.com\/ca\/seguretat\/backup-remot\/\" \/>\n<meta property=\"og:locale\" content=\"ca_ES\" \/>\n<meta property=\"og:type\" content=\"article\" \/>\n<meta property=\"og:title\" content=\"Backup remot - SOMmatica\" \/>\n<meta property=\"og:description\" content=\"Quines funcionalitats t\u00e9 la nostra soluci\u00f3? Avantatges dels backups remots: Sol\u00b7licita pressupost sense comprom\u00eds Confia en l\u2019experi\u00e8ncia i professionalitat de...\" \/>\n<meta property=\"og:url\" content=\"https:\/\/www.sommatica.com\/ca\/seguretat\/backup-remot\/\" \/>\n<meta property=\"og:site_name\" content=\"SOMmatica\" \/>\n<meta property=\"article:modified_time\" content=\"2019-12-31T01:19:44+00:00\" \/>\n<meta name=\"twitter:card\" content=\"summary_large_image\" \/>\n<meta name=\"twitter:site\" content=\"@sommatica_com\" \/>\n<meta name=\"twitter:label1\" content=\"Temps estimat de lectura\" \/>\n\t<meta name=\"twitter:data1\" content=\"2 minuts\" \/>\n<script type=\"application\/ld+json\" class=\"yoast-schema-graph\">{\"@context\":\"https:\/\/schema.org\",\"@graph\":[{\"@type\":\"Organization\",\"@id\":\"https:\/\/www.sommatica.com\/#organization\",\"name\":\"SOMmatica\",\"url\":\"https:\/\/www.sommatica.com\/\",\"sameAs\":[\"https:\/\/www.linkedin.com\/in\/sommatica\/\",\"https:\/\/twitter.com\/sommatica_com\"],\"logo\":{\"@type\":\"ImageObject\",\"@id\":\"https:\/\/www.sommatica.com\/#logo\",\"inLanguage\":\"ca\",\"url\":\"https:\/\/www.sommatica.com\/wp-content\/uploads\/logo.png\",\"contentUrl\":\"https:\/\/www.sommatica.com\/wp-content\/uploads\/logo.png\",\"width\":242,\"height\":52,\"caption\":\"SOMmatica\"},\"image\":{\"@id\":\"https:\/\/www.sommatica.com\/#logo\"}},{\"@type\":\"WebSite\",\"@id\":\"https:\/\/www.sommatica.com\/#website\",\"url\":\"https:\/\/www.sommatica.com\/\",\"name\":\"SOMmatica\",\"description\":\"Soluciones IT para PYMES\",\"publisher\":{\"@id\":\"https:\/\/www.sommatica.com\/#organization\"},\"potentialAction\":[{\"@type\":\"SearchAction\",\"target\":{\"@type\":\"EntryPoint\",\"urlTemplate\":\"https:\/\/www.sommatica.com\/?s={search_term_string}\"},\"query-input\":\"required name=search_term_string\"}],\"inLanguage\":\"ca\"},{\"@type\":\"WebPage\",\"@id\":\"https:\/\/www.sommatica.com\/ca\/seguretat\/backup-remot\/#webpage\",\"url\":\"https:\/\/www.sommatica.com\/ca\/seguretat\/backup-remot\/\",\"name\":\"Backup remot - SOMmatica\",\"isPartOf\":{\"@id\":\"https:\/\/www.sommatica.com\/#website\"},\"datePublished\":\"2019-06-26T09:48:29+00:00\",\"dateModified\":\"2019-12-31T01:19:44+00:00\",\"breadcrumb\":{\"@id\":\"https:\/\/www.sommatica.com\/ca\/seguretat\/backup-remot\/#breadcrumb\"},\"inLanguage\":\"ca\",\"potentialAction\":[{\"@type\":\"ReadAction\",\"target\":[\"https:\/\/www.sommatica.com\/ca\/seguretat\/backup-remot\/\"]}]},{\"@type\":\"BreadcrumbList\",\"@id\":\"https:\/\/www.sommatica.com\/ca\/seguretat\/backup-remot\/#breadcrumb\",\"itemListElement\":[{\"@type\":\"ListItem\",\"position\":1,\"name\":\"Portada\",\"item\":\"https:\/\/www.sommatica.com\/ca\/\"},{\"@type\":\"ListItem\",\"position\":2,\"name\":\"Seguretat\",\"item\":\"https:\/\/www.sommatica.com\/ca\/seguretat\/\"},{\"@type\":\"ListItem\",\"position\":3,\"name\":\"Backup remot\"}]}]}<\/script>\n<!-- \/ Yoast SEO plugin. -->","yoast_head_json":{"title":"Backup remot - SOMmatica","robots":{"index":"index","follow":"follow","max-snippet":"max-snippet:-1","max-image-preview":"max-image-preview:large","max-video-preview":"max-video-preview:-1"},"canonical":"https:\/\/www.sommatica.com\/ca\/seguretat\/backup-remot\/","og_locale":"ca_ES","og_type":"article","og_title":"Backup remot - SOMmatica","og_description":"Quines funcionalitats t\u00e9 la nostra soluci\u00f3? Avantatges dels backups remots: Sol\u00b7licita pressupost sense comprom\u00eds Confia en l\u2019experi\u00e8ncia i professionalitat de...","og_url":"https:\/\/www.sommatica.com\/ca\/seguretat\/backup-remot\/","og_site_name":"SOMmatica","article_modified_time":"2019-12-31T01:19:44+00:00","twitter_card":"summary_large_image","twitter_site":"@sommatica_com","twitter_misc":{"Temps estimat de lectura":"2 minuts"},"schema":{"@context":"https:\/\/schema.org","@graph":[{"@type":"Organization","@id":"https:\/\/www.sommatica.com\/#organization","name":"SOMmatica","url":"https:\/\/www.sommatica.com\/","sameAs":["https:\/\/www.linkedin.com\/in\/sommatica\/","https:\/\/twitter.com\/sommatica_com"],"logo":{"@type":"ImageObject","@id":"https:\/\/www.sommatica.com\/#logo","inLanguage":"ca","url":"https:\/\/www.sommatica.com\/wp-content\/uploads\/logo.png","contentUrl":"https:\/\/www.sommatica.com\/wp-content\/uploads\/logo.png","width":242,"height":52,"caption":"SOMmatica"},"image":{"@id":"https:\/\/www.sommatica.com\/#logo"}},{"@type":"WebSite","@id":"https:\/\/www.sommatica.com\/#website","url":"https:\/\/www.sommatica.com\/","name":"SOMmatica","description":"Soluciones IT para PYMES","publisher":{"@id":"https:\/\/www.sommatica.com\/#organization"},"potentialAction":[{"@type":"SearchAction","target":{"@type":"EntryPoint","urlTemplate":"https:\/\/www.sommatica.com\/?s={search_term_string}"},"query-input":"required name=search_term_string"}],"inLanguage":"ca"},{"@type":"WebPage","@id":"https:\/\/www.sommatica.com\/ca\/seguretat\/backup-remot\/#webpage","url":"https:\/\/www.sommatica.com\/ca\/seguretat\/backup-remot\/","name":"Backup remot - SOMmatica","isPartOf":{"@id":"https:\/\/www.sommatica.com\/#website"},"datePublished":"2019-06-26T09:48:29+00:00","dateModified":"2019-12-31T01:19:44+00:00","breadcrumb":{"@id":"https:\/\/www.sommatica.com\/ca\/seguretat\/backup-remot\/#breadcrumb"},"inLanguage":"ca","potentialAction":[{"@type":"ReadAction","target":["https:\/\/www.sommatica.com\/ca\/seguretat\/backup-remot\/"]}]},{"@type":"BreadcrumbList","@id":"https:\/\/www.sommatica.com\/ca\/seguretat\/backup-remot\/#breadcrumb","itemListElement":[{"@type":"ListItem","position":1,"name":"Portada","item":"https:\/\/www.sommatica.com\/ca\/"},{"@type":"ListItem","position":2,"name":"Seguretat","item":"https:\/\/www.sommatica.com\/ca\/seguretat\/"},{"@type":"ListItem","position":3,"name":"Backup remot"}]}]}},"_links":{"self":[{"href":"https:\/\/www.sommatica.com\/ca\/wp-json\/wp\/v2\/pages\/99"}],"collection":[{"href":"https:\/\/www.sommatica.com\/ca\/wp-json\/wp\/v2\/pages"}],"about":[{"href":"https:\/\/www.sommatica.com\/ca\/wp-json\/wp\/v2\/types\/page"}],"author":[{"embeddable":true,"href":"https:\/\/www.sommatica.com\/ca\/wp-json\/wp\/v2\/users\/1"}],"replies":[{"embeddable":true,"href":"https:\/\/www.sommatica.com\/ca\/wp-json\/wp\/v2\/comments?post=99"}],"version-history":[{"count":12,"href":"https:\/\/www.sommatica.com\/ca\/wp-json\/wp\/v2\/pages\/99\/revisions"}],"predecessor-version":[{"id":2184,"href":"https:\/\/www.sommatica.com\/ca\/wp-json\/wp\/v2\/pages\/99\/revisions\/2184"}],"up":[{"embeddable":true,"href":"https:\/\/www.sommatica.com\/ca\/wp-json\/wp\/v2\/pages\/97"}],"wp:attachment":[{"href":"https:\/\/www.sommatica.com\/ca\/wp-json\/wp\/v2\/media?parent=99"}],"curies":[{"name":"wp","href":"https:\/\/api.w.org\/{rel}","templated":true}]}}