{"id":98,"date":"2019-06-26T11:48:21","date_gmt":"2019-06-26T09:48:21","guid":{"rendered":"http:\/\/www.sommatica.com\/seguretat\/antiviric\/"},"modified":"2019-12-28T19:16:23","modified_gmt":"2019-12-28T18:16:23","slug":"antivirus-empresarial","status":"publish","type":"page","link":"https:\/\/www.sommatica.com\/ca\/seguretat\/antivirus-empresarial\/","title":{"rendered":"Antivirus empresarial"},"content":{"rendered":"<h3 class=\"section-title\"><strong>Quines funcionalitats t\u00e9 la nostra soluci\u00f3?<\/strong><\/h3>\n<div class=\"text_box\" style=\"border: none; \">\n<div class=\"text clearfix\" style=\"\">\n<div class=\"one_third\">\n<div class=\"iconed-text clearfix\"><span class=\"icon\" style=\"border-color: #ffffff; background-color: #ffffff; color: #598BAC;\">&#xe607;<\/span><\/p>\n<div class=\"text\">\n<h5>Multi-seguretat<\/h5>\n<div>Antivirus amb funcions contra malware, spyware i phishing, aix\u00ed com de protecci\u00f3 de pagaments.<\/div>\n<\/div>\n<\/div>\n<div class=\"divider\"><\/div>\n<\/div>\n<div class=\"one_third\">\n<div class=\"iconed-text clearfix\"><span class=\"icon\" style=\"border-color: #ffffff; background-color: #ffffff; color: #BEE17B;\">&#xe62b;<\/span><\/p>\n<div class=\"text\">\n<h5>Multi-dispositiu<\/h5>\n<div>Servidors de correu o de fitxers, ordinadors, port\u00e0tils, tel\u00e8fons m\u00f2bils i tablets.<\/div>\n<\/div>\n<\/div>\n<div class=\"divider\"><\/div>\n<\/div>\n<div class=\"one_third last\">\n<div class=\"iconed-text clearfix\"><span class=\"icon\" style=\"border-color: #ffffff; background-color: #ffffff; color: #FD573D;\">&#xe603;<\/span><\/p>\n<div class=\"text\">\n<h5>Multi-plataforma<\/h5>\n<div>Compatible amb els sistemes operatius Windows, Linux, Mac i Android.<\/div>\n<\/div>\n<\/div>\n<div class=\"divider\"><\/div>\n<\/div>\n<div class=\"clear\"><\/div>\n<div class=\"one_third\">\n<div class=\"iconed-text clearfix\"><span class=\"icon\" style=\"border-color: #ffffff; background-color: #ffffff; color: #9CC9A0;\">&#xe6a1;<\/span><\/p>\n<div class=\"text\">\n<h5>Consola de gesti\u00f3<\/h5>\n<div>La supervisi\u00f3 i gesti\u00f3 de tots els agents d&#8217;antivirus es centralitza en una \u00fanica consola.<\/div>\n<\/div>\n<\/div>\n<\/div>\n<div class=\"one_third\">\n<div class=\"iconed-text clearfix\"><span class=\"icon\" style=\"border-color: #ffffff; background-color: #ffffff; color: #FD8C62;\">&#xe64a;<\/span><\/p>\n<div class=\"text\">\n<h5>Virtualitzaci\u00f3<\/h5>\n<div>Posibilitat d&#8217;instal\u00b7laci\u00f3 a nivell d&#8217;hipervisor, evitant instal\u00b7lar antivirus a cada servidor virtual.<\/div>\n<\/div>\n<\/div>\n<\/div>\n<div class=\"one_third last\">\n<div class=\"iconed-text clearfix\"><span class=\"icon\" style=\"border-color: #ffffff; background-color: #ffffff; color: #48AFDA;\">&#xe632;<\/span><\/p>\n<div class=\"text\">\n<h5>Soluci\u00f3 personalitzada<\/h5>\n<div>Els nostres experts trobaran la soluci\u00f3 global que millor s&#8217;adapti a les teves necessitats.<\/div>\n<\/div>\n<\/div>\n<\/div>\n<div class=\"clear\"><\/div>\n<\/div>\n<\/div>\n<div class=\"divider linebreak\">&nbsp;<\/div>\n<div class=\"divider linebreak\">&nbsp;<\/div>\n<h3><strong>Avantatges d&#8217;un antivirus empresarial:<\/strong><\/h3>\n<div class=\"one_half\">\n<div class=\"image wrap-box no-style below\" style=\"\">\n<div class=\"wrap-box-inner\"><img class=\"wrap-box-element\" style=\" \" src=\"https:\/\/www.sommatica.com\/wp-content\/uploads\/antivirus.jpg\" alt=\"\"\/><\/div>\n<\/div>\n<\/div>\n<div class=\"one_half last\">Els dispositius inform\u00e0tics d&#8217;una empresa estan exposats a certs riscos en estar connectats a Internet, podent comprometre la productivitat i informaci\u00f3 confidencial de la companyia. Per aix\u00f2, en SOMmatica ajudem a les empreses a implementar la soluci\u00f3 d&#8217;antivirus que millor s&#8217;adapti a les seves necessitats proporcionant els seg\u00fcents cinc avantatges:<\/p>\n<div class=\"list arrow\">\n<ul>\n<li><span style=\"color: #48afdb;\">Simplifica i centralitza la gesti\u00f3 en una \u00fanica consola.<\/span><\/li>\n<li><span style=\"color: #48afdb;\">Protegeix enfront de virus, malware, spyware, adware i phishing.<\/span><\/li>\n<li><span style=\"color: #48afdb;\">\u00c9s multi-dispositiu i multi-plataforma.<\/span><\/li>\n<li><span style=\"color: #48afdb;\">Permet escanejos tant programats com en temps real.<\/span><\/li>\n<li><span style=\"color: #48afdb;\">Evita l&#8217;espionatge industrial i la p\u00e8rdua o robatori d&#8217;informaci\u00f3.<\/span><\/li>\n<\/ul>\n<div class=\"divider linebreak\">&nbsp;<\/div>\n<\/div>\n<\/div>\n<div class=\"clear\"><\/div>\n<div class=\"divider linebreak\">&nbsp;<\/div>\n<div class=\"alert-box\">\n<div class=\"clearfix\">\n<div class=\"text\">\n<h2>Sol\u00b7licita pressupost sense comprom\u00eds<\/h2>\n<p>Confia en l\u2019experi\u00e8ncia i professionalitat de SOMmatica.<\/p><\/div>\n<div class=\"alert-button\"><a class=\"button\" href=\"https:\/\/www.sommatica.com\/ca\/contacte\/\">Contactar<\/a><\/div>\n<\/div>\n<\/div>\n","protected":false},"excerpt":{"rendered":"<p>Quines funcionalitats t\u00e9 la nostra soluci\u00f3? Avantatges d&#8217;un antivirus empresarial: Sol\u00b7licita pressupost sense comprom\u00eds Confia en l\u2019experi\u00e8ncia i professionalitat de&#8230;<\/p>\n","protected":false},"author":1,"featured_media":0,"parent":97,"menu_order":0,"comment_status":"closed","ping_status":"closed","template":"","meta":[],"yoast_head":"<!-- This site is optimized with the Yoast SEO plugin v18.3 - https:\/\/yoast.com\/wordpress\/plugins\/seo\/ -->\n<title>Antivirus empresarial - SOMmatica<\/title>\n<meta name=\"robots\" content=\"index, follow, max-snippet:-1, max-image-preview:large, max-video-preview:-1\" \/>\n<link rel=\"canonical\" href=\"https:\/\/www.sommatica.com\/ca\/seguretat\/antivirus-empresarial\/\" \/>\n<meta property=\"og:locale\" content=\"ca_ES\" \/>\n<meta property=\"og:type\" content=\"article\" \/>\n<meta property=\"og:title\" content=\"Antivirus empresarial - SOMmatica\" \/>\n<meta property=\"og:description\" content=\"Quines funcionalitats t\u00e9 la nostra soluci\u00f3? Avantatges d&#8217;un antivirus empresarial: Sol\u00b7licita pressupost sense comprom\u00eds Confia en l\u2019experi\u00e8ncia i professionalitat de...\" \/>\n<meta property=\"og:url\" content=\"https:\/\/www.sommatica.com\/ca\/seguretat\/antivirus-empresarial\/\" \/>\n<meta property=\"og:site_name\" content=\"SOMmatica\" \/>\n<meta property=\"article:modified_time\" content=\"2019-12-28T18:16:23+00:00\" \/>\n<meta name=\"twitter:card\" content=\"summary_large_image\" \/>\n<meta name=\"twitter:site\" content=\"@sommatica_com\" \/>\n<meta name=\"twitter:label1\" content=\"Temps estimat de lectura\" \/>\n\t<meta name=\"twitter:data1\" content=\"2 minuts\" \/>\n<script type=\"application\/ld+json\" class=\"yoast-schema-graph\">{\"@context\":\"https:\/\/schema.org\",\"@graph\":[{\"@type\":\"Organization\",\"@id\":\"https:\/\/www.sommatica.com\/#organization\",\"name\":\"SOMmatica\",\"url\":\"https:\/\/www.sommatica.com\/\",\"sameAs\":[\"https:\/\/www.linkedin.com\/in\/sommatica\/\",\"https:\/\/twitter.com\/sommatica_com\"],\"logo\":{\"@type\":\"ImageObject\",\"@id\":\"https:\/\/www.sommatica.com\/#logo\",\"inLanguage\":\"ca\",\"url\":\"https:\/\/www.sommatica.com\/wp-content\/uploads\/logo.png\",\"contentUrl\":\"https:\/\/www.sommatica.com\/wp-content\/uploads\/logo.png\",\"width\":242,\"height\":52,\"caption\":\"SOMmatica\"},\"image\":{\"@id\":\"https:\/\/www.sommatica.com\/#logo\"}},{\"@type\":\"WebSite\",\"@id\":\"https:\/\/www.sommatica.com\/#website\",\"url\":\"https:\/\/www.sommatica.com\/\",\"name\":\"SOMmatica\",\"description\":\"Soluciones IT para PYMES\",\"publisher\":{\"@id\":\"https:\/\/www.sommatica.com\/#organization\"},\"potentialAction\":[{\"@type\":\"SearchAction\",\"target\":{\"@type\":\"EntryPoint\",\"urlTemplate\":\"https:\/\/www.sommatica.com\/?s={search_term_string}\"},\"query-input\":\"required name=search_term_string\"}],\"inLanguage\":\"ca\"},{\"@type\":\"WebPage\",\"@id\":\"https:\/\/www.sommatica.com\/ca\/seguretat\/antivirus-empresarial\/#webpage\",\"url\":\"https:\/\/www.sommatica.com\/ca\/seguretat\/antivirus-empresarial\/\",\"name\":\"Antivirus empresarial - SOMmatica\",\"isPartOf\":{\"@id\":\"https:\/\/www.sommatica.com\/#website\"},\"datePublished\":\"2019-06-26T09:48:21+00:00\",\"dateModified\":\"2019-12-28T18:16:23+00:00\",\"breadcrumb\":{\"@id\":\"https:\/\/www.sommatica.com\/ca\/seguretat\/antivirus-empresarial\/#breadcrumb\"},\"inLanguage\":\"ca\",\"potentialAction\":[{\"@type\":\"ReadAction\",\"target\":[\"https:\/\/www.sommatica.com\/ca\/seguretat\/antivirus-empresarial\/\"]}]},{\"@type\":\"BreadcrumbList\",\"@id\":\"https:\/\/www.sommatica.com\/ca\/seguretat\/antivirus-empresarial\/#breadcrumb\",\"itemListElement\":[{\"@type\":\"ListItem\",\"position\":1,\"name\":\"Portada\",\"item\":\"https:\/\/www.sommatica.com\/ca\/\"},{\"@type\":\"ListItem\",\"position\":2,\"name\":\"Seguretat\",\"item\":\"https:\/\/www.sommatica.com\/ca\/seguretat\/\"},{\"@type\":\"ListItem\",\"position\":3,\"name\":\"Antivirus empresarial\"}]}]}<\/script>\n<!-- \/ Yoast SEO plugin. -->","yoast_head_json":{"title":"Antivirus empresarial - SOMmatica","robots":{"index":"index","follow":"follow","max-snippet":"max-snippet:-1","max-image-preview":"max-image-preview:large","max-video-preview":"max-video-preview:-1"},"canonical":"https:\/\/www.sommatica.com\/ca\/seguretat\/antivirus-empresarial\/","og_locale":"ca_ES","og_type":"article","og_title":"Antivirus empresarial - SOMmatica","og_description":"Quines funcionalitats t\u00e9 la nostra soluci\u00f3? Avantatges d&#8217;un antivirus empresarial: Sol\u00b7licita pressupost sense comprom\u00eds Confia en l\u2019experi\u00e8ncia i professionalitat de...","og_url":"https:\/\/www.sommatica.com\/ca\/seguretat\/antivirus-empresarial\/","og_site_name":"SOMmatica","article_modified_time":"2019-12-28T18:16:23+00:00","twitter_card":"summary_large_image","twitter_site":"@sommatica_com","twitter_misc":{"Temps estimat de lectura":"2 minuts"},"schema":{"@context":"https:\/\/schema.org","@graph":[{"@type":"Organization","@id":"https:\/\/www.sommatica.com\/#organization","name":"SOMmatica","url":"https:\/\/www.sommatica.com\/","sameAs":["https:\/\/www.linkedin.com\/in\/sommatica\/","https:\/\/twitter.com\/sommatica_com"],"logo":{"@type":"ImageObject","@id":"https:\/\/www.sommatica.com\/#logo","inLanguage":"ca","url":"https:\/\/www.sommatica.com\/wp-content\/uploads\/logo.png","contentUrl":"https:\/\/www.sommatica.com\/wp-content\/uploads\/logo.png","width":242,"height":52,"caption":"SOMmatica"},"image":{"@id":"https:\/\/www.sommatica.com\/#logo"}},{"@type":"WebSite","@id":"https:\/\/www.sommatica.com\/#website","url":"https:\/\/www.sommatica.com\/","name":"SOMmatica","description":"Soluciones IT para PYMES","publisher":{"@id":"https:\/\/www.sommatica.com\/#organization"},"potentialAction":[{"@type":"SearchAction","target":{"@type":"EntryPoint","urlTemplate":"https:\/\/www.sommatica.com\/?s={search_term_string}"},"query-input":"required name=search_term_string"}],"inLanguage":"ca"},{"@type":"WebPage","@id":"https:\/\/www.sommatica.com\/ca\/seguretat\/antivirus-empresarial\/#webpage","url":"https:\/\/www.sommatica.com\/ca\/seguretat\/antivirus-empresarial\/","name":"Antivirus empresarial - SOMmatica","isPartOf":{"@id":"https:\/\/www.sommatica.com\/#website"},"datePublished":"2019-06-26T09:48:21+00:00","dateModified":"2019-12-28T18:16:23+00:00","breadcrumb":{"@id":"https:\/\/www.sommatica.com\/ca\/seguretat\/antivirus-empresarial\/#breadcrumb"},"inLanguage":"ca","potentialAction":[{"@type":"ReadAction","target":["https:\/\/www.sommatica.com\/ca\/seguretat\/antivirus-empresarial\/"]}]},{"@type":"BreadcrumbList","@id":"https:\/\/www.sommatica.com\/ca\/seguretat\/antivirus-empresarial\/#breadcrumb","itemListElement":[{"@type":"ListItem","position":1,"name":"Portada","item":"https:\/\/www.sommatica.com\/ca\/"},{"@type":"ListItem","position":2,"name":"Seguretat","item":"https:\/\/www.sommatica.com\/ca\/seguretat\/"},{"@type":"ListItem","position":3,"name":"Antivirus empresarial"}]}]}},"_links":{"self":[{"href":"https:\/\/www.sommatica.com\/ca\/wp-json\/wp\/v2\/pages\/98"}],"collection":[{"href":"https:\/\/www.sommatica.com\/ca\/wp-json\/wp\/v2\/pages"}],"about":[{"href":"https:\/\/www.sommatica.com\/ca\/wp-json\/wp\/v2\/types\/page"}],"author":[{"embeddable":true,"href":"https:\/\/www.sommatica.com\/ca\/wp-json\/wp\/v2\/users\/1"}],"replies":[{"embeddable":true,"href":"https:\/\/www.sommatica.com\/ca\/wp-json\/wp\/v2\/comments?post=98"}],"version-history":[{"count":21,"href":"https:\/\/www.sommatica.com\/ca\/wp-json\/wp\/v2\/pages\/98\/revisions"}],"predecessor-version":[{"id":2131,"href":"https:\/\/www.sommatica.com\/ca\/wp-json\/wp\/v2\/pages\/98\/revisions\/2131"}],"up":[{"embeddable":true,"href":"https:\/\/www.sommatica.com\/ca\/wp-json\/wp\/v2\/pages\/97"}],"wp:attachment":[{"href":"https:\/\/www.sommatica.com\/ca\/wp-json\/wp\/v2\/media?parent=98"}],"curies":[{"name":"wp","href":"https:\/\/api.w.org\/{rel}","templated":true}]}}