{"id":94,"date":"2019-06-26T11:47:53","date_gmt":"2019-06-26T09:47:53","guid":{"rendered":"http:\/\/www.sommatica.com\/mobilitat-empresarial\/escriptoris-virtuals\/"},"modified":"2019-12-23T21:41:23","modified_gmt":"2019-12-23T20:41:23","slug":"escriptoris-virtuals","status":"publish","type":"page","link":"https:\/\/www.sommatica.com\/ca\/mobilitat-empresarial\/escriptoris-virtuals\/","title":{"rendered":"Escriptoris virtuals"},"content":{"rendered":"<h3 class=\"section-title\"><strong>Qu\u00e8 inclou la nostra soluci\u00f3?<\/strong><\/h3>\n<div class=\"text_box\" style=\"border: none; \">\n<div class=\"text clearfix\" style=\"\">\n<div class=\"one_third\">\n<div class=\"iconed-text clearfix\"><span class=\"icon\" style=\"border-color: #ffffff; background-color: #ffffff; color: #598BAC;\">&#xe607;<\/span><\/p>\n<div class=\"text\">\n<h5>Plataforma<\/h5>\n<div>Infraestructura d&#8217;escriptoris virtuals (VDI) mantinguda per SOMmatica.<\/div>\n<\/div>\n<\/div>\n<div class=\"divider\"><\/div>\n<\/div>\n<div class=\"one_third\">\n<div class=\"iconed-text clearfix\"><span class=\"icon\" style=\"border-color: #ffffff; background-color: #ffffff; color: #BEE17B;\">&#xe62b;<\/span><\/p>\n<div class=\"text\">\n<h5>Consola de gesti\u00f3<\/h5>\n<div>Permet simplificar l&#8217;administraci\u00f3 del parc inform\u00e0tic.<\/div>\n<\/div>\n<\/div>\n<div class=\"divider\"><\/div>\n<\/div>\n<div class=\"one_third last\">\n<div class=\"iconed-text clearfix\"><span class=\"icon\" style=\"border-color: #ffffff; background-color: #ffffff; color: #FD573D;\">&#xe603;<\/span><\/p>\n<div class=\"text\">\n<h5>Sistemes operatius<\/h5>\n<div>Compatible amb la majoria de versions de Windows i Linux.<\/div>\n<\/div>\n<\/div>\n<div class=\"divider\"><\/div>\n<\/div>\n<div class=\"clear\"><\/div>\n<div class=\"one_third\">\n<div class=\"iconed-text clearfix\"><span class=\"icon\" style=\"border-color: #ffffff; background-color: #ffffff; color: #9CC9A0;\">&#xe6a1;<\/span><\/p>\n<div class=\"text\">\n<h5>Acc\u00e9s segur<\/h5>\n<div>Intraestructura protegida per firewall i acc\u00e9s xifrat mitjan\u00e7ant SSL.<\/div>\n<\/div>\n<\/div>\n<\/div>\n<div class=\"one_third\">\n<div class=\"iconed-text clearfix\"><span class=\"icon\" style=\"border-color: #ffffff; background-color: #ffffff; color: #FD8C62;\">&#xe64a;<\/span><\/p>\n<div class=\"text\">\n<h5>Antivirus<\/h5>\n<div>Escriptoris securitzats per antivirus i antimalware individuals.<\/div>\n<\/div>\n<\/div>\n<\/div>\n<div class=\"one_third last\">\n<div class=\"iconed-text clearfix\"><span class=\"icon\" style=\"border-color: #ffffff; background-color: #ffffff; color: #48AFDA;\">&#xe632;<\/span><\/p>\n<div class=\"text\">\n<h5>Backup diari<\/h5>\n<div>C\u00f2pies de seguretat di\u00e0ries de tota la infraestructura VDI.<\/div>\n<\/div>\n<\/div>\n<\/div>\n<div class=\"clear\"><\/div>\n<\/div>\n<\/div>\n<div class=\"divider linebreak\">&nbsp;<\/div>\n<div class=\"divider linebreak\">&nbsp;<\/div>\n<h3><strong>Avantatges dels escriptoris virtuals:<\/strong><\/h3>\n<div class=\"one_half\">\n<div class=\"image wrap-box no-style below\" style=\"\">\n<div class=\"wrap-box-inner\"><img class=\"wrap-box-element\" style=\" \" src=\"https:\/\/www.sommatica.com\/wp-content\/uploads\/escritorios-virtuales.jpg\" alt=\"\"\/><\/div>\n<\/div>\n<\/div>\n<div class=\"one_half last\">Actualment la mobilitat empresarial \u00e9s una realitat, aix\u00ed que resulta necessari que els empleats puguin treballar remotament de forma senzilla i segura. Per aix\u00f2, en SOMmatica ajudem a les empreses a implementar la soluci\u00f3 d&#8217;escriptoris virtuals que millor s&#8217;adapti a les seves necessitats proporcionant els seg\u00fcents avantatges:<\/p>\n<div class=\"list arrow\">\n<ul>\n<li><span style=\"color: #48afdb;\">Redueix els costos associats en simplificar la gesti\u00f3.<\/span><\/li>\n<li><span style=\"color: #48afdb;\">Pagaments per quota mensual, sense inversions inicials.<\/span><\/li>\n<li><span style=\"color: #48afdb;\">Potencia la mobilitat empresarial de forma segura.<\/span><\/li>\n<li><span style=\"color: #48afdb;\">Permet ampliar els recursos sense necessitat de migrar.<\/span><\/li>\n<li><span style=\"color: #48afdb;\">Redueix el risc de p\u00e8rdua de dades.<\/span><\/li>\n<li><span style=\"color: #48afdb;\">\u00c9s multi-dispositiu i multi-plataforma.<\/span><\/li>\n<\/ul>\n<div class=\"divider linebreak\">&nbsp;<\/div>\n<\/div>\n<\/div>\n<div class=\"clear\"><\/div>\n<div class=\"divider linebreak\">&nbsp;<\/div>\n<div class=\"alert-box\">\n<div class=\"clearfix\">\n<div class=\"text\">\n<h2>Sol\u00b7licita pressupost sense comprom\u00eds<\/h2>\n<p>Confia en l\u2019experi\u00e8ncia i professionalitat de SOMmatica.<\/p><\/div>\n<div class=\"alert-button\"><a class=\"button\" href=\"https:\/\/www.sommatica.com\/ca\/contacte\/\">Contactar<\/a><\/div>\n<\/div>\n<\/div>\n","protected":false},"excerpt":{"rendered":"<p>Qu\u00e8 inclou la nostra soluci\u00f3? Avantatges dels escriptoris virtuals: Sol\u00b7licita pressupost sense comprom\u00eds Confia en l\u2019experi\u00e8ncia i professionalitat de SOMmatica&#8230;.<\/p>\n","protected":false},"author":1,"featured_media":0,"parent":1335,"menu_order":0,"comment_status":"closed","ping_status":"closed","template":"","meta":[],"yoast_head":"<!-- This site is optimized with the Yoast SEO plugin v18.3 - https:\/\/yoast.com\/wordpress\/plugins\/seo\/ -->\n<title>Escriptoris virtuals - SOMmatica<\/title>\n<meta name=\"robots\" content=\"index, follow, max-snippet:-1, max-image-preview:large, max-video-preview:-1\" \/>\n<link rel=\"canonical\" href=\"https:\/\/www.sommatica.com\/ca\/mobilitat-empresarial\/escriptoris-virtuals\/\" \/>\n<meta property=\"og:locale\" content=\"ca_ES\" \/>\n<meta property=\"og:type\" content=\"article\" \/>\n<meta property=\"og:title\" content=\"Escriptoris virtuals - SOMmatica\" \/>\n<meta property=\"og:description\" content=\"Qu\u00e8 inclou la nostra soluci\u00f3? Avantatges dels escriptoris virtuals: Sol\u00b7licita pressupost sense comprom\u00eds Confia en l\u2019experi\u00e8ncia i professionalitat de SOMmatica....\" \/>\n<meta property=\"og:url\" content=\"https:\/\/www.sommatica.com\/ca\/mobilitat-empresarial\/escriptoris-virtuals\/\" \/>\n<meta property=\"og:site_name\" content=\"SOMmatica\" \/>\n<meta property=\"article:modified_time\" content=\"2019-12-23T20:41:23+00:00\" \/>\n<meta name=\"twitter:card\" content=\"summary_large_image\" \/>\n<meta name=\"twitter:site\" content=\"@sommatica_com\" \/>\n<meta name=\"twitter:label1\" content=\"Temps estimat de lectura\" \/>\n\t<meta name=\"twitter:data1\" content=\"2 minuts\" \/>\n<script type=\"application\/ld+json\" class=\"yoast-schema-graph\">{\"@context\":\"https:\/\/schema.org\",\"@graph\":[{\"@type\":\"Organization\",\"@id\":\"https:\/\/www.sommatica.com\/#organization\",\"name\":\"SOMmatica\",\"url\":\"https:\/\/www.sommatica.com\/\",\"sameAs\":[\"https:\/\/www.linkedin.com\/in\/sommatica\/\",\"https:\/\/twitter.com\/sommatica_com\"],\"logo\":{\"@type\":\"ImageObject\",\"@id\":\"https:\/\/www.sommatica.com\/#logo\",\"inLanguage\":\"ca\",\"url\":\"https:\/\/www.sommatica.com\/wp-content\/uploads\/logo.png\",\"contentUrl\":\"https:\/\/www.sommatica.com\/wp-content\/uploads\/logo.png\",\"width\":242,\"height\":52,\"caption\":\"SOMmatica\"},\"image\":{\"@id\":\"https:\/\/www.sommatica.com\/#logo\"}},{\"@type\":\"WebSite\",\"@id\":\"https:\/\/www.sommatica.com\/#website\",\"url\":\"https:\/\/www.sommatica.com\/\",\"name\":\"SOMmatica\",\"description\":\"Soluciones IT para PYMES\",\"publisher\":{\"@id\":\"https:\/\/www.sommatica.com\/#organization\"},\"potentialAction\":[{\"@type\":\"SearchAction\",\"target\":{\"@type\":\"EntryPoint\",\"urlTemplate\":\"https:\/\/www.sommatica.com\/?s={search_term_string}\"},\"query-input\":\"required name=search_term_string\"}],\"inLanguage\":\"ca\"},{\"@type\":\"WebPage\",\"@id\":\"https:\/\/www.sommatica.com\/ca\/mobilitat-empresarial\/escriptoris-virtuals\/#webpage\",\"url\":\"https:\/\/www.sommatica.com\/ca\/mobilitat-empresarial\/escriptoris-virtuals\/\",\"name\":\"Escriptoris virtuals - SOMmatica\",\"isPartOf\":{\"@id\":\"https:\/\/www.sommatica.com\/#website\"},\"datePublished\":\"2019-06-26T09:47:53+00:00\",\"dateModified\":\"2019-12-23T20:41:23+00:00\",\"breadcrumb\":{\"@id\":\"https:\/\/www.sommatica.com\/ca\/mobilitat-empresarial\/escriptoris-virtuals\/#breadcrumb\"},\"inLanguage\":\"ca\",\"potentialAction\":[{\"@type\":\"ReadAction\",\"target\":[\"https:\/\/www.sommatica.com\/ca\/mobilitat-empresarial\/escriptoris-virtuals\/\"]}]},{\"@type\":\"BreadcrumbList\",\"@id\":\"https:\/\/www.sommatica.com\/ca\/mobilitat-empresarial\/escriptoris-virtuals\/#breadcrumb\",\"itemListElement\":[{\"@type\":\"ListItem\",\"position\":1,\"name\":\"Portada\",\"item\":\"https:\/\/www.sommatica.com\/ca\/\"},{\"@type\":\"ListItem\",\"position\":2,\"name\":\"Mobilitat empresarial\",\"item\":\"https:\/\/www.sommatica.com\/ca\/mobilitat-empresarial\/\"},{\"@type\":\"ListItem\",\"position\":3,\"name\":\"Escriptoris virtuals\"}]}]}<\/script>\n<!-- \/ Yoast SEO plugin. -->","yoast_head_json":{"title":"Escriptoris virtuals - SOMmatica","robots":{"index":"index","follow":"follow","max-snippet":"max-snippet:-1","max-image-preview":"max-image-preview:large","max-video-preview":"max-video-preview:-1"},"canonical":"https:\/\/www.sommatica.com\/ca\/mobilitat-empresarial\/escriptoris-virtuals\/","og_locale":"ca_ES","og_type":"article","og_title":"Escriptoris virtuals - SOMmatica","og_description":"Qu\u00e8 inclou la nostra soluci\u00f3? Avantatges dels escriptoris virtuals: Sol\u00b7licita pressupost sense comprom\u00eds Confia en l\u2019experi\u00e8ncia i professionalitat de SOMmatica....","og_url":"https:\/\/www.sommatica.com\/ca\/mobilitat-empresarial\/escriptoris-virtuals\/","og_site_name":"SOMmatica","article_modified_time":"2019-12-23T20:41:23+00:00","twitter_card":"summary_large_image","twitter_site":"@sommatica_com","twitter_misc":{"Temps estimat de lectura":"2 minuts"},"schema":{"@context":"https:\/\/schema.org","@graph":[{"@type":"Organization","@id":"https:\/\/www.sommatica.com\/#organization","name":"SOMmatica","url":"https:\/\/www.sommatica.com\/","sameAs":["https:\/\/www.linkedin.com\/in\/sommatica\/","https:\/\/twitter.com\/sommatica_com"],"logo":{"@type":"ImageObject","@id":"https:\/\/www.sommatica.com\/#logo","inLanguage":"ca","url":"https:\/\/www.sommatica.com\/wp-content\/uploads\/logo.png","contentUrl":"https:\/\/www.sommatica.com\/wp-content\/uploads\/logo.png","width":242,"height":52,"caption":"SOMmatica"},"image":{"@id":"https:\/\/www.sommatica.com\/#logo"}},{"@type":"WebSite","@id":"https:\/\/www.sommatica.com\/#website","url":"https:\/\/www.sommatica.com\/","name":"SOMmatica","description":"Soluciones IT para PYMES","publisher":{"@id":"https:\/\/www.sommatica.com\/#organization"},"potentialAction":[{"@type":"SearchAction","target":{"@type":"EntryPoint","urlTemplate":"https:\/\/www.sommatica.com\/?s={search_term_string}"},"query-input":"required name=search_term_string"}],"inLanguage":"ca"},{"@type":"WebPage","@id":"https:\/\/www.sommatica.com\/ca\/mobilitat-empresarial\/escriptoris-virtuals\/#webpage","url":"https:\/\/www.sommatica.com\/ca\/mobilitat-empresarial\/escriptoris-virtuals\/","name":"Escriptoris virtuals - SOMmatica","isPartOf":{"@id":"https:\/\/www.sommatica.com\/#website"},"datePublished":"2019-06-26T09:47:53+00:00","dateModified":"2019-12-23T20:41:23+00:00","breadcrumb":{"@id":"https:\/\/www.sommatica.com\/ca\/mobilitat-empresarial\/escriptoris-virtuals\/#breadcrumb"},"inLanguage":"ca","potentialAction":[{"@type":"ReadAction","target":["https:\/\/www.sommatica.com\/ca\/mobilitat-empresarial\/escriptoris-virtuals\/"]}]},{"@type":"BreadcrumbList","@id":"https:\/\/www.sommatica.com\/ca\/mobilitat-empresarial\/escriptoris-virtuals\/#breadcrumb","itemListElement":[{"@type":"ListItem","position":1,"name":"Portada","item":"https:\/\/www.sommatica.com\/ca\/"},{"@type":"ListItem","position":2,"name":"Mobilitat empresarial","item":"https:\/\/www.sommatica.com\/ca\/mobilitat-empresarial\/"},{"@type":"ListItem","position":3,"name":"Escriptoris virtuals"}]}]}},"_links":{"self":[{"href":"https:\/\/www.sommatica.com\/ca\/wp-json\/wp\/v2\/pages\/94"}],"collection":[{"href":"https:\/\/www.sommatica.com\/ca\/wp-json\/wp\/v2\/pages"}],"about":[{"href":"https:\/\/www.sommatica.com\/ca\/wp-json\/wp\/v2\/types\/page"}],"author":[{"embeddable":true,"href":"https:\/\/www.sommatica.com\/ca\/wp-json\/wp\/v2\/users\/1"}],"replies":[{"embeddable":true,"href":"https:\/\/www.sommatica.com\/ca\/wp-json\/wp\/v2\/comments?post=94"}],"version-history":[{"count":7,"href":"https:\/\/www.sommatica.com\/ca\/wp-json\/wp\/v2\/pages\/94\/revisions"}],"predecessor-version":[{"id":1959,"href":"https:\/\/www.sommatica.com\/ca\/wp-json\/wp\/v2\/pages\/94\/revisions\/1959"}],"up":[{"embeddable":true,"href":"https:\/\/www.sommatica.com\/ca\/wp-json\/wp\/v2\/pages\/1335"}],"wp:attachment":[{"href":"https:\/\/www.sommatica.com\/ca\/wp-json\/wp\/v2\/media?parent=94"}],"curies":[{"name":"wp","href":"https:\/\/api.w.org\/{rel}","templated":true}]}}