{"id":2353,"date":"2020-04-18T21:29:28","date_gmt":"2020-04-18T19:29:28","guid":{"rendered":"https:\/\/www.sommatica.com\/mobilitat-empresarial\/videoconferencia\/"},"modified":"2020-04-20T10:57:16","modified_gmt":"2020-04-20T08:57:16","slug":"videoconferencia","status":"publish","type":"page","link":"https:\/\/www.sommatica.com\/ca\/mobilitat-empresarial\/videoconferencia\/","title":{"rendered":"Videoconfer\u00e8ncia"},"content":{"rendered":"<h3 class=\"section-title\"><strong>Quines funcionalitats t\u00e9 la nostra soluci\u00f3?<\/strong><\/h3>\n<div class=\"text_box\" style=\"border: none; \">\n<div class=\"text clearfix\" style=\"\">\n<div class=\"one_third\">\n<div class=\"iconed-text clearfix\"><span class=\"icon\" style=\"border-color: #ffffff; background-color: #ffffff; color: #598BAC;\">&#xe656;<\/span><\/p>\n<div class=\"text\">\n<h5>Videconfer\u00e8ncia<\/h5>\n<div>Amb v\u00eddeo i so optimitzats i d&#8217;alta definici\u00f3.<\/div>\n<\/div>\n<\/div>\n<div class=\"divider\"><\/div>\n<\/div>\n<div class=\"one_third\">\n<div class=\"iconed-text clearfix\"><span class=\"icon\" style=\"border-color: #ffffff; background-color: #ffffff; color: #BEE17B;\">&#xe62e;<\/span><\/p>\n<div class=\"text\">\n<h5>Xat integrat<\/h5>\n<div>Per conversar o compartir enlla\u00e7os web, rutes a fitxers, etc.<\/div>\n<\/div>\n<\/div>\n<div class=\"divider\"><\/div>\n<\/div>\n<div class=\"one_third last\">\n<div class=\"iconed-text clearfix\"><span class=\"icon\" style=\"border-color: #ffffff; background-color: #ffffff; color: #FD573D;\">&#xe650;<\/span><\/p>\n<div class=\"text\">\n<h5>Control de torns<\/h5>\n<div>Ajuda a repartir els torns de paraula entre els participants.<\/div>\n<\/div>\n<\/div>\n<div class=\"divider\"><\/div>\n<\/div>\n<div class=\"clear\"><\/div>\n<div class=\"one_third\">\n<div class=\"iconed-text clearfix\"><span class=\"icon\" style=\"border-color: #ffffff; background-color: #ffffff; color: #9CC9A0;\">&#xe6a1;<\/span><\/p>\n<div class=\"text\">\n<h5>Escriptori compartit<\/h5>\n<div>Molt \u00fatil per a presentacions o formacions.<\/div>\n<\/div>\n<\/div>\n<\/div>\n<div class=\"one_third\">\n<div class=\"iconed-text clearfix\"><span class=\"icon\" style=\"border-color: #ffffff; background-color: #ffffff; color: #FD8C62;\">&#xe64d;<\/span><\/p>\n<div class=\"text\">\n<h5>Sales privades<\/h5>\n<div>Amb acc\u00e9s restringit mitjan\u00e7ant contrasenya.<\/div>\n<\/div>\n<\/div>\n<\/div>\n<div class=\"one_third last\">\n<div class=\"iconed-text clearfix\"><span class=\"icon\" style=\"border-color: #ffffff; background-color: #ffffff; color: #48AFDA;\">&#xe6ad;<\/span><\/p>\n<div class=\"text\">\n<h5>Gesti\u00f3 d&#8217;usuaris<\/h5>\n<div>Control d&#8217;altes i baixes d&#8217;usuaris autoritzats.<\/div>\n<\/div>\n<\/div>\n<\/div>\n<div class=\"clear\"><\/div>\n<\/div>\n<\/div>\n<div class=\"divider linebreak\">&nbsp;<\/div>\n<div class=\"divider linebreak\">&nbsp;<\/div>\n<h3><strong>Avantatges d&#8217;una soluci\u00f3 de videoconfer\u00e8ncia:<\/strong><\/h3>\n<div class=\"one_half\">\n<div class=\"image wrap-box no-style below\" style=\"\">\n<div class=\"wrap-box-inner\"><img class=\"wrap-box-element\" style=\" \" src=\"https:\/\/www.sommatica.com\/wp-content\/uploads\/videoconferencia.png\" alt=\"\"\/><\/div>\n<\/div>\n<\/div>\n<div class=\"one_half last\">Actualment resulta necessari disposar d&#8217;una eina que permeti realitzar reunions, formacions o presentacions a dist\u00e0ncia d&#8217;una forma segura. Per aix\u00f2, en SOMmatica ajudem a les empreses a implementar una soluci\u00f3 empresarial de videoconfer\u00e8ncia adaptada a les seves necessitats, proporcionant els seg\u00fcents avantatges:<\/p>\n<div class=\"list arrow\">\n<ul>\n<li><span style=\"color: #48afdb;\">Pagaments per quota mensual, sense inversions inicials.<\/span><\/li>\n<li><span style=\"color: #48afdb;\">Potencia el treball i\/o la formaci\u00f3 a dist\u00e0ncia.<\/span><\/li>\n<li><span style=\"color: #48afdb;\">Servidor dedicat que ofereix m\u00e9s seguretat i rendiment.<\/span><\/li>\n<li><span style=\"color: #48afdb;\">Accessible via web des de PC i via aplicaci\u00f3 des de m\u00f2bil.<\/span><\/li>\n<li><span style=\"color: #48afdb;\">Permet sales tant p\u00fabliques com privades amb contrasenya.<\/span><\/li>\n<\/ul>\n<div class=\"divider linebreak\">&nbsp;<\/div>\n<\/div>\n<\/div>\n<div class=\"clear\"><\/div>\n<div class=\"divider linebreak\">&nbsp;<\/div>\n<div class=\"alert-box\">\n<div class=\"clearfix\">\n<div class=\"text\">\n<h2>Sol\u00b7licita pressupost sense comprom\u00eds<\/h2>\n<p>Confia en l\u2019experi\u00e8ncia i professionalitat de SOMmatica.<\/p>\n<\/div>\n<div class=\"alert-button\"><a class=\"button\" href=\"https:\/\/www.sommatica.com\/ca\/contacte\/\">Contactar<\/a><\/div>\n<\/div>\n<\/div>\n","protected":false},"excerpt":{"rendered":"<p>Quines funcionalitats t\u00e9 la nostra soluci\u00f3? Avantatges d&#8217;una soluci\u00f3 de videoconfer\u00e8ncia: Sol\u00b7licita pressupost sense comprom\u00eds Confia en l\u2019experi\u00e8ncia i professionalitat&#8230;<\/p>\n","protected":false},"author":1,"featured_media":0,"parent":1335,"menu_order":0,"comment_status":"closed","ping_status":"closed","template":"","meta":[],"yoast_head":"<!-- This site is optimized with the Yoast SEO plugin v18.3 - https:\/\/yoast.com\/wordpress\/plugins\/seo\/ -->\n<title>Videoconfer\u00e8ncia - SOMmatica<\/title>\n<meta name=\"robots\" content=\"index, follow, max-snippet:-1, max-image-preview:large, max-video-preview:-1\" \/>\n<link rel=\"canonical\" href=\"https:\/\/www.sommatica.com\/ca\/mobilitat-empresarial\/videoconferencia\/\" \/>\n<meta property=\"og:locale\" content=\"ca_ES\" \/>\n<meta property=\"og:type\" content=\"article\" \/>\n<meta property=\"og:title\" content=\"Videoconfer\u00e8ncia - SOMmatica\" \/>\n<meta property=\"og:description\" content=\"Quines funcionalitats t\u00e9 la nostra soluci\u00f3? Avantatges d&#8217;una soluci\u00f3 de videoconfer\u00e8ncia: Sol\u00b7licita pressupost sense comprom\u00eds Confia en l\u2019experi\u00e8ncia i professionalitat...\" \/>\n<meta property=\"og:url\" content=\"https:\/\/www.sommatica.com\/ca\/mobilitat-empresarial\/videoconferencia\/\" \/>\n<meta property=\"og:site_name\" content=\"SOMmatica\" \/>\n<meta property=\"article:modified_time\" content=\"2020-04-20T08:57:16+00:00\" \/>\n<meta name=\"twitter:card\" content=\"summary_large_image\" \/>\n<meta name=\"twitter:site\" content=\"@sommatica_com\" \/>\n<meta name=\"twitter:label1\" content=\"Temps estimat de lectura\" \/>\n\t<meta name=\"twitter:data1\" content=\"2 minuts\" \/>\n<script type=\"application\/ld+json\" class=\"yoast-schema-graph\">{\"@context\":\"https:\/\/schema.org\",\"@graph\":[{\"@type\":\"Organization\",\"@id\":\"https:\/\/www.sommatica.com\/#organization\",\"name\":\"SOMmatica\",\"url\":\"https:\/\/www.sommatica.com\/\",\"sameAs\":[\"https:\/\/www.linkedin.com\/in\/sommatica\/\",\"https:\/\/twitter.com\/sommatica_com\"],\"logo\":{\"@type\":\"ImageObject\",\"@id\":\"https:\/\/www.sommatica.com\/#logo\",\"inLanguage\":\"ca\",\"url\":\"https:\/\/www.sommatica.com\/wp-content\/uploads\/logo.png\",\"contentUrl\":\"https:\/\/www.sommatica.com\/wp-content\/uploads\/logo.png\",\"width\":242,\"height\":52,\"caption\":\"SOMmatica\"},\"image\":{\"@id\":\"https:\/\/www.sommatica.com\/#logo\"}},{\"@type\":\"WebSite\",\"@id\":\"https:\/\/www.sommatica.com\/#website\",\"url\":\"https:\/\/www.sommatica.com\/\",\"name\":\"SOMmatica\",\"description\":\"Soluciones IT para PYMES\",\"publisher\":{\"@id\":\"https:\/\/www.sommatica.com\/#organization\"},\"potentialAction\":[{\"@type\":\"SearchAction\",\"target\":{\"@type\":\"EntryPoint\",\"urlTemplate\":\"https:\/\/www.sommatica.com\/?s={search_term_string}\"},\"query-input\":\"required name=search_term_string\"}],\"inLanguage\":\"ca\"},{\"@type\":\"WebPage\",\"@id\":\"https:\/\/www.sommatica.com\/ca\/mobilitat-empresarial\/videoconferencia\/#webpage\",\"url\":\"https:\/\/www.sommatica.com\/ca\/mobilitat-empresarial\/videoconferencia\/\",\"name\":\"Videoconfer\u00e8ncia - SOMmatica\",\"isPartOf\":{\"@id\":\"https:\/\/www.sommatica.com\/#website\"},\"datePublished\":\"2020-04-18T19:29:28+00:00\",\"dateModified\":\"2020-04-20T08:57:16+00:00\",\"breadcrumb\":{\"@id\":\"https:\/\/www.sommatica.com\/ca\/mobilitat-empresarial\/videoconferencia\/#breadcrumb\"},\"inLanguage\":\"ca\",\"potentialAction\":[{\"@type\":\"ReadAction\",\"target\":[\"https:\/\/www.sommatica.com\/ca\/mobilitat-empresarial\/videoconferencia\/\"]}]},{\"@type\":\"BreadcrumbList\",\"@id\":\"https:\/\/www.sommatica.com\/ca\/mobilitat-empresarial\/videoconferencia\/#breadcrumb\",\"itemListElement\":[{\"@type\":\"ListItem\",\"position\":1,\"name\":\"Portada\",\"item\":\"https:\/\/www.sommatica.com\/ca\/\"},{\"@type\":\"ListItem\",\"position\":2,\"name\":\"Mobilitat empresarial\",\"item\":\"https:\/\/www.sommatica.com\/ca\/mobilitat-empresarial\/\"},{\"@type\":\"ListItem\",\"position\":3,\"name\":\"Videoconfer\u00e8ncia\"}]}]}<\/script>\n<!-- \/ Yoast SEO plugin. -->","yoast_head_json":{"title":"Videoconfer\u00e8ncia - SOMmatica","robots":{"index":"index","follow":"follow","max-snippet":"max-snippet:-1","max-image-preview":"max-image-preview:large","max-video-preview":"max-video-preview:-1"},"canonical":"https:\/\/www.sommatica.com\/ca\/mobilitat-empresarial\/videoconferencia\/","og_locale":"ca_ES","og_type":"article","og_title":"Videoconfer\u00e8ncia - SOMmatica","og_description":"Quines funcionalitats t\u00e9 la nostra soluci\u00f3? Avantatges d&#8217;una soluci\u00f3 de videoconfer\u00e8ncia: Sol\u00b7licita pressupost sense comprom\u00eds Confia en l\u2019experi\u00e8ncia i professionalitat...","og_url":"https:\/\/www.sommatica.com\/ca\/mobilitat-empresarial\/videoconferencia\/","og_site_name":"SOMmatica","article_modified_time":"2020-04-20T08:57:16+00:00","twitter_card":"summary_large_image","twitter_site":"@sommatica_com","twitter_misc":{"Temps estimat de lectura":"2 minuts"},"schema":{"@context":"https:\/\/schema.org","@graph":[{"@type":"Organization","@id":"https:\/\/www.sommatica.com\/#organization","name":"SOMmatica","url":"https:\/\/www.sommatica.com\/","sameAs":["https:\/\/www.linkedin.com\/in\/sommatica\/","https:\/\/twitter.com\/sommatica_com"],"logo":{"@type":"ImageObject","@id":"https:\/\/www.sommatica.com\/#logo","inLanguage":"ca","url":"https:\/\/www.sommatica.com\/wp-content\/uploads\/logo.png","contentUrl":"https:\/\/www.sommatica.com\/wp-content\/uploads\/logo.png","width":242,"height":52,"caption":"SOMmatica"},"image":{"@id":"https:\/\/www.sommatica.com\/#logo"}},{"@type":"WebSite","@id":"https:\/\/www.sommatica.com\/#website","url":"https:\/\/www.sommatica.com\/","name":"SOMmatica","description":"Soluciones IT para PYMES","publisher":{"@id":"https:\/\/www.sommatica.com\/#organization"},"potentialAction":[{"@type":"SearchAction","target":{"@type":"EntryPoint","urlTemplate":"https:\/\/www.sommatica.com\/?s={search_term_string}"},"query-input":"required name=search_term_string"}],"inLanguage":"ca"},{"@type":"WebPage","@id":"https:\/\/www.sommatica.com\/ca\/mobilitat-empresarial\/videoconferencia\/#webpage","url":"https:\/\/www.sommatica.com\/ca\/mobilitat-empresarial\/videoconferencia\/","name":"Videoconfer\u00e8ncia - SOMmatica","isPartOf":{"@id":"https:\/\/www.sommatica.com\/#website"},"datePublished":"2020-04-18T19:29:28+00:00","dateModified":"2020-04-20T08:57:16+00:00","breadcrumb":{"@id":"https:\/\/www.sommatica.com\/ca\/mobilitat-empresarial\/videoconferencia\/#breadcrumb"},"inLanguage":"ca","potentialAction":[{"@type":"ReadAction","target":["https:\/\/www.sommatica.com\/ca\/mobilitat-empresarial\/videoconferencia\/"]}]},{"@type":"BreadcrumbList","@id":"https:\/\/www.sommatica.com\/ca\/mobilitat-empresarial\/videoconferencia\/#breadcrumb","itemListElement":[{"@type":"ListItem","position":1,"name":"Portada","item":"https:\/\/www.sommatica.com\/ca\/"},{"@type":"ListItem","position":2,"name":"Mobilitat empresarial","item":"https:\/\/www.sommatica.com\/ca\/mobilitat-empresarial\/"},{"@type":"ListItem","position":3,"name":"Videoconfer\u00e8ncia"}]}]}},"_links":{"self":[{"href":"https:\/\/www.sommatica.com\/ca\/wp-json\/wp\/v2\/pages\/2353"}],"collection":[{"href":"https:\/\/www.sommatica.com\/ca\/wp-json\/wp\/v2\/pages"}],"about":[{"href":"https:\/\/www.sommatica.com\/ca\/wp-json\/wp\/v2\/types\/page"}],"author":[{"embeddable":true,"href":"https:\/\/www.sommatica.com\/ca\/wp-json\/wp\/v2\/users\/1"}],"replies":[{"embeddable":true,"href":"https:\/\/www.sommatica.com\/ca\/wp-json\/wp\/v2\/comments?post=2353"}],"version-history":[{"count":12,"href":"https:\/\/www.sommatica.com\/ca\/wp-json\/wp\/v2\/pages\/2353\/revisions"}],"predecessor-version":[{"id":2434,"href":"https:\/\/www.sommatica.com\/ca\/wp-json\/wp\/v2\/pages\/2353\/revisions\/2434"}],"up":[{"embeddable":true,"href":"https:\/\/www.sommatica.com\/ca\/wp-json\/wp\/v2\/pages\/1335"}],"wp:attachment":[{"href":"https:\/\/www.sommatica.com\/ca\/wp-json\/wp\/v2\/media?parent=2353"}],"curies":[{"name":"wp","href":"https:\/\/api.w.org\/{rel}","templated":true}]}}