{"id":194,"date":"2019-06-27T12:31:19","date_gmt":"2019-06-27T10:31:19","guid":{"rendered":"http:\/\/www.sommatica.com\/?page_id=194"},"modified":"2020-04-22T21:37:22","modified_gmt":"2020-04-22T19:37:22","slug":"sommatica-solucions-it-per-a-pymes","status":"publish","type":"page","link":"https:\/\/www.sommatica.com\/ca\/","title":{"rendered":"Solucions IT per a PYMES"},"content":{"rendered":"<h3><strong>SOMmatica Consultoria Inform\u00e0tica<\/strong><\/h3>\n<div class=\"one_half\">\n<div class=\"image wrap-box no-style below\" style=\"\">\n<div class=\"wrap-box-inner\"><img class=\"wrap-box-element\" style=\" \" src=\"https:\/\/www.sommatica.com\/wp-content\/uploads\/consultoria-informatica.jpg\" alt=\"\"\/><\/div>\n<\/div>\n<\/div>\n<div class=\"one_half last\">SOMmatica est\u00e0 formada per un equip de professionals amb \u00e0mplia experi\u00e8ncia i especialitzaci\u00f3 en les diferents \u00e0rees inform\u00e0tiques, podent oferir un servei integral que cobreix pr\u00e0cticament qualsevol necessitat que pugui tenir una PIME.<\/p>\n<div class=\"divider linebreak\">&nbsp;<\/div>\n<p>Amb gran vocaci\u00f3 de servei, SOMmatica ofereix un ampli cat\u00e0leg de solucions de manteniment inform\u00e0tic, consultoria tecnol\u00f2gica i implementaci\u00f3 de projectes a mida que ajuden als nostres clients en els seus processos de transformaci\u00f3 digital.<br \/>\n<a class=\"button\" href=\"https:\/\/www.sommatica.com\/ca\/contacte\/\">Contactar<\/a>\n<\/div>\n<div class=\"clear\"><\/div>\n<div class=\"divider linebreak\">&nbsp;<\/div>\n<div class=\"divider linebreak\">&nbsp;<\/div>\n<h3><strong>Serveis i solucions:<\/strong><\/h3>\n<div class=\"one_third\">\n<div class=\"text_box\" style=\"border: none; \">\n<div class=\"text clearfix\" style=\"\">\n<div class=\"image wrap-box style-5 below\" style=\"\">\n<div class=\"wrap-box-inner\">\n<div class=\"shadow-wrap\"><a href=\"https:\/\/www.sommatica.com\/ca\/serveis-it\/\"><img class=\"wrap-box-element\" style=\" \" src=\"https:\/\/www.sommatica.com\/wp-content\/uploads\/\/mantenimiento-informatico-300x200.jpg\" alt=\"Serveis inform\u00e0tics\"><\/a><\/div>\n<\/div>\n<\/div>\n<h5>Serveis IT<\/h5>\n<p>Manteniment IT, virtualitzaci\u00f3, open source, recuperaci\u00f3 de dades i desenvolupament de software.<\/p>\n<\/div>\n<\/div>\n<\/div>\n<div class=\"one_third\">\n<div class=\"text_box\" style=\"border: none; \">\n<div class=\"text clearfix\" style=\"\">\n<div class=\"image wrap-box style-5 below\" style=\"\">\n<div class=\"wrap-box-inner\">\n<div class=\"shadow-wrap\"><a href=\"https:\/\/www.sommatica.com\/ca\/serveis-web\/\"><img class=\"wrap-box-element\" style=\" \" src=\"https:\/\/www.sommatica.com\/wp-content\/uploads\/\/diseno-web-300x200.jpg\" alt=\"Serveis web\"><\/a><\/div>\n<\/div>\n<\/div>\n<h5>Serveis web<\/h5>\n<p>Serveis de disseny, manteniment, auditoria, optimitzaci\u00f3 i allotjament web.<\/p>\n<\/div>\n<\/div>\n<\/div>\n<div class=\"one_third last\">\n<div class=\"text_box\" style=\"border: none; \">\n<div class=\"text clearfix\" style=\"\">\n<div class=\"image wrap-box style-5 below\" style=\"\">\n<div class=\"wrap-box-inner\">\n<div class=\"shadow-wrap\"><a href=\"https:\/\/www.sommatica.com\/ca\/seguretat\/\"><img class=\"wrap-box-element\" style=\" \" src=\"https:\/\/www.sommatica.com\/wp-content\/uploads\/\/filtro-contenido-web-300x200.jpg\" alt=\"Seguretat inform\u00e0tica\"><\/a><\/div>\n<\/div>\n<\/div>\n<h5>Seguretat inform\u00e0tica<\/h5>\n<p>Antivirus empresarial, firewall corporatiu, filtre de contingut web i backup remot.<\/p>\n<\/div>\n<\/div>\n<\/div>\n<div class=\"divider linebreak\">&nbsp;<\/div>\n<div class=\"one_third\">\n<div class=\"text_box\" style=\"border: none; \">\n<div class=\"text clearfix\" style=\"\">\n<div class=\"image wrap-box style-5 below\" style=\"\">\n<div class=\"wrap-box-inner\">\n<div class=\"shadow-wrap\"><a href=\"https:\/\/www.sommatica.com\/ca\/mobilitat-empresarial\/\"><img class=\"wrap-box-element\" style=\" \" src=\"https:\/\/www.sommatica.com\/wp-content\/uploads\/\/escritorios-virtuales-300x200.jpg\" alt=\"Mobilitat empresarial\"><\/a><\/div>\n<\/div>\n<\/div>\n<h5>Mobilitat empresarial<\/h5>\n<p>Solucions personalitzades d&#8217;escriptoris virtuals, Google G Suite i Microsoft Office 365.<\/p>\n<\/div>\n<\/div>\n<\/div>\n<div class=\"one_third\">\n<div class=\"text_box\" style=\"border: none; \">\n<div class=\"text clearfix\" style=\"\">\n<div class=\"image wrap-box style-5 below\" style=\"\">\n<div class=\"wrap-box-inner\">\n<div class=\"shadow-wrap\"><a href=\"https:\/\/www.sommatica.com\/ca\/servidors-cloud\/\"><img class=\"wrap-box-element\" style=\" \" src=\"https:\/\/www.sommatica.com\/wp-content\/uploads\/\/servidores-cloud-300x200.jpg\" alt=\"Servidors Cloud\"><\/a><\/div>\n<\/div>\n<\/div>\n<h5>Servidors Cloud<\/h5>\n<p>Servidors a mida de cada client i 100% gestionats per l&#8217;equip de SOMmatica.<\/p>\n<\/div>\n<\/div>\n<\/div>\n<div class=\"one_third last\">\n<div class=\"text_box\" style=\"border: none; \">\n<\/div>\n<\/div>\n","protected":false},"excerpt":{"rendered":"<p>SOMmatica Consultoria Inform\u00e0tica Serveis i solucions: Serveis IT Manteniment IT, virtualitzaci\u00f3, open source, recuperaci\u00f3 de dades i desenvolupament de software&#8230;.<\/p>\n","protected":false},"author":1,"featured_media":0,"parent":0,"menu_order":0,"comment_status":"closed","ping_status":"closed","template":"","meta":[],"yoast_head":"<!-- This site is optimized with the Yoast SEO plugin v18.3 - https:\/\/yoast.com\/wordpress\/plugins\/seo\/ -->\n<title>Solucions IT per a PYMES - SOMmatica<\/title>\n<meta name=\"robots\" content=\"index, follow, max-snippet:-1, max-image-preview:large, max-video-preview:-1\" \/>\n<link rel=\"canonical\" href=\"https:\/\/www.sommatica.com\/ca\/\" \/>\n<meta property=\"og:locale\" content=\"ca_ES\" \/>\n<meta property=\"og:type\" content=\"article\" \/>\n<meta property=\"og:title\" content=\"Solucions IT per a PYMES - SOMmatica\" \/>\n<meta property=\"og:description\" content=\"SOMmatica Consultoria Inform\u00e0tica Serveis i solucions: Serveis IT Manteniment IT, virtualitzaci\u00f3, open source, recuperaci\u00f3 de dades i desenvolupament de software....\" \/>\n<meta property=\"og:url\" content=\"https:\/\/www.sommatica.com\/ca\/\" \/>\n<meta property=\"og:site_name\" content=\"SOMmatica\" \/>\n<meta property=\"article:modified_time\" content=\"2020-04-22T19:37:22+00:00\" \/>\n<meta property=\"og:image\" content=\"https:\/\/www.sommatica.com\/wp-content\/uploads\/\/mantenimiento-informatico-300x200.jpg\" \/>\n<meta name=\"twitter:card\" content=\"summary_large_image\" \/>\n<meta name=\"twitter:site\" content=\"@sommatica_com\" \/>\n<meta name=\"twitter:label1\" content=\"Temps estimat de lectura\" \/>\n\t<meta name=\"twitter:data1\" content=\"1 minut\" \/>\n<script type=\"application\/ld+json\" class=\"yoast-schema-graph\">{\"@context\":\"https:\/\/schema.org\",\"@graph\":[{\"@type\":\"Organization\",\"@id\":\"https:\/\/www.sommatica.com\/#organization\",\"name\":\"SOMmatica\",\"url\":\"https:\/\/www.sommatica.com\/\",\"sameAs\":[\"https:\/\/www.linkedin.com\/in\/sommatica\/\",\"https:\/\/twitter.com\/sommatica_com\"],\"logo\":{\"@type\":\"ImageObject\",\"@id\":\"https:\/\/www.sommatica.com\/#logo\",\"inLanguage\":\"ca\",\"url\":\"https:\/\/www.sommatica.com\/wp-content\/uploads\/logo.png\",\"contentUrl\":\"https:\/\/www.sommatica.com\/wp-content\/uploads\/logo.png\",\"width\":242,\"height\":52,\"caption\":\"SOMmatica\"},\"image\":{\"@id\":\"https:\/\/www.sommatica.com\/#logo\"}},{\"@type\":\"WebSite\",\"@id\":\"https:\/\/www.sommatica.com\/#website\",\"url\":\"https:\/\/www.sommatica.com\/\",\"name\":\"SOMmatica\",\"description\":\"Soluciones IT para PYMES\",\"publisher\":{\"@id\":\"https:\/\/www.sommatica.com\/#organization\"},\"potentialAction\":[{\"@type\":\"SearchAction\",\"target\":{\"@type\":\"EntryPoint\",\"urlTemplate\":\"https:\/\/www.sommatica.com\/?s={search_term_string}\"},\"query-input\":\"required name=search_term_string\"}],\"inLanguage\":\"ca\"},{\"@type\":\"ImageObject\",\"@id\":\"https:\/\/www.sommatica.com\/ca\/#primaryimage\",\"inLanguage\":\"ca\",\"url\":\"https:\/\/www.sommatica.com\/wp-content\/uploads\/\/mantenimiento-informatico-300x200.jpg\",\"contentUrl\":\"https:\/\/www.sommatica.com\/wp-content\/uploads\/\/mantenimiento-informatico-300x200.jpg\"},{\"@type\":\"WebPage\",\"@id\":\"https:\/\/www.sommatica.com\/ca\/#webpage\",\"url\":\"https:\/\/www.sommatica.com\/ca\/\",\"name\":\"Solucions IT per a PYMES - SOMmatica\",\"isPartOf\":{\"@id\":\"https:\/\/www.sommatica.com\/#website\"},\"primaryImageOfPage\":{\"@id\":\"https:\/\/www.sommatica.com\/ca\/#primaryimage\"},\"datePublished\":\"2019-06-27T10:31:19+00:00\",\"dateModified\":\"2020-04-22T19:37:22+00:00\",\"breadcrumb\":{\"@id\":\"https:\/\/www.sommatica.com\/ca\/#breadcrumb\"},\"inLanguage\":\"ca\",\"potentialAction\":[{\"@type\":\"ReadAction\",\"target\":[\"https:\/\/www.sommatica.com\/ca\/\"]}]},{\"@type\":\"BreadcrumbList\",\"@id\":\"https:\/\/www.sommatica.com\/ca\/#breadcrumb\",\"itemListElement\":[{\"@type\":\"ListItem\",\"position\":1,\"name\":\"Portada\",\"item\":\"https:\/\/www.sommatica.com\/ca\/\"},{\"@type\":\"ListItem\",\"position\":2,\"name\":\"Solucions IT per a PYMES\"}]}]}<\/script>\n<!-- \/ Yoast SEO plugin. -->","yoast_head_json":{"title":"Solucions IT per a PYMES - SOMmatica","robots":{"index":"index","follow":"follow","max-snippet":"max-snippet:-1","max-image-preview":"max-image-preview:large","max-video-preview":"max-video-preview:-1"},"canonical":"https:\/\/www.sommatica.com\/ca\/","og_locale":"ca_ES","og_type":"article","og_title":"Solucions IT per a PYMES - SOMmatica","og_description":"SOMmatica Consultoria Inform\u00e0tica Serveis i solucions: Serveis IT Manteniment IT, virtualitzaci\u00f3, open source, recuperaci\u00f3 de dades i desenvolupament de software....","og_url":"https:\/\/www.sommatica.com\/ca\/","og_site_name":"SOMmatica","article_modified_time":"2020-04-22T19:37:22+00:00","og_image":[{"url":"https:\/\/www.sommatica.com\/wp-content\/uploads\/\/mantenimiento-informatico-300x200.jpg"}],"twitter_card":"summary_large_image","twitter_site":"@sommatica_com","twitter_misc":{"Temps estimat de lectura":"1 minut"},"schema":{"@context":"https:\/\/schema.org","@graph":[{"@type":"Organization","@id":"https:\/\/www.sommatica.com\/#organization","name":"SOMmatica","url":"https:\/\/www.sommatica.com\/","sameAs":["https:\/\/www.linkedin.com\/in\/sommatica\/","https:\/\/twitter.com\/sommatica_com"],"logo":{"@type":"ImageObject","@id":"https:\/\/www.sommatica.com\/#logo","inLanguage":"ca","url":"https:\/\/www.sommatica.com\/wp-content\/uploads\/logo.png","contentUrl":"https:\/\/www.sommatica.com\/wp-content\/uploads\/logo.png","width":242,"height":52,"caption":"SOMmatica"},"image":{"@id":"https:\/\/www.sommatica.com\/#logo"}},{"@type":"WebSite","@id":"https:\/\/www.sommatica.com\/#website","url":"https:\/\/www.sommatica.com\/","name":"SOMmatica","description":"Soluciones IT para PYMES","publisher":{"@id":"https:\/\/www.sommatica.com\/#organization"},"potentialAction":[{"@type":"SearchAction","target":{"@type":"EntryPoint","urlTemplate":"https:\/\/www.sommatica.com\/?s={search_term_string}"},"query-input":"required name=search_term_string"}],"inLanguage":"ca"},{"@type":"ImageObject","@id":"https:\/\/www.sommatica.com\/ca\/#primaryimage","inLanguage":"ca","url":"https:\/\/www.sommatica.com\/wp-content\/uploads\/\/mantenimiento-informatico-300x200.jpg","contentUrl":"https:\/\/www.sommatica.com\/wp-content\/uploads\/\/mantenimiento-informatico-300x200.jpg"},{"@type":"WebPage","@id":"https:\/\/www.sommatica.com\/ca\/#webpage","url":"https:\/\/www.sommatica.com\/ca\/","name":"Solucions IT per a PYMES - SOMmatica","isPartOf":{"@id":"https:\/\/www.sommatica.com\/#website"},"primaryImageOfPage":{"@id":"https:\/\/www.sommatica.com\/ca\/#primaryimage"},"datePublished":"2019-06-27T10:31:19+00:00","dateModified":"2020-04-22T19:37:22+00:00","breadcrumb":{"@id":"https:\/\/www.sommatica.com\/ca\/#breadcrumb"},"inLanguage":"ca","potentialAction":[{"@type":"ReadAction","target":["https:\/\/www.sommatica.com\/ca\/"]}]},{"@type":"BreadcrumbList","@id":"https:\/\/www.sommatica.com\/ca\/#breadcrumb","itemListElement":[{"@type":"ListItem","position":1,"name":"Portada","item":"https:\/\/www.sommatica.com\/ca\/"},{"@type":"ListItem","position":2,"name":"Solucions IT per a PYMES"}]}]}},"_links":{"self":[{"href":"https:\/\/www.sommatica.com\/ca\/wp-json\/wp\/v2\/pages\/194"}],"collection":[{"href":"https:\/\/www.sommatica.com\/ca\/wp-json\/wp\/v2\/pages"}],"about":[{"href":"https:\/\/www.sommatica.com\/ca\/wp-json\/wp\/v2\/types\/page"}],"author":[{"embeddable":true,"href":"https:\/\/www.sommatica.com\/ca\/wp-json\/wp\/v2\/users\/1"}],"replies":[{"embeddable":true,"href":"https:\/\/www.sommatica.com\/ca\/wp-json\/wp\/v2\/comments?post=194"}],"version-history":[{"count":18,"href":"https:\/\/www.sommatica.com\/ca\/wp-json\/wp\/v2\/pages\/194\/revisions"}],"predecessor-version":[{"id":2439,"href":"https:\/\/www.sommatica.com\/ca\/wp-json\/wp\/v2\/pages\/194\/revisions\/2439"}],"wp:attachment":[{"href":"https:\/\/www.sommatica.com\/ca\/wp-json\/wp\/v2\/media?parent=194"}],"curies":[{"name":"wp","href":"https:\/\/api.w.org\/{rel}","templated":true}]}}