{"id":1759,"date":"2019-12-20T00:21:00","date_gmt":"2019-12-19T23:21:00","guid":{"rendered":"https:\/\/www.sommatica.com\/cookies\/"},"modified":"2020-04-21T22:08:19","modified_gmt":"2020-04-21T20:08:19","slug":"cookies","status":"publish","type":"page","link":"https:\/\/www.sommatica.com\/ca\/cookies\/","title":{"rendered":"Pol\u00edtica de &#8216;cookies&#8217;"},"content":{"rendered":"<p>Aquesta web utilitza &#8216;cookies&#8217; pr\u00f2pies i de tercers per oferir una millor experi\u00e8ncia i servei a l&#8217;usuari, a m\u00e9s en els perfils de xarxes socials de SOMmatica s&#8217;instal\u00b7len &#8216;cookies&#8217; de tercers a tots els seus visitants encara que no siguin usuaris registrats en les corresponents plataformes.<br \/>\n<br \/>\nEn navegar o utilitzar els nostres serveis l&#8217;usuari accepta l&#8217;\u00fas que fem de les &#8216;cookies&#8217;. No obstant aix\u00f2, l&#8217;usuari t\u00e9 l&#8217;opci\u00f3 d&#8217;impedir la generaci\u00f3 de cookies i l&#8217;eliminaci\u00f3 de les mateixes mitjan\u00e7ant la selecci\u00f3 de la corresponent opci\u00f3 en el seu navegador. En cas de bloquejar l&#8217;\u00fas de &#8216;cookies&#8217; en el seu navegador \u00e9s possible que alguns serveis o funcionalitats de la p\u00e0gina web no estiguin disponibles.<\/p>\n<div class=\"divider linebreak\">&nbsp;<\/div>\n<div class=\"divider linebreak\">&nbsp;<\/div>\n<h3 class=\"section-title\"><strong>Qu\u00e8 \u00e9s una &#8216;cookie&#8217;?<\/strong><\/h3>\n<p>Una &#8216;cookie&#8217; \u00e9s un petit fragment de text que els llocs web envien al navegador i que s&#8217;emmagatzema al terminal de l&#8217;usuari, el qual pot ser un ordinador personal, un tel\u00e8fon m\u00f2bil, una tableta, etc. Aquests arxius permeten que el lloc web recordi informaci\u00f3 sobre la seva visita, com l&#8217;idioma i les opcions preferides, millorant l&#8217;experi\u00e8ncia de la visita en oferir-li un contingut personalitzat.<\/p>\n<div class=\"divider linebreak\">&nbsp;<\/div>\n<div class=\"divider linebreak\">&nbsp;<\/div>\n<h3 class=\"section-title\"><strong>Tipus de \u2018cookies\u2019 utilitzades<\/strong><\/h3>\n<p>SOMmatica utilitza tant &#8216;cookies&#8217; temporals de sessi\u00f3 com &#8216;cookies&#8217; permanents. Les &#8216;cookies&#8217; de sessi\u00f3 emmagatzemen dades \u00fanicament mentre l&#8217;usuari accedeix al lloc web i les &#8216;cookies&#8217; permanents emmagatzemen les dades en el terminal perqu\u00e8 siguin accedides i utilitzades en m\u00e9s d&#8217;una sessi\u00f3. Segons la finalitat per a la qual es tracten les dades obtingudes a trav\u00e9s de les &#8216;cookies&#8217;, el lloc web i els perfils de xarxes socials de SOMmatica utilitzen:<br \/>\n<\/p>\n<div class=\"table\">\n<table style=\"width: 100%;\">\n<thead>\n<tr>\n<th class=\"col-md-2\">Cookie<\/th>\n<th>Nom<\/th>\n<th>Prop\u00f2sit<\/th>\n<th>M\u00e9s informaci\u00f3<\/th>\n<\/tr>\n<\/thead>\n<tbody>\n<tr>\n<th>SOMmatica<\/th>\n<td>_sommatica_cookies<\/td>\n<td>Facilitar la navegaci\u00f3 per la p\u00e0gina web aix\u00ed com emmagatzemar les prefer\u00e8ncies seleccionades per l&#8217;usuari durant la seva navegaci\u00f3 pel portal web.<\/td>\n<td><a href=\"https:\/\/www.sommatica.com\/ca\/avis-legal\/\" target=\"_blank\" rel=\"noopener noreferrer\">Pol\u00edtica de privacitat de SOMmatica<\/a><\/td>\n<\/tr>\n<tr>\n<th>Google Analytics<\/th>\n<td>__utma, __utmb, __utmc y __utmz<\/td>\n<td>Recopilar informaci\u00f3 an\u00f2nima sobre la navegaci\u00f3 dels usuaris pel lloc web per tal de con\u00e8ixer l&#8217;origen de les visites i altres dades estad\u00edstiques similars.<\/td>\n<td><a href=\"https:\/\/policies.google.com\/privacy?hl=es&#038;gl=es\" target=\"_blank\" rel=\"noopener noreferrer\">Pol\u00edtica de privacitat de Google<\/a><\/p>\n<div class=\"divider linebreak\">&nbsp;<\/div>\n<p><a href=\"https:\/\/tools.google.com\/dlpage\/gaoptout?hl=es\" target=\"_blank\" rel=\"noopener noreferrer\">Complement de inhabilitaci\u00f3 de Google Analytics<\/a><\/td>\n<\/tr>\n<tr>\n<th>Perfil de Twitter<\/th>\n<td>guest_id, __utma, __utmb, __utmc, __utmz, original_referer y _twitter_sess<\/td>\n<td>Finalitats pr\u00f2pies de Twitter.<\/td>\n<td><a href=\"https:\/\/twitter.com\/es\/privacy\" target=\"_blank\" rel=\"noopener noreferrer\">Pol\u00edtica de privacitat de Twitter.<\/a><\/td>\n<\/tr>\n<tr>\n<th>Perfil de LinkedIn<\/th>\n<td>__utma, __utmb, __utmc y __utmz<\/td>\n<td>Finalitats pr\u00f2pies de LinkedIn.<\/td>\n<td><a href=\"https:\/\/www.linkedin.com\/legal\/cookie-policy?trk=hb_ft_cookie\" target=\"_blank\" rel=\"noopener noreferrer\">Pol\u00edtica de cookies de LinkedIn.<\/a><\/td>\n<\/tr>\n<\/tbody>\n<\/table>\n<\/div>\n<div class=\"divider linebreak\">&nbsp;<\/div>\n<div class=\"divider linebreak\">&nbsp;<\/div>\n<h3 class=\"section-title\"><strong>Com administrar &#8216;cookies&#8217; al navegador?<\/strong><\/h3>\n<p>En utilitzar aquest lloc web est\u00e0 consentint el tractament d&#8217;informaci\u00f3 per part de SOMmatica i Google. No obstant aix\u00f2, pot revocar el consentiment atorgat cessant en la navegaci\u00f3, no acceptar les &#8216;cookies&#8217; o configurar el seu navegador per bloquejar-i, si escau, eliminar-les. M\u00e9s informaci\u00f3 per a cada navegador:<\/p>\n<ul>\n<li><a href=\"https:\/\/support.microsoft.com\/ca-es\/help\/17442\/windows-internet-explorer-delete-manage-cookies\" target=\"_blank\" rel=\"noopener noreferrer\">Internet Explorer 8 i superior<\/a><\/li>\n<li><a href=\"https:\/\/support.apple.com\/en-us\/HT201265\" target=\"_blank\" rel=\"noopener noreferrer\">Safari 2 i superior<\/a><\/li>\n<li><a href=\"https:\/\/help.opera.com\/en\/latest\/web-preferences\/#cookies\" target=\"_blank\" rel=\"noopener noreferrer\">Opera 10.5 i superior<\/a><\/li>\n<li><a href=\"https:\/\/support.mozilla.org\/es\/kb\/habilitar-y-deshabilitar-cookies-sitios-web-rastrear-preferencias?redirectlocale=es&#038;redirectslug=habilitar-y-deshabilitar-cookies-que-los-sitios-we\" target=\"_blank\" rel=\"noopener noreferrer\">FireFox 3.5 i superior<\/a><\/li>\n<li><a href=\"https:\/\/support.google.com\/chrome\/answer\/95647?hl=es\" target=\"_blank\" rel=\"noopener noreferrer\">Google Chrome 10 i superior<\/a><\/li>\n<\/ul>\n","protected":false},"excerpt":{"rendered":"<p>Aquesta web utilitza &#8216;cookies&#8217; pr\u00f2pies i de tercers per oferir una millor experi\u00e8ncia i servei a l&#8217;usuari, a m\u00e9s en&#8230;<\/p>\n","protected":false},"author":1,"featured_media":0,"parent":0,"menu_order":0,"comment_status":"closed","ping_status":"closed","template":"","meta":[],"yoast_head":"<!-- This site is optimized with the Yoast SEO plugin v18.3 - https:\/\/yoast.com\/wordpress\/plugins\/seo\/ -->\n<title>Pol\u00edtica de &#039;cookies&#039; - SOMmatica<\/title>\n<meta name=\"robots\" content=\"noindex, follow\" \/>\n<meta property=\"og:locale\" content=\"ca_ES\" \/>\n<meta property=\"og:type\" content=\"article\" \/>\n<meta property=\"og:title\" content=\"Pol\u00edtica de &#039;cookies&#039; - SOMmatica\" \/>\n<meta property=\"og:description\" content=\"Aquesta web utilitza &#8216;cookies&#8217; pr\u00f2pies i de tercers per oferir una millor experi\u00e8ncia i servei a l&#8217;usuari, a m\u00e9s en...\" \/>\n<meta property=\"og:url\" content=\"https:\/\/www.sommatica.com\/ca\/cookies\/\" \/>\n<meta property=\"og:site_name\" content=\"SOMmatica\" \/>\n<meta property=\"article:modified_time\" content=\"2020-04-21T20:08:19+00:00\" \/>\n<meta name=\"twitter:card\" content=\"summary_large_image\" \/>\n<meta name=\"twitter:site\" content=\"@sommatica_com\" \/>\n<meta name=\"twitter:label1\" content=\"Temps estimat de lectura\" \/>\n\t<meta name=\"twitter:data1\" content=\"2 minuts\" \/>\n<script type=\"application\/ld+json\" class=\"yoast-schema-graph\">{\"@context\":\"https:\/\/schema.org\",\"@graph\":[{\"@type\":\"Organization\",\"@id\":\"https:\/\/www.sommatica.com\/#organization\",\"name\":\"SOMmatica\",\"url\":\"https:\/\/www.sommatica.com\/\",\"sameAs\":[\"https:\/\/www.linkedin.com\/in\/sommatica\/\",\"https:\/\/twitter.com\/sommatica_com\"],\"logo\":{\"@type\":\"ImageObject\",\"@id\":\"https:\/\/www.sommatica.com\/#logo\",\"inLanguage\":\"ca\",\"url\":\"https:\/\/www.sommatica.com\/wp-content\/uploads\/logo.png\",\"contentUrl\":\"https:\/\/www.sommatica.com\/wp-content\/uploads\/logo.png\",\"width\":242,\"height\":52,\"caption\":\"SOMmatica\"},\"image\":{\"@id\":\"https:\/\/www.sommatica.com\/#logo\"}},{\"@type\":\"WebSite\",\"@id\":\"https:\/\/www.sommatica.com\/#website\",\"url\":\"https:\/\/www.sommatica.com\/\",\"name\":\"SOMmatica\",\"description\":\"Soluciones IT para PYMES\",\"publisher\":{\"@id\":\"https:\/\/www.sommatica.com\/#organization\"},\"potentialAction\":[{\"@type\":\"SearchAction\",\"target\":{\"@type\":\"EntryPoint\",\"urlTemplate\":\"https:\/\/www.sommatica.com\/?s={search_term_string}\"},\"query-input\":\"required name=search_term_string\"}],\"inLanguage\":\"ca\"},{\"@type\":\"WebPage\",\"@id\":\"https:\/\/www.sommatica.com\/ca\/cookies\/#webpage\",\"url\":\"https:\/\/www.sommatica.com\/ca\/cookies\/\",\"name\":\"Pol\u00edtica de 'cookies' - SOMmatica\",\"isPartOf\":{\"@id\":\"https:\/\/www.sommatica.com\/#website\"},\"datePublished\":\"2019-12-19T23:21:00+00:00\",\"dateModified\":\"2020-04-21T20:08:19+00:00\",\"breadcrumb\":{\"@id\":\"https:\/\/www.sommatica.com\/ca\/cookies\/#breadcrumb\"},\"inLanguage\":\"ca\",\"potentialAction\":[{\"@type\":\"ReadAction\",\"target\":[\"https:\/\/www.sommatica.com\/ca\/cookies\/\"]}]},{\"@type\":\"BreadcrumbList\",\"@id\":\"https:\/\/www.sommatica.com\/ca\/cookies\/#breadcrumb\",\"itemListElement\":[{\"@type\":\"ListItem\",\"position\":1,\"name\":\"Portada\",\"item\":\"https:\/\/www.sommatica.com\/ca\/\"},{\"@type\":\"ListItem\",\"position\":2,\"name\":\"Pol\u00edtica de &#8216;cookies&#8217;\"}]}]}<\/script>\n<!-- \/ Yoast SEO plugin. -->","yoast_head_json":{"title":"Pol\u00edtica de 'cookies' - SOMmatica","robots":{"index":"noindex","follow":"follow"},"og_locale":"ca_ES","og_type":"article","og_title":"Pol\u00edtica de 'cookies' - SOMmatica","og_description":"Aquesta web utilitza &#8216;cookies&#8217; pr\u00f2pies i de tercers per oferir una millor experi\u00e8ncia i servei a l&#8217;usuari, a m\u00e9s en...","og_url":"https:\/\/www.sommatica.com\/ca\/cookies\/","og_site_name":"SOMmatica","article_modified_time":"2020-04-21T20:08:19+00:00","twitter_card":"summary_large_image","twitter_site":"@sommatica_com","twitter_misc":{"Temps estimat de lectura":"2 minuts"},"schema":{"@context":"https:\/\/schema.org","@graph":[{"@type":"Organization","@id":"https:\/\/www.sommatica.com\/#organization","name":"SOMmatica","url":"https:\/\/www.sommatica.com\/","sameAs":["https:\/\/www.linkedin.com\/in\/sommatica\/","https:\/\/twitter.com\/sommatica_com"],"logo":{"@type":"ImageObject","@id":"https:\/\/www.sommatica.com\/#logo","inLanguage":"ca","url":"https:\/\/www.sommatica.com\/wp-content\/uploads\/logo.png","contentUrl":"https:\/\/www.sommatica.com\/wp-content\/uploads\/logo.png","width":242,"height":52,"caption":"SOMmatica"},"image":{"@id":"https:\/\/www.sommatica.com\/#logo"}},{"@type":"WebSite","@id":"https:\/\/www.sommatica.com\/#website","url":"https:\/\/www.sommatica.com\/","name":"SOMmatica","description":"Soluciones IT para PYMES","publisher":{"@id":"https:\/\/www.sommatica.com\/#organization"},"potentialAction":[{"@type":"SearchAction","target":{"@type":"EntryPoint","urlTemplate":"https:\/\/www.sommatica.com\/?s={search_term_string}"},"query-input":"required name=search_term_string"}],"inLanguage":"ca"},{"@type":"WebPage","@id":"https:\/\/www.sommatica.com\/ca\/cookies\/#webpage","url":"https:\/\/www.sommatica.com\/ca\/cookies\/","name":"Pol\u00edtica de 'cookies' - SOMmatica","isPartOf":{"@id":"https:\/\/www.sommatica.com\/#website"},"datePublished":"2019-12-19T23:21:00+00:00","dateModified":"2020-04-21T20:08:19+00:00","breadcrumb":{"@id":"https:\/\/www.sommatica.com\/ca\/cookies\/#breadcrumb"},"inLanguage":"ca","potentialAction":[{"@type":"ReadAction","target":["https:\/\/www.sommatica.com\/ca\/cookies\/"]}]},{"@type":"BreadcrumbList","@id":"https:\/\/www.sommatica.com\/ca\/cookies\/#breadcrumb","itemListElement":[{"@type":"ListItem","position":1,"name":"Portada","item":"https:\/\/www.sommatica.com\/ca\/"},{"@type":"ListItem","position":2,"name":"Pol\u00edtica de &#8216;cookies&#8217;"}]}]}},"_links":{"self":[{"href":"https:\/\/www.sommatica.com\/ca\/wp-json\/wp\/v2\/pages\/1759"}],"collection":[{"href":"https:\/\/www.sommatica.com\/ca\/wp-json\/wp\/v2\/pages"}],"about":[{"href":"https:\/\/www.sommatica.com\/ca\/wp-json\/wp\/v2\/types\/page"}],"author":[{"embeddable":true,"href":"https:\/\/www.sommatica.com\/ca\/wp-json\/wp\/v2\/users\/1"}],"replies":[{"embeddable":true,"href":"https:\/\/www.sommatica.com\/ca\/wp-json\/wp\/v2\/comments?post=1759"}],"version-history":[{"count":8,"href":"https:\/\/www.sommatica.com\/ca\/wp-json\/wp\/v2\/pages\/1759\/revisions"}],"predecessor-version":[{"id":1986,"href":"https:\/\/www.sommatica.com\/ca\/wp-json\/wp\/v2\/pages\/1759\/revisions\/1986"}],"wp:attachment":[{"href":"https:\/\/www.sommatica.com\/ca\/wp-json\/wp\/v2\/media?parent=1759"}],"curies":[{"name":"wp","href":"https:\/\/api.w.org\/{rel}","templated":true}]}}