{"id":1319,"date":"2019-12-13T11:53:17","date_gmt":"2019-12-13T10:53:17","guid":{"rendered":"https:\/\/www.sommatica.com\/contacte\/"},"modified":"2020-04-21T22:09:43","modified_gmt":"2020-04-21T20:09:43","slug":"contacte","status":"publish","type":"page","link":"https:\/\/www.sommatica.com\/ca\/contacte\/","title":{"rendered":"Contacte"},"content":{"rendered":"<div class=\"central-wrapper clearfix\" style=\"padding-bottom: 0px;\">\n<div class=\"panel clearfix\">\n<div id=\"center\" class=\"center clearfix\">\n<div id=\"content\">\n<div class=\"inner\">\n<div class=\"text_box\" style=\"border: none; \">\n<div class=\"text clearfix\" style=\"\">Si us plau, emplena el seg\u00fcent formulari amb les teves dades i informaci\u00f3 necess\u00e0ria i en breu ens posarem en contacte amb tu.<\/div>\n<\/p><\/div>\n<div class=\"contact-form\">\n<div role=\"form\" class=\"wpcf7\" id=\"wpcf7-f2333-o1\" lang=\"es-ES\" dir=\"ltr\">\n<div class=\"screen-reader-response\"><p role=\"status\" aria-live=\"polite\" aria-atomic=\"true\"><\/p> <ul><\/ul><\/div>\n<form action=\"\/ca\/wp-json\/wp\/v2\/pages\/1319#wpcf7-f2333-o1\" method=\"post\" class=\"wpcf7-form init\" novalidate=\"novalidate\" data-status=\"init\">\n<div style=\"display: none;\">\n<input type=\"hidden\" name=\"_wpcf7\" value=\"2333\" \/>\n<input type=\"hidden\" name=\"_wpcf7_version\" value=\"5.5.6\" \/>\n<input type=\"hidden\" name=\"_wpcf7_locale\" value=\"es_ES\" \/>\n<input type=\"hidden\" name=\"_wpcf7_unit_tag\" value=\"wpcf7-f2333-o1\" \/>\n<input type=\"hidden\" name=\"_wpcf7_container_post\" value=\"0\" \/>\n<input type=\"hidden\" name=\"_wpcf7_posted_data_hash\" value=\"\" \/>\n<input type=\"hidden\" name=\"_wpcf7_recaptcha_response\" value=\"\" \/>\n<\/div>\n<p style=\"margin-bottom: 15px;\">\n   <label for=\"name\">Nom:<\/label><br \/>\n    <span class=\"wpcf7-form-control-wrap your-name\"><input type=\"text\" name=\"your-name\" value=\"\" size=\"40\" class=\"wpcf7-form-control wpcf7-text wpcf7-validates-as-required\" aria-required=\"true\" aria-invalid=\"false\" \/><\/span> \n<\/p>\n<p style=\"margin-bottom: 15px;\">\n   <label for=\"email\">E-Mail:<\/label><br \/>\n    <span class=\"wpcf7-form-control-wrap your-email\"><input type=\"email\" name=\"your-email\" value=\"\" size=\"40\" class=\"wpcf7-form-control wpcf7-text wpcf7-email wpcf7-validates-as-required wpcf7-validates-as-email\" aria-required=\"true\" aria-invalid=\"false\" \/><\/span> \n<\/p>\n<p style=\"margin-bottom: 15px;\">\n   <label for=\"phone\">Tel\u00e8fon:<\/label><br \/>\n    <span class=\"wpcf7-form-control-wrap your-phone\"><input type=\"tel\" name=\"your-phone\" value=\"\" size=\"40\" class=\"wpcf7-form-control wpcf7-text wpcf7-tel wpcf7-validates-as-required wpcf7-validates-as-tel\" aria-required=\"true\" aria-invalid=\"false\" \/><\/span> \n<\/p>\n<p style=\"margin-bottom: 15px;\">\n   <label for=\"message\">Missatge:<\/label><br \/>\n    <span class=\"wpcf7-form-control-wrap your-message\"><textarea name=\"your-message\" cols=\"40\" rows=\"10\" class=\"wpcf7-form-control wpcf7-textarea\" aria-invalid=\"false\"><\/textarea><\/span>\n<\/p>\n<p>\n<span class=\"wpcf7-form-control-wrap consent-checkbox\"><span class=\"wpcf7-form-control wpcf7-acceptance\"><span class=\"wpcf7-list-item\"><label><input type=\"checkbox\" name=\"consent-checkbox\" value=\"1\" aria-invalid=\"false\" \/><span class=\"wpcf7-list-item-label\">He llegit i accepto la <a target=\"_blank\" href=\"https:\/\/www.sommatica.com\/ca\/avis-legal\/\" rel=\"noopener noreferrer\">pol\u00edtica de privacitat<\/a>.<\/span><\/label><\/span><\/span><\/span>\n<\/p>\n<p><input type=\"submit\" value=\"Enviar\" class=\"wpcf7-form-control has-spinner wpcf7-submit\" \/><\/p>\n<div class=\"wpcf7-response-output\" aria-hidden=\"true\"><\/div><\/form><\/div>\n               <\/div>\n<\/p><\/div>\n<\/p><\/div>\n<p><!-- #content -->\n      <\/div>\n<p><!-- #center --><\/p>\n<div id=\"sidebar\" class=\"sidebar\">\n<section id=\"project_info-10\" class=\"widget project_info\">\n<div class=\"project_info-item iconed\">\n<div class=\"title\"><span class=\"icon\">&#xe606;<\/span>Delegaci\u00f3 BCN:<\/div>\n<div class=\"value\">C\/ Par\u00eds 45-47, Ent. 3\u00aa<br \/>08029 &#8211; Barcelona<br \/>Tel: 93 500 51 72<\/div>\n<\/p><\/div>\n<div class=\"project_info-item iconed\">\n<div class=\"title\"><span class=\"icon\">&#xe606;<\/span>Delegaci\u00f3 Sallent:<\/div>\n<div class=\"value\">Pla\u00e7a Catalunya, local 3B<br \/>08650 &#8211; Sallent<br \/>Tel: 93 837 37 88<\/div>\n<\/p><\/div>\n<div class=\"project_info-item iconed\">\n<div class=\"title\"><span class=\"icon\">&#xe601;<\/span>E-Mail:<\/div>\n<div class=\"value\"><a href=\"mailto:info@sommatica.com\">info@sommatica.com<\/a><\/div>\n<\/p><\/div>\n<div class=\"project_info-item iconed\">\n<div class=\"title\"><span class=\"icon\">&#xe641;<\/span>Web:<\/div>\n<div class=\"value\"><a href=\"https:\/\/www.sommatica.com\/ca\">www.sommatica.com<\/a><\/div>\n<\/p><\/div>\n<div class=\"project_info-item iconed\">\n<div class=\"title\"><span class=\"icon\">&#xe623;<\/span>Horari:<\/div>\n<div class=\"value\">Dilluns-Divendres: 9:00 a 19:00<br \/>Cap de setmana: Tancat<\/div>\n<\/p><\/div>\n<\/section><\/div>\n<p><!-- #sidebar -->\n   <\/div>\n<p><!-- .panel -->\n<\/div>\n<p><!-- .central-wrapper --><\/p>\n","protected":false},"excerpt":{"rendered":"<p>Si us plau, emplena el seg\u00fcent formulari amb les teves dades i informaci\u00f3 necess\u00e0ria i en breu ens posarem en&#8230;<\/p>\n","protected":false},"author":1,"featured_media":0,"parent":0,"menu_order":0,"comment_status":"closed","ping_status":"closed","template":"","meta":[],"yoast_head":"<!-- This site is optimized with the Yoast SEO plugin v18.3 - https:\/\/yoast.com\/wordpress\/plugins\/seo\/ -->\n<title>Contacte - SOMmatica<\/title>\n<meta name=\"robots\" content=\"noindex, follow\" \/>\n<meta property=\"og:locale\" content=\"ca_ES\" \/>\n<meta property=\"og:type\" content=\"article\" \/>\n<meta property=\"og:title\" content=\"Contacte - SOMmatica\" \/>\n<meta property=\"og:description\" content=\"Si us plau, emplena el seg\u00fcent formulari amb les teves dades i informaci\u00f3 necess\u00e0ria i en breu ens posarem en...\" \/>\n<meta property=\"og:url\" content=\"https:\/\/www.sommatica.com\/ca\/contacte\/\" \/>\n<meta property=\"og:site_name\" content=\"SOMmatica\" \/>\n<meta property=\"article:modified_time\" content=\"2020-04-21T20:09:43+00:00\" \/>\n<meta name=\"twitter:card\" content=\"summary_large_image\" \/>\n<meta name=\"twitter:site\" content=\"@sommatica_com\" \/>\n<script type=\"application\/ld+json\" class=\"yoast-schema-graph\">{\"@context\":\"https:\/\/schema.org\",\"@graph\":[{\"@type\":\"Organization\",\"@id\":\"https:\/\/www.sommatica.com\/#organization\",\"name\":\"SOMmatica\",\"url\":\"https:\/\/www.sommatica.com\/\",\"sameAs\":[\"https:\/\/www.linkedin.com\/in\/sommatica\/\",\"https:\/\/twitter.com\/sommatica_com\"],\"logo\":{\"@type\":\"ImageObject\",\"@id\":\"https:\/\/www.sommatica.com\/#logo\",\"inLanguage\":\"ca\",\"url\":\"https:\/\/www.sommatica.com\/wp-content\/uploads\/logo.png\",\"contentUrl\":\"https:\/\/www.sommatica.com\/wp-content\/uploads\/logo.png\",\"width\":242,\"height\":52,\"caption\":\"SOMmatica\"},\"image\":{\"@id\":\"https:\/\/www.sommatica.com\/#logo\"}},{\"@type\":\"WebSite\",\"@id\":\"https:\/\/www.sommatica.com\/#website\",\"url\":\"https:\/\/www.sommatica.com\/\",\"name\":\"SOMmatica\",\"description\":\"Soluciones IT para PYMES\",\"publisher\":{\"@id\":\"https:\/\/www.sommatica.com\/#organization\"},\"potentialAction\":[{\"@type\":\"SearchAction\",\"target\":{\"@type\":\"EntryPoint\",\"urlTemplate\":\"https:\/\/www.sommatica.com\/?s={search_term_string}\"},\"query-input\":\"required name=search_term_string\"}],\"inLanguage\":\"ca\"},{\"@type\":\"WebPage\",\"@id\":\"https:\/\/www.sommatica.com\/ca\/contacte\/#webpage\",\"url\":\"https:\/\/www.sommatica.com\/ca\/contacte\/\",\"name\":\"Contacte - SOMmatica\",\"isPartOf\":{\"@id\":\"https:\/\/www.sommatica.com\/#website\"},\"datePublished\":\"2019-12-13T10:53:17+00:00\",\"dateModified\":\"2020-04-21T20:09:43+00:00\",\"breadcrumb\":{\"@id\":\"https:\/\/www.sommatica.com\/ca\/contacte\/#breadcrumb\"},\"inLanguage\":\"ca\",\"potentialAction\":[{\"@type\":\"ReadAction\",\"target\":[\"https:\/\/www.sommatica.com\/ca\/contacte\/\"]}]},{\"@type\":\"BreadcrumbList\",\"@id\":\"https:\/\/www.sommatica.com\/ca\/contacte\/#breadcrumb\",\"itemListElement\":[{\"@type\":\"ListItem\",\"position\":1,\"name\":\"Portada\",\"item\":\"https:\/\/www.sommatica.com\/ca\/\"},{\"@type\":\"ListItem\",\"position\":2,\"name\":\"Contacte\"}]}]}<\/script>\n<!-- \/ Yoast SEO plugin. -->","yoast_head_json":{"title":"Contacte - SOMmatica","robots":{"index":"noindex","follow":"follow"},"og_locale":"ca_ES","og_type":"article","og_title":"Contacte - SOMmatica","og_description":"Si us plau, emplena el seg\u00fcent formulari amb les teves dades i informaci\u00f3 necess\u00e0ria i en breu ens posarem en...","og_url":"https:\/\/www.sommatica.com\/ca\/contacte\/","og_site_name":"SOMmatica","article_modified_time":"2020-04-21T20:09:43+00:00","twitter_card":"summary_large_image","twitter_site":"@sommatica_com","schema":{"@context":"https:\/\/schema.org","@graph":[{"@type":"Organization","@id":"https:\/\/www.sommatica.com\/#organization","name":"SOMmatica","url":"https:\/\/www.sommatica.com\/","sameAs":["https:\/\/www.linkedin.com\/in\/sommatica\/","https:\/\/twitter.com\/sommatica_com"],"logo":{"@type":"ImageObject","@id":"https:\/\/www.sommatica.com\/#logo","inLanguage":"ca","url":"https:\/\/www.sommatica.com\/wp-content\/uploads\/logo.png","contentUrl":"https:\/\/www.sommatica.com\/wp-content\/uploads\/logo.png","width":242,"height":52,"caption":"SOMmatica"},"image":{"@id":"https:\/\/www.sommatica.com\/#logo"}},{"@type":"WebSite","@id":"https:\/\/www.sommatica.com\/#website","url":"https:\/\/www.sommatica.com\/","name":"SOMmatica","description":"Soluciones IT para PYMES","publisher":{"@id":"https:\/\/www.sommatica.com\/#organization"},"potentialAction":[{"@type":"SearchAction","target":{"@type":"EntryPoint","urlTemplate":"https:\/\/www.sommatica.com\/?s={search_term_string}"},"query-input":"required name=search_term_string"}],"inLanguage":"ca"},{"@type":"WebPage","@id":"https:\/\/www.sommatica.com\/ca\/contacte\/#webpage","url":"https:\/\/www.sommatica.com\/ca\/contacte\/","name":"Contacte - SOMmatica","isPartOf":{"@id":"https:\/\/www.sommatica.com\/#website"},"datePublished":"2019-12-13T10:53:17+00:00","dateModified":"2020-04-21T20:09:43+00:00","breadcrumb":{"@id":"https:\/\/www.sommatica.com\/ca\/contacte\/#breadcrumb"},"inLanguage":"ca","potentialAction":[{"@type":"ReadAction","target":["https:\/\/www.sommatica.com\/ca\/contacte\/"]}]},{"@type":"BreadcrumbList","@id":"https:\/\/www.sommatica.com\/ca\/contacte\/#breadcrumb","itemListElement":[{"@type":"ListItem","position":1,"name":"Portada","item":"https:\/\/www.sommatica.com\/ca\/"},{"@type":"ListItem","position":2,"name":"Contacte"}]}]}},"_links":{"self":[{"href":"https:\/\/www.sommatica.com\/ca\/wp-json\/wp\/v2\/pages\/1319"}],"collection":[{"href":"https:\/\/www.sommatica.com\/ca\/wp-json\/wp\/v2\/pages"}],"about":[{"href":"https:\/\/www.sommatica.com\/ca\/wp-json\/wp\/v2\/types\/page"}],"author":[{"embeddable":true,"href":"https:\/\/www.sommatica.com\/ca\/wp-json\/wp\/v2\/users\/1"}],"replies":[{"embeddable":true,"href":"https:\/\/www.sommatica.com\/ca\/wp-json\/wp\/v2\/comments?post=1319"}],"version-history":[{"count":9,"href":"https:\/\/www.sommatica.com\/ca\/wp-json\/wp\/v2\/pages\/1319\/revisions"}],"predecessor-version":[{"id":2336,"href":"https:\/\/www.sommatica.com\/ca\/wp-json\/wp\/v2\/pages\/1319\/revisions\/2336"}],"wp:attachment":[{"href":"https:\/\/www.sommatica.com\/ca\/wp-json\/wp\/v2\/media?parent=1319"}],"curies":[{"name":"wp","href":"https:\/\/api.w.org\/{rel}","templated":true}]}}