{"id":115,"date":"2019-06-26T11:52:02","date_gmt":"2019-06-26T09:52:02","guid":{"rendered":"http:\/\/www.sommatica.com\/servidors-cloud\/"},"modified":"2019-12-25T21:38:48","modified_gmt":"2019-12-25T20:38:48","slug":"servidors-cloud","status":"publish","type":"page","link":"https:\/\/www.sommatica.com\/ca\/servidors-cloud\/","title":{"rendered":"Servidors Cloud"},"content":{"rendered":"<h3 class=\"section-title\"><strong>Qu\u00e8 inclou la nostra soluci\u00f3?<\/strong><\/h3>\n<div class=\"text_box\" style=\"border: none; \">\n<div class=\"text clearfix\" style=\"\">\n<div class=\"one_third\">\n<div class=\"iconed-text clearfix\"><span class=\"icon\" style=\"border-color: #ffffff; background-color: #ffffff; color: #598BAC;\">&#xe665;<\/span><\/p>\n<div class=\"text\">\n<h5>Configuraci\u00f3 inicial<\/h5>\n<div>El servidor contractat es lliurar\u00e0 completament operatiu segons els requeriments del client.<\/div>\n<\/div>\n<\/div>\n<div class=\"divider\"><\/div>\n<\/div>\n<div class=\"one_third\">\n<div class=\"iconed-text clearfix\"><span class=\"icon\" style=\"border-color: #ffffff; background-color: #ffffff; color: #BEE17B;\">&#xe603;<\/span><\/p>\n<div class=\"text\">\n<h5>Gesti\u00f3 completa<\/h5>\n<div>Inclou l&#8217;administraci\u00f3, actualitzaci\u00f3, monitoritzaci\u00f3, problemes de rendiment, etc.<\/div>\n<\/div>\n<\/div>\n<div class=\"divider\"><\/div>\n<\/div>\n<div class=\"one_third last\">\n<div class=\"iconed-text clearfix\"><span class=\"icon\" style=\"border-color: #ffffff; background-color: #ffffff; color: #FD573D;\">&#xe60b;<\/span><\/p>\n<div class=\"text\">\n<h5>Suport<\/h5>\n<div>L&#8217;equip t\u00e8cnic de SOMmatica estar\u00e0 disponible per a qualsevol problema que pogu\u00e9s sorgir-te.<\/div>\n<\/div>\n<\/div>\n<div class=\"divider\"><\/div>\n<\/div>\n<div class=\"clear\"><\/div>\n<div class=\"one_third\">\n<div class=\"iconed-text clearfix\"><span class=\"icon\" style=\"border-color: #ffffff; background-color: #ffffff; color: #9CC9A0;\">&#xe64d;<\/span><\/p>\n<div class=\"text\">\n<h5>Xarxa privada<\/h5>\n<div>Cada client disposa d&#8217;una xarxa dedicada per tots els seus servidors Cloud contractats.<\/div>\n<\/div>\n<\/div>\n<\/div>\n<div class=\"one_third\">\n<div class=\"iconed-text clearfix\"><span class=\"icon\" style=\"border-color: #ffffff; background-color: #ffffff; color: #FD8C62;\">&#xe607;<\/span><\/p>\n<div class=\"text\">\n<h5>Firewall<\/h5>\n<div>Soluci\u00f3 100% gestionada que ajuda a prevenir els atacs i intents d&#8217;intrusi\u00f3 al servidor.<\/div>\n<\/div>\n<\/div>\n<\/div>\n<div class=\"one_third last\">\n<div class=\"iconed-text clearfix\"><span class=\"icon\" style=\"border-color: #ffffff; background-color: #ffffff; color: #48AFDA;\">&#xe64c;<\/span><\/p>\n<div class=\"text\">\n<h5>Migraci\u00f3 opcional<\/h5>\n<div>Possibilitat que SOMmatica realitzi la migraci\u00f3 des dels servidors actuals sota pressupost.<\/div>\n<\/div>\n<\/div>\n<\/div>\n<div class=\"clear\"><\/div>\n<\/div>\n<\/div>\n<div class=\"divider linebreak\">&nbsp;<\/div>\n<div class=\"divider linebreak\">&nbsp;<\/div>\n<h3><strong>Avantatges dels servidors Cloud:<\/strong><\/h3>\n<div class=\"one_half\">\n<div class=\"image wrap-box no-style below\" style=\"\">\n<div class=\"wrap-box-inner\"><img class=\"wrap-box-element\" style=\" \" src=\"https:\/\/www.sommatica.com\/wp-content\/uploads\/servidores-cloud.jpg\" alt=\"\"\/><\/div>\n<\/div>\n<\/div>\n<div class=\"one_half last\">El Cloud Computing, o computaci\u00f3 al n\u00favol, \u00e9s un paradigma basat en la virtualitzaci\u00f3 que permet oferir recursos inform\u00e0tics (servidors, escriptoris virtuals o aplicacions) a trav\u00e9s d&#8217;Internet. La virtualitzaci\u00f3 \u00e9s una tecnologia que permet dividir els recursos d&#8217;una gran infraestructura f\u00edsica en paquets de recursos m\u00e9s petits que s\u00f3n usats per diferents clients. Els seus principals avantatges s\u00f3n els seg\u00fcents:<\/p>\n<div class=\"list arrow\">\n<ul>\n<li><span style=\"color: #48afdb;\">Estalvi de costos de gesti\u00f3 i inversi\u00f3 en hardware.<\/span><\/li>\n<li><span style=\"color: #48afdb;\">Major agilitat en la implementaci\u00f3 de solucions.<\/span><\/li>\n<li><span style=\"color: #48afdb;\">Permet adaptar els recursos a la c\u00e0rrega de treball.<\/span><\/li>\n<li><span style=\"color: #48afdb;\">Menor temps de recuperaci\u00f3 davant desastres.<\/span><\/li>\n<li><span style=\"color: #48afdb;\">Solucions de seguretat integrades.<\/span><\/li>\n<\/ul>\n<div class=\"divider linebreak\">&nbsp;<\/div>\n<\/div>\n<\/div>\n<div class=\"clear\"><\/div>\n<div class=\"divider linebreak\">&nbsp;<\/div>\n<div class=\"alert-box\">\n<div class=\"clearfix\">\n<div class=\"text\">\n<h2>Sol\u00b7licita pressupost sense comprom\u00eds<\/h2>\n<p>Confia en l\u2019experi\u00e8ncia i professionalitat de SOMmatica.<\/p><\/div>\n<div class=\"alert-button\"><a class=\"button\" href=\"https:\/\/www.sommatica.com\/ca\/contacte\/\">Contactar<\/a><\/div>\n<\/div>\n<\/div>\n","protected":false},"excerpt":{"rendered":"<p>Qu\u00e8 inclou la nostra soluci\u00f3? Avantatges dels servidors Cloud: Sol\u00b7licita pressupost sense comprom\u00eds Confia en l\u2019experi\u00e8ncia i professionalitat de SOMmatica&#8230;.<\/p>\n","protected":false},"author":1,"featured_media":0,"parent":0,"menu_order":0,"comment_status":"closed","ping_status":"closed","template":"","meta":[],"yoast_head":"<!-- This site is optimized with the Yoast SEO plugin v18.3 - https:\/\/yoast.com\/wordpress\/plugins\/seo\/ -->\n<title>Servidors Cloud - SOMmatica<\/title>\n<meta name=\"robots\" content=\"index, follow, max-snippet:-1, max-image-preview:large, max-video-preview:-1\" \/>\n<link rel=\"canonical\" href=\"https:\/\/www.sommatica.com\/ca\/servidors-cloud\/\" \/>\n<meta property=\"og:locale\" content=\"ca_ES\" \/>\n<meta property=\"og:type\" content=\"article\" \/>\n<meta property=\"og:title\" content=\"Servidors Cloud - SOMmatica\" \/>\n<meta property=\"og:description\" content=\"Qu\u00e8 inclou la nostra soluci\u00f3? Avantatges dels servidors Cloud: Sol\u00b7licita pressupost sense comprom\u00eds Confia en l\u2019experi\u00e8ncia i professionalitat de SOMmatica....\" \/>\n<meta property=\"og:url\" content=\"https:\/\/www.sommatica.com\/ca\/servidors-cloud\/\" \/>\n<meta property=\"og:site_name\" content=\"SOMmatica\" \/>\n<meta property=\"article:modified_time\" content=\"2019-12-25T20:38:48+00:00\" \/>\n<meta name=\"twitter:card\" content=\"summary_large_image\" \/>\n<meta name=\"twitter:site\" content=\"@sommatica_com\" \/>\n<meta name=\"twitter:label1\" content=\"Temps estimat de lectura\" \/>\n\t<meta name=\"twitter:data1\" content=\"2 minuts\" \/>\n<script type=\"application\/ld+json\" class=\"yoast-schema-graph\">{\"@context\":\"https:\/\/schema.org\",\"@graph\":[{\"@type\":\"Organization\",\"@id\":\"https:\/\/www.sommatica.com\/#organization\",\"name\":\"SOMmatica\",\"url\":\"https:\/\/www.sommatica.com\/\",\"sameAs\":[\"https:\/\/www.linkedin.com\/in\/sommatica\/\",\"https:\/\/twitter.com\/sommatica_com\"],\"logo\":{\"@type\":\"ImageObject\",\"@id\":\"https:\/\/www.sommatica.com\/#logo\",\"inLanguage\":\"ca\",\"url\":\"https:\/\/www.sommatica.com\/wp-content\/uploads\/logo.png\",\"contentUrl\":\"https:\/\/www.sommatica.com\/wp-content\/uploads\/logo.png\",\"width\":242,\"height\":52,\"caption\":\"SOMmatica\"},\"image\":{\"@id\":\"https:\/\/www.sommatica.com\/#logo\"}},{\"@type\":\"WebSite\",\"@id\":\"https:\/\/www.sommatica.com\/#website\",\"url\":\"https:\/\/www.sommatica.com\/\",\"name\":\"SOMmatica\",\"description\":\"Soluciones IT para PYMES\",\"publisher\":{\"@id\":\"https:\/\/www.sommatica.com\/#organization\"},\"potentialAction\":[{\"@type\":\"SearchAction\",\"target\":{\"@type\":\"EntryPoint\",\"urlTemplate\":\"https:\/\/www.sommatica.com\/?s={search_term_string}\"},\"query-input\":\"required name=search_term_string\"}],\"inLanguage\":\"ca\"},{\"@type\":\"WebPage\",\"@id\":\"https:\/\/www.sommatica.com\/ca\/servidors-cloud\/#webpage\",\"url\":\"https:\/\/www.sommatica.com\/ca\/servidors-cloud\/\",\"name\":\"Servidors Cloud - SOMmatica\",\"isPartOf\":{\"@id\":\"https:\/\/www.sommatica.com\/#website\"},\"datePublished\":\"2019-06-26T09:52:02+00:00\",\"dateModified\":\"2019-12-25T20:38:48+00:00\",\"breadcrumb\":{\"@id\":\"https:\/\/www.sommatica.com\/ca\/servidors-cloud\/#breadcrumb\"},\"inLanguage\":\"ca\",\"potentialAction\":[{\"@type\":\"ReadAction\",\"target\":[\"https:\/\/www.sommatica.com\/ca\/servidors-cloud\/\"]}]},{\"@type\":\"BreadcrumbList\",\"@id\":\"https:\/\/www.sommatica.com\/ca\/servidors-cloud\/#breadcrumb\",\"itemListElement\":[{\"@type\":\"ListItem\",\"position\":1,\"name\":\"Portada\",\"item\":\"https:\/\/www.sommatica.com\/ca\/\"},{\"@type\":\"ListItem\",\"position\":2,\"name\":\"Servidors Cloud\"}]}]}<\/script>\n<!-- \/ Yoast SEO plugin. -->","yoast_head_json":{"title":"Servidors Cloud - SOMmatica","robots":{"index":"index","follow":"follow","max-snippet":"max-snippet:-1","max-image-preview":"max-image-preview:large","max-video-preview":"max-video-preview:-1"},"canonical":"https:\/\/www.sommatica.com\/ca\/servidors-cloud\/","og_locale":"ca_ES","og_type":"article","og_title":"Servidors Cloud - SOMmatica","og_description":"Qu\u00e8 inclou la nostra soluci\u00f3? Avantatges dels servidors Cloud: Sol\u00b7licita pressupost sense comprom\u00eds Confia en l\u2019experi\u00e8ncia i professionalitat de SOMmatica....","og_url":"https:\/\/www.sommatica.com\/ca\/servidors-cloud\/","og_site_name":"SOMmatica","article_modified_time":"2019-12-25T20:38:48+00:00","twitter_card":"summary_large_image","twitter_site":"@sommatica_com","twitter_misc":{"Temps estimat de lectura":"2 minuts"},"schema":{"@context":"https:\/\/schema.org","@graph":[{"@type":"Organization","@id":"https:\/\/www.sommatica.com\/#organization","name":"SOMmatica","url":"https:\/\/www.sommatica.com\/","sameAs":["https:\/\/www.linkedin.com\/in\/sommatica\/","https:\/\/twitter.com\/sommatica_com"],"logo":{"@type":"ImageObject","@id":"https:\/\/www.sommatica.com\/#logo","inLanguage":"ca","url":"https:\/\/www.sommatica.com\/wp-content\/uploads\/logo.png","contentUrl":"https:\/\/www.sommatica.com\/wp-content\/uploads\/logo.png","width":242,"height":52,"caption":"SOMmatica"},"image":{"@id":"https:\/\/www.sommatica.com\/#logo"}},{"@type":"WebSite","@id":"https:\/\/www.sommatica.com\/#website","url":"https:\/\/www.sommatica.com\/","name":"SOMmatica","description":"Soluciones IT para PYMES","publisher":{"@id":"https:\/\/www.sommatica.com\/#organization"},"potentialAction":[{"@type":"SearchAction","target":{"@type":"EntryPoint","urlTemplate":"https:\/\/www.sommatica.com\/?s={search_term_string}"},"query-input":"required name=search_term_string"}],"inLanguage":"ca"},{"@type":"WebPage","@id":"https:\/\/www.sommatica.com\/ca\/servidors-cloud\/#webpage","url":"https:\/\/www.sommatica.com\/ca\/servidors-cloud\/","name":"Servidors Cloud - SOMmatica","isPartOf":{"@id":"https:\/\/www.sommatica.com\/#website"},"datePublished":"2019-06-26T09:52:02+00:00","dateModified":"2019-12-25T20:38:48+00:00","breadcrumb":{"@id":"https:\/\/www.sommatica.com\/ca\/servidors-cloud\/#breadcrumb"},"inLanguage":"ca","potentialAction":[{"@type":"ReadAction","target":["https:\/\/www.sommatica.com\/ca\/servidors-cloud\/"]}]},{"@type":"BreadcrumbList","@id":"https:\/\/www.sommatica.com\/ca\/servidors-cloud\/#breadcrumb","itemListElement":[{"@type":"ListItem","position":1,"name":"Portada","item":"https:\/\/www.sommatica.com\/ca\/"},{"@type":"ListItem","position":2,"name":"Servidors Cloud"}]}]}},"_links":{"self":[{"href":"https:\/\/www.sommatica.com\/ca\/wp-json\/wp\/v2\/pages\/115"}],"collection":[{"href":"https:\/\/www.sommatica.com\/ca\/wp-json\/wp\/v2\/pages"}],"about":[{"href":"https:\/\/www.sommatica.com\/ca\/wp-json\/wp\/v2\/types\/page"}],"author":[{"embeddable":true,"href":"https:\/\/www.sommatica.com\/ca\/wp-json\/wp\/v2\/users\/1"}],"replies":[{"embeddable":true,"href":"https:\/\/www.sommatica.com\/ca\/wp-json\/wp\/v2\/comments?post=115"}],"version-history":[{"count":12,"href":"https:\/\/www.sommatica.com\/ca\/wp-json\/wp\/v2\/pages\/115\/revisions"}],"predecessor-version":[{"id":2041,"href":"https:\/\/www.sommatica.com\/ca\/wp-json\/wp\/v2\/pages\/115\/revisions\/2041"}],"wp:attachment":[{"href":"https:\/\/www.sommatica.com\/ca\/wp-json\/wp\/v2\/media?parent=115"}],"curies":[{"name":"wp","href":"https:\/\/api.w.org\/{rel}","templated":true}]}}