{"id":112,"date":"2019-06-26T11:50:05","date_gmt":"2019-06-26T09:50:05","guid":{"rendered":"http:\/\/www.sommatica.com\/serveis-web\/dominis-i-allotjament-web\/"},"modified":"2019-12-15T14:00:17","modified_gmt":"2019-12-15T13:00:17","slug":"allotjament-web","status":"publish","type":"page","link":"https:\/\/www.sommatica.com\/ca\/serveis-web\/allotjament-web\/","title":{"rendered":"Allotjament web"},"content":{"rendered":"<h3 class=\"section-title\"><strong>Qu\u00e8 inclou la nostra soluci\u00f3?<\/strong><\/h3>\n<div class=\"text_box\" style=\"border: none; \">\n<div class=\"text clearfix\" style=\"\">\n<div class=\"one_third\">\n<div class=\"iconed-text clearfix\"><span class=\"icon\" style=\"border-color: #ffffff; background-color: #ffffff; color: #598BAC;\">&#xe64d;<\/span><\/p>\n<div class=\"text\">\n<h5>Certificat SSL<\/h5>\n<div>Augmenta la seguretat, millora el posicionament web i genera confian\u00e7a en els visitants.<\/div>\n<\/div>\n<\/div>\n<div class=\"divider\"><\/div>\n<\/div>\n<div class=\"one_third\">\n<div class=\"iconed-text clearfix\"><span class=\"icon\" style=\"border-color: #ffffff; background-color: #ffffff; color: #BEE17B;\">&#xe607;<\/span><\/p>\n<div class=\"text\">\n<h5>Firewall<\/h5>\n<div>Soluci\u00f3 100% gestionada per SOMmatica que ajuda a prevenir els atacs i intents d&#8217;intrusi\u00f3.<\/div>\n<\/div>\n<\/div>\n<div class=\"divider\"><\/div>\n<\/div>\n<div class=\"one_third last\">\n<div class=\"iconed-text clearfix\"><span class=\"icon\" style=\"border-color: #ffffff; background-color: #ffffff; color: #FD573D;\">&#xe640;<\/span><\/p>\n<div class=\"text\">\n<h5>IP dedicada espanyola<\/h5>\n<div>Millora el posicionament web i redueix els riscos d&#8217;apar\u00e8ixer en llistes negres.<\/div>\n<\/div>\n<\/div>\n<div class=\"divider\"><\/div>\n<\/div>\n<div class=\"clear\"><\/div>\n<div class=\"one_third\">\n<div class=\"iconed-text clearfix\"><span class=\"icon\" style=\"border-color: #ffffff; background-color: #ffffff; color: #9CC9A0;\">&#xe603;<\/span><\/p>\n<div class=\"text\">\n<h5>Manteniment<\/h5>\n<div>Inclou l&#8217;administraci\u00f3, actualitzaci\u00f3, monitoritzaci\u00f3, c\u00f2pies de seguretat, etc.<\/div>\n<\/div>\n<\/div>\n<\/div>\n<div class=\"one_third\">\n<div class=\"iconed-text clearfix\"><span class=\"icon\" style=\"border-color: #ffffff; background-color: #ffffff; color: #FD8C62;\">&#xe60b;<\/span><\/p>\n<div class=\"text\">\n<h5>Suport<\/h5>\n<div>L&#8217;equip t\u00e8cnic de SOMmatica estar\u00e0 disponible per a qualsevol problema que et pogu\u00e9s sorgir.<\/div>\n<\/div>\n<\/div>\n<\/div>\n<div class=\"one_third last\">\n<div class=\"iconed-text clearfix\"><span class=\"icon\" style=\"border-color: #ffffff; background-color: #ffffff; color: #48AFDA;\">&#xe64c;<\/span><\/p>\n<div class=\"text\">\n<h5>Migraci\u00f3<\/h5>\n<div>Possibilitat que SOMmatica realitzi la migraci\u00f3 des dels servidors actuals sota pressupost.<\/div>\n<\/div>\n<\/div>\n<\/div>\n<div class=\"clear\"><\/div>\n<\/div>\n<\/div>\n<div class=\"divider linebreak\">&nbsp;<\/div>\n<div class=\"divider linebreak\">&nbsp;<\/div>\n<h3><strong>Avantatges d&#8217;un hosting professional:<\/strong><\/h3>\n<div class=\"one_half\">\n<div class=\"image wrap-box no-style below\" style=\"\">\n<div class=\"wrap-box-inner\"><img class=\"wrap-box-element\" style=\" \" src=\"https:\/\/www.sommatica.com\/wp-content\/uploads\/alojamiento-web.jpg\" alt=\"\"\/><\/div>\n<\/div>\n<\/div>\n<div class=\"one_half last\">L&#8217;elecci\u00f3 d&#8217;allotjament web \u00e9s vital per a qualsevol companyia, ja que un mal servei pot afectar la imatge i confian\u00e7a empresarial per caigudes de servei, lentitud, p\u00e8rdua de dades o accessos indeguts. Entre els avantatges de contractar un servei de hosting de qualitat destaquen els seg\u00fcents:<\/p>\n<div class=\"list arrow\">\n<ul>\n<li><span style=\"color: #48afdb;\">M\u00e0xima velocitat de c\u00e0rrega.<\/span><\/li>\n<li><span style=\"color: #48afdb;\">Servidors en alta disponibilitat.<\/span><\/li>\n<li><span style=\"color: #48afdb;\">Suport i manteniment realitzats per experts.<\/span><\/li>\n<li><span style=\"color: #48afdb;\">Mesures de seguretat com firewall o certificats SSL.<\/span><\/li>\n<li><span style=\"color: #48afdb;\">Backups i monitoritzaci\u00f3 inclosos.<\/span><\/li>\n<li><span style=\"color: #48afdb;\">Recursos ampliables sense necessitat de migrar.<\/span><\/li>\n<\/ul>\n<div class=\"divider linebreak\">&nbsp;<\/div>\n<\/div>\n<\/div>\n<div class=\"clear\"><\/div>\n<div class=\"divider linebreak\">&nbsp;<\/div>\n<div class=\"alert-box\">\n<div class=\"clearfix\">\n<div class=\"text\">\n<h2>Sol\u00b7licita pressupost sense comprom\u00eds<\/h2>\n<p>Confia en l\u2019experi\u00e8ncia i professionalitat de SOMmatica.<\/p><\/div>\n<div class=\"alert-button\"><a class=\"button\" href=\"https:\/\/www.sommatica.com\/ca\/contacte\/\">Contactar<\/a><\/div>\n<\/div>\n<\/div>\n","protected":false},"excerpt":{"rendered":"<p>Qu\u00e8 inclou la nostra soluci\u00f3? Avantatges d&#8217;un hosting professional: Sol\u00b7licita pressupost sense comprom\u00eds Confia en l\u2019experi\u00e8ncia i professionalitat de SOMmatica&#8230;.<\/p>\n","protected":false},"author":1,"featured_media":0,"parent":109,"menu_order":0,"comment_status":"closed","ping_status":"closed","template":"","meta":[],"yoast_head":"<!-- This site is optimized with the Yoast SEO plugin v18.3 - https:\/\/yoast.com\/wordpress\/plugins\/seo\/ -->\n<title>Allotjament web - SOMmatica<\/title>\n<meta name=\"robots\" content=\"index, follow, max-snippet:-1, max-image-preview:large, max-video-preview:-1\" \/>\n<link rel=\"canonical\" href=\"https:\/\/www.sommatica.com\/ca\/serveis-web\/allotjament-web\/\" \/>\n<meta property=\"og:locale\" content=\"ca_ES\" \/>\n<meta property=\"og:type\" content=\"article\" \/>\n<meta property=\"og:title\" content=\"Allotjament web - SOMmatica\" \/>\n<meta property=\"og:description\" content=\"Qu\u00e8 inclou la nostra soluci\u00f3? Avantatges d&#8217;un hosting professional: Sol\u00b7licita pressupost sense comprom\u00eds Confia en l\u2019experi\u00e8ncia i professionalitat de SOMmatica....\" \/>\n<meta property=\"og:url\" content=\"https:\/\/www.sommatica.com\/ca\/serveis-web\/allotjament-web\/\" \/>\n<meta property=\"og:site_name\" content=\"SOMmatica\" \/>\n<meta property=\"article:modified_time\" content=\"2019-12-15T13:00:17+00:00\" \/>\n<meta name=\"twitter:card\" content=\"summary_large_image\" \/>\n<meta name=\"twitter:site\" content=\"@sommatica_com\" \/>\n<meta name=\"twitter:label1\" content=\"Temps estimat de lectura\" \/>\n\t<meta name=\"twitter:data1\" content=\"2 minuts\" \/>\n<script type=\"application\/ld+json\" class=\"yoast-schema-graph\">{\"@context\":\"https:\/\/schema.org\",\"@graph\":[{\"@type\":\"Organization\",\"@id\":\"https:\/\/www.sommatica.com\/#organization\",\"name\":\"SOMmatica\",\"url\":\"https:\/\/www.sommatica.com\/\",\"sameAs\":[\"https:\/\/www.linkedin.com\/in\/sommatica\/\",\"https:\/\/twitter.com\/sommatica_com\"],\"logo\":{\"@type\":\"ImageObject\",\"@id\":\"https:\/\/www.sommatica.com\/#logo\",\"inLanguage\":\"ca\",\"url\":\"https:\/\/www.sommatica.com\/wp-content\/uploads\/logo.png\",\"contentUrl\":\"https:\/\/www.sommatica.com\/wp-content\/uploads\/logo.png\",\"width\":242,\"height\":52,\"caption\":\"SOMmatica\"},\"image\":{\"@id\":\"https:\/\/www.sommatica.com\/#logo\"}},{\"@type\":\"WebSite\",\"@id\":\"https:\/\/www.sommatica.com\/#website\",\"url\":\"https:\/\/www.sommatica.com\/\",\"name\":\"SOMmatica\",\"description\":\"Soluciones IT para PYMES\",\"publisher\":{\"@id\":\"https:\/\/www.sommatica.com\/#organization\"},\"potentialAction\":[{\"@type\":\"SearchAction\",\"target\":{\"@type\":\"EntryPoint\",\"urlTemplate\":\"https:\/\/www.sommatica.com\/?s={search_term_string}\"},\"query-input\":\"required name=search_term_string\"}],\"inLanguage\":\"ca\"},{\"@type\":\"WebPage\",\"@id\":\"https:\/\/www.sommatica.com\/ca\/serveis-web\/allotjament-web\/#webpage\",\"url\":\"https:\/\/www.sommatica.com\/ca\/serveis-web\/allotjament-web\/\",\"name\":\"Allotjament web - SOMmatica\",\"isPartOf\":{\"@id\":\"https:\/\/www.sommatica.com\/#website\"},\"datePublished\":\"2019-06-26T09:50:05+00:00\",\"dateModified\":\"2019-12-15T13:00:17+00:00\",\"breadcrumb\":{\"@id\":\"https:\/\/www.sommatica.com\/ca\/serveis-web\/allotjament-web\/#breadcrumb\"},\"inLanguage\":\"ca\",\"potentialAction\":[{\"@type\":\"ReadAction\",\"target\":[\"https:\/\/www.sommatica.com\/ca\/serveis-web\/allotjament-web\/\"]}]},{\"@type\":\"BreadcrumbList\",\"@id\":\"https:\/\/www.sommatica.com\/ca\/serveis-web\/allotjament-web\/#breadcrumb\",\"itemListElement\":[{\"@type\":\"ListItem\",\"position\":1,\"name\":\"Portada\",\"item\":\"https:\/\/www.sommatica.com\/ca\/\"},{\"@type\":\"ListItem\",\"position\":2,\"name\":\"Serveis web\",\"item\":\"https:\/\/www.sommatica.com\/ca\/serveis-web\/\"},{\"@type\":\"ListItem\",\"position\":3,\"name\":\"Allotjament web\"}]}]}<\/script>\n<!-- \/ Yoast SEO plugin. -->","yoast_head_json":{"title":"Allotjament web - SOMmatica","robots":{"index":"index","follow":"follow","max-snippet":"max-snippet:-1","max-image-preview":"max-image-preview:large","max-video-preview":"max-video-preview:-1"},"canonical":"https:\/\/www.sommatica.com\/ca\/serveis-web\/allotjament-web\/","og_locale":"ca_ES","og_type":"article","og_title":"Allotjament web - SOMmatica","og_description":"Qu\u00e8 inclou la nostra soluci\u00f3? Avantatges d&#8217;un hosting professional: Sol\u00b7licita pressupost sense comprom\u00eds Confia en l\u2019experi\u00e8ncia i professionalitat de SOMmatica....","og_url":"https:\/\/www.sommatica.com\/ca\/serveis-web\/allotjament-web\/","og_site_name":"SOMmatica","article_modified_time":"2019-12-15T13:00:17+00:00","twitter_card":"summary_large_image","twitter_site":"@sommatica_com","twitter_misc":{"Temps estimat de lectura":"2 minuts"},"schema":{"@context":"https:\/\/schema.org","@graph":[{"@type":"Organization","@id":"https:\/\/www.sommatica.com\/#organization","name":"SOMmatica","url":"https:\/\/www.sommatica.com\/","sameAs":["https:\/\/www.linkedin.com\/in\/sommatica\/","https:\/\/twitter.com\/sommatica_com"],"logo":{"@type":"ImageObject","@id":"https:\/\/www.sommatica.com\/#logo","inLanguage":"ca","url":"https:\/\/www.sommatica.com\/wp-content\/uploads\/logo.png","contentUrl":"https:\/\/www.sommatica.com\/wp-content\/uploads\/logo.png","width":242,"height":52,"caption":"SOMmatica"},"image":{"@id":"https:\/\/www.sommatica.com\/#logo"}},{"@type":"WebSite","@id":"https:\/\/www.sommatica.com\/#website","url":"https:\/\/www.sommatica.com\/","name":"SOMmatica","description":"Soluciones IT para PYMES","publisher":{"@id":"https:\/\/www.sommatica.com\/#organization"},"potentialAction":[{"@type":"SearchAction","target":{"@type":"EntryPoint","urlTemplate":"https:\/\/www.sommatica.com\/?s={search_term_string}"},"query-input":"required name=search_term_string"}],"inLanguage":"ca"},{"@type":"WebPage","@id":"https:\/\/www.sommatica.com\/ca\/serveis-web\/allotjament-web\/#webpage","url":"https:\/\/www.sommatica.com\/ca\/serveis-web\/allotjament-web\/","name":"Allotjament web - SOMmatica","isPartOf":{"@id":"https:\/\/www.sommatica.com\/#website"},"datePublished":"2019-06-26T09:50:05+00:00","dateModified":"2019-12-15T13:00:17+00:00","breadcrumb":{"@id":"https:\/\/www.sommatica.com\/ca\/serveis-web\/allotjament-web\/#breadcrumb"},"inLanguage":"ca","potentialAction":[{"@type":"ReadAction","target":["https:\/\/www.sommatica.com\/ca\/serveis-web\/allotjament-web\/"]}]},{"@type":"BreadcrumbList","@id":"https:\/\/www.sommatica.com\/ca\/serveis-web\/allotjament-web\/#breadcrumb","itemListElement":[{"@type":"ListItem","position":1,"name":"Portada","item":"https:\/\/www.sommatica.com\/ca\/"},{"@type":"ListItem","position":2,"name":"Serveis web","item":"https:\/\/www.sommatica.com\/ca\/serveis-web\/"},{"@type":"ListItem","position":3,"name":"Allotjament web"}]}]}},"_links":{"self":[{"href":"https:\/\/www.sommatica.com\/ca\/wp-json\/wp\/v2\/pages\/112"}],"collection":[{"href":"https:\/\/www.sommatica.com\/ca\/wp-json\/wp\/v2\/pages"}],"about":[{"href":"https:\/\/www.sommatica.com\/ca\/wp-json\/wp\/v2\/types\/page"}],"author":[{"embeddable":true,"href":"https:\/\/www.sommatica.com\/ca\/wp-json\/wp\/v2\/users\/1"}],"replies":[{"embeddable":true,"href":"https:\/\/www.sommatica.com\/ca\/wp-json\/wp\/v2\/comments?post=112"}],"version-history":[{"count":17,"href":"https:\/\/www.sommatica.com\/ca\/wp-json\/wp\/v2\/pages\/112\/revisions"}],"predecessor-version":[{"id":1456,"href":"https:\/\/www.sommatica.com\/ca\/wp-json\/wp\/v2\/pages\/112\/revisions\/1456"}],"up":[{"embeddable":true,"href":"https:\/\/www.sommatica.com\/ca\/wp-json\/wp\/v2\/pages\/109"}],"wp:attachment":[{"href":"https:\/\/www.sommatica.com\/ca\/wp-json\/wp\/v2\/media?parent=112"}],"curies":[{"name":"wp","href":"https:\/\/api.w.org\/{rel}","templated":true}]}}