{"id":110,"date":"2019-06-26T11:49:50","date_gmt":"2019-06-26T09:49:50","guid":{"rendered":"http:\/\/www.sommatica.com\/serveis-web\/auditoria-i-optimitzacio-web\/"},"modified":"2019-12-29T11:16:52","modified_gmt":"2019-12-29T10:16:52","slug":"optimitzacio-web","status":"publish","type":"page","link":"https:\/\/www.sommatica.com\/ca\/serveis-web\/optimitzacio-web\/","title":{"rendered":"Auditoria i optimitzaci\u00f3 web"},"content":{"rendered":"<h3 class=\"section-title\"><strong>Quins serveis oferim?<\/strong><\/h3>\n<div class=\"text_box\" style=\"border: none; \">\n<div class=\"text clearfix\" style=\"\">\n<div class=\"one_third\">\n<div class=\"iconed-text clearfix\"><span class=\"icon\" style=\"border-color: #ffffff; background-color: #ffffff; color: #598BAC;\">&#xe654;<\/span><\/p>\n<div class=\"text\">\n<h5>Velocitat de c\u00e0rrega<\/h5>\n<div>An\u00e0lisi detallat del codi (HTML, CSS i Java Script), imatges, plugins i servidor web.<\/div>\n<\/div>\n<\/div>\n<div class=\"divider\"><\/div>\n<\/div>\n<div class=\"one_third\">\n<div class=\"iconed-text clearfix\"><span class=\"icon\" style=\"border-color: #ffffff; background-color: #ffffff; color: #BEE17B;\">&#xe664;<\/span><\/p>\n<div class=\"text\">\n<h5>SEO<\/h5>\n<div>Coher\u00e8ncia i \u00fas de paraules clau, estrat\u00e8gia d&#8217;enlla\u00e7os, social media i factors penalitzants.<\/div>\n<\/div>\n<\/div>\n<div class=\"divider\"><\/div>\n<\/div>\n<div class=\"one_third last\">\n<div class=\"iconed-text clearfix\"><span class=\"icon\" style=\"border-color: #ffffff; background-color: #ffffff; color: #FD573D;\">&#xe613;<\/span><\/p>\n<div class=\"text\">\n<h5>Usabilitat i accessibilitat<\/h5>\n<div>Test de navegabilitat, validaci\u00f3 de codi i compliment d&#8217;est\u00e0ndards W3C i WAI-CAG.<\/div>\n<\/div>\n<\/div>\n<div class=\"divider\"><\/div>\n<\/div>\n<div class=\"clear\"><\/div>\n<div class=\"one_third\">\n<div class=\"iconed-text clearfix\"><span class=\"icon\" style=\"border-color: #ffffff; background-color: #ffffff; color: #9CC9A0;\">&#xe64d;<\/span><\/p>\n<div class=\"text\">\n<h5>Seguretat<\/h5>\n<div>An\u00e0lisi de vulnerabilitats, detecci\u00f3 de software malici\u00f3s i eliminaci\u00f3 de llistes negres.<\/div>\n<\/div>\n<\/div>\n<\/div>\n<div class=\"one_third\">\n<div class=\"iconed-text clearfix\"><span class=\"icon\" style=\"border-color: #ffffff; background-color: #ffffff; color: #FD8C62;\">&#xe65a;<\/span><\/p>\n<div class=\"text\">\n<h5>Anal\u00edtica web<\/h5>\n<div>Millora el nombre de p\u00e0gines vistes, temps de perman\u00e8ncia i taxes de rebot i conversi\u00f3.<\/div>\n<\/div>\n<\/div>\n<\/div>\n<div class=\"one_third last\">\n<div class=\"iconed-text clearfix\"><span class=\"icon\" style=\"border-color: #ffffff; background-color: #ffffff; color: #48AFDA;\">&#xe699;<\/span><\/p>\n<div class=\"text\">\n<h5>Branding<\/h5>\n<div>Estudi i disseny d&#8217;estrat\u00e8gia per augmentar la influ\u00e8ncia i reputaci\u00f3 de la teva marca a Internet.<\/div>\n<\/div>\n<\/div>\n<\/div>\n<div class=\"clear\"><\/div>\n<\/div>\n<\/div>\n<div class=\"divider linebreak\">&nbsp;<\/div>\n<div class=\"divider linebreak\">&nbsp;<\/div>\n<h3><strong>Avantatges de l&#8217;optimitzaci\u00f3 web:<\/strong><\/h3>\n<div class=\"one_half\">\n<div class=\"image wrap-box no-style below\" style=\"\">\n<div class=\"wrap-box-inner\"><img class=\"wrap-box-element\" style=\" \" src=\"https:\/\/www.sommatica.com\/wp-content\/uploads\/optimizacion-web.jpg\" alt=\"\"\/><\/div>\n<\/div>\n<\/div>\n<div class=\"one_half last\">La primera impressi\u00f3 \u00e9s molt important, per aix\u00f2 \u00e9s vital generar una bona imatge de marca que transmeti confian\u00e7a davant els possibles clients. En SOMmatica oferim un servei personalitzat d&#8217;optimitzaci\u00f3 de llocs web per millorar l&#8217;experi\u00e8ncia de navegaci\u00f3 dels usuaris amb els seg\u00fcents cinc objectius:<\/p>\n<div class=\"list arrow\">\n<ul>\n<li><span style=\"color: #48afdb;\">Millorar la imatge digital.<\/span><\/li>\n<li><span style=\"color: #48afdb;\">Generar confian\u00e7a.<\/span><\/li>\n<li><span style=\"color: #48afdb;\">Atraure nous clients.<\/span><\/li>\n<li><span style=\"color: #48afdb;\">Augmentar les vendes.<\/span><\/li>\n<li><span style=\"color: #48afdb;\">Crear estrat\u00e8gia de millora cont\u00ednua.<\/span><\/li>\n<\/ul>\n<div class=\"divider linebreak\">&nbsp;<\/div>\n<\/div>\n<\/div>\n<div class=\"clear\"><\/div>\n<div class=\"divider linebreak\">&nbsp;<\/div>\n<div class=\"alert-box\">\n<div class=\"clearfix\">\n<div class=\"text\">\n<h2>Sol\u00b7licita pressupost sense comprom\u00eds<\/h2>\n<p>Confia en l\u2019experi\u00e8ncia i professionalitat de SOMmatica.<\/p><\/div>\n<div class=\"alert-button\"><a class=\"button\" href=\"https:\/\/www.sommatica.com\/ca\/contacte\/\">Contactar<\/a><\/div>\n<\/div>\n<\/div>\n","protected":false},"excerpt":{"rendered":"<p>Quins serveis oferim? Avantatges de l&#8217;optimitzaci\u00f3 web: Sol\u00b7licita pressupost sense comprom\u00eds Confia en l\u2019experi\u00e8ncia i professionalitat de SOMmatica. Contactar<\/p>\n","protected":false},"author":1,"featured_media":0,"parent":109,"menu_order":0,"comment_status":"closed","ping_status":"closed","template":"","meta":[],"yoast_head":"<!-- This site is optimized with the Yoast SEO plugin v18.3 - https:\/\/yoast.com\/wordpress\/plugins\/seo\/ -->\n<title>Auditoria i optimitzaci\u00f3 web - SOMmatica<\/title>\n<meta name=\"robots\" content=\"index, follow, max-snippet:-1, max-image-preview:large, max-video-preview:-1\" \/>\n<link rel=\"canonical\" href=\"https:\/\/www.sommatica.com\/ca\/serveis-web\/optimitzacio-web\/\" \/>\n<meta property=\"og:locale\" content=\"ca_ES\" \/>\n<meta property=\"og:type\" content=\"article\" \/>\n<meta property=\"og:title\" content=\"Auditoria i optimitzaci\u00f3 web - SOMmatica\" \/>\n<meta property=\"og:description\" content=\"Quins serveis oferim? Avantatges de l&#8217;optimitzaci\u00f3 web: Sol\u00b7licita pressupost sense comprom\u00eds Confia en l\u2019experi\u00e8ncia i professionalitat de SOMmatica. Contactar\" \/>\n<meta property=\"og:url\" content=\"https:\/\/www.sommatica.com\/ca\/serveis-web\/optimitzacio-web\/\" \/>\n<meta property=\"og:site_name\" content=\"SOMmatica\" \/>\n<meta property=\"article:modified_time\" content=\"2019-12-29T10:16:52+00:00\" \/>\n<meta name=\"twitter:card\" content=\"summary_large_image\" \/>\n<meta name=\"twitter:site\" content=\"@sommatica_com\" \/>\n<meta name=\"twitter:label1\" content=\"Temps estimat de lectura\" \/>\n\t<meta name=\"twitter:data1\" content=\"2 minuts\" \/>\n<script type=\"application\/ld+json\" class=\"yoast-schema-graph\">{\"@context\":\"https:\/\/schema.org\",\"@graph\":[{\"@type\":\"Organization\",\"@id\":\"https:\/\/www.sommatica.com\/#organization\",\"name\":\"SOMmatica\",\"url\":\"https:\/\/www.sommatica.com\/\",\"sameAs\":[\"https:\/\/www.linkedin.com\/in\/sommatica\/\",\"https:\/\/twitter.com\/sommatica_com\"],\"logo\":{\"@type\":\"ImageObject\",\"@id\":\"https:\/\/www.sommatica.com\/#logo\",\"inLanguage\":\"ca\",\"url\":\"https:\/\/www.sommatica.com\/wp-content\/uploads\/logo.png\",\"contentUrl\":\"https:\/\/www.sommatica.com\/wp-content\/uploads\/logo.png\",\"width\":242,\"height\":52,\"caption\":\"SOMmatica\"},\"image\":{\"@id\":\"https:\/\/www.sommatica.com\/#logo\"}},{\"@type\":\"WebSite\",\"@id\":\"https:\/\/www.sommatica.com\/#website\",\"url\":\"https:\/\/www.sommatica.com\/\",\"name\":\"SOMmatica\",\"description\":\"Soluciones IT para PYMES\",\"publisher\":{\"@id\":\"https:\/\/www.sommatica.com\/#organization\"},\"potentialAction\":[{\"@type\":\"SearchAction\",\"target\":{\"@type\":\"EntryPoint\",\"urlTemplate\":\"https:\/\/www.sommatica.com\/?s={search_term_string}\"},\"query-input\":\"required name=search_term_string\"}],\"inLanguage\":\"ca\"},{\"@type\":\"WebPage\",\"@id\":\"https:\/\/www.sommatica.com\/ca\/serveis-web\/optimitzacio-web\/#webpage\",\"url\":\"https:\/\/www.sommatica.com\/ca\/serveis-web\/optimitzacio-web\/\",\"name\":\"Auditoria i optimitzaci\u00f3 web - SOMmatica\",\"isPartOf\":{\"@id\":\"https:\/\/www.sommatica.com\/#website\"},\"datePublished\":\"2019-06-26T09:49:50+00:00\",\"dateModified\":\"2019-12-29T10:16:52+00:00\",\"breadcrumb\":{\"@id\":\"https:\/\/www.sommatica.com\/ca\/serveis-web\/optimitzacio-web\/#breadcrumb\"},\"inLanguage\":\"ca\",\"potentialAction\":[{\"@type\":\"ReadAction\",\"target\":[\"https:\/\/www.sommatica.com\/ca\/serveis-web\/optimitzacio-web\/\"]}]},{\"@type\":\"BreadcrumbList\",\"@id\":\"https:\/\/www.sommatica.com\/ca\/serveis-web\/optimitzacio-web\/#breadcrumb\",\"itemListElement\":[{\"@type\":\"ListItem\",\"position\":1,\"name\":\"Portada\",\"item\":\"https:\/\/www.sommatica.com\/ca\/\"},{\"@type\":\"ListItem\",\"position\":2,\"name\":\"Serveis web\",\"item\":\"https:\/\/www.sommatica.com\/ca\/serveis-web\/\"},{\"@type\":\"ListItem\",\"position\":3,\"name\":\"Auditoria i optimitzaci\u00f3 web\"}]}]}<\/script>\n<!-- \/ Yoast SEO plugin. -->","yoast_head_json":{"title":"Auditoria i optimitzaci\u00f3 web - SOMmatica","robots":{"index":"index","follow":"follow","max-snippet":"max-snippet:-1","max-image-preview":"max-image-preview:large","max-video-preview":"max-video-preview:-1"},"canonical":"https:\/\/www.sommatica.com\/ca\/serveis-web\/optimitzacio-web\/","og_locale":"ca_ES","og_type":"article","og_title":"Auditoria i optimitzaci\u00f3 web - SOMmatica","og_description":"Quins serveis oferim? Avantatges de l&#8217;optimitzaci\u00f3 web: Sol\u00b7licita pressupost sense comprom\u00eds Confia en l\u2019experi\u00e8ncia i professionalitat de SOMmatica. Contactar","og_url":"https:\/\/www.sommatica.com\/ca\/serveis-web\/optimitzacio-web\/","og_site_name":"SOMmatica","article_modified_time":"2019-12-29T10:16:52+00:00","twitter_card":"summary_large_image","twitter_site":"@sommatica_com","twitter_misc":{"Temps estimat de lectura":"2 minuts"},"schema":{"@context":"https:\/\/schema.org","@graph":[{"@type":"Organization","@id":"https:\/\/www.sommatica.com\/#organization","name":"SOMmatica","url":"https:\/\/www.sommatica.com\/","sameAs":["https:\/\/www.linkedin.com\/in\/sommatica\/","https:\/\/twitter.com\/sommatica_com"],"logo":{"@type":"ImageObject","@id":"https:\/\/www.sommatica.com\/#logo","inLanguage":"ca","url":"https:\/\/www.sommatica.com\/wp-content\/uploads\/logo.png","contentUrl":"https:\/\/www.sommatica.com\/wp-content\/uploads\/logo.png","width":242,"height":52,"caption":"SOMmatica"},"image":{"@id":"https:\/\/www.sommatica.com\/#logo"}},{"@type":"WebSite","@id":"https:\/\/www.sommatica.com\/#website","url":"https:\/\/www.sommatica.com\/","name":"SOMmatica","description":"Soluciones IT para PYMES","publisher":{"@id":"https:\/\/www.sommatica.com\/#organization"},"potentialAction":[{"@type":"SearchAction","target":{"@type":"EntryPoint","urlTemplate":"https:\/\/www.sommatica.com\/?s={search_term_string}"},"query-input":"required name=search_term_string"}],"inLanguage":"ca"},{"@type":"WebPage","@id":"https:\/\/www.sommatica.com\/ca\/serveis-web\/optimitzacio-web\/#webpage","url":"https:\/\/www.sommatica.com\/ca\/serveis-web\/optimitzacio-web\/","name":"Auditoria i optimitzaci\u00f3 web - SOMmatica","isPartOf":{"@id":"https:\/\/www.sommatica.com\/#website"},"datePublished":"2019-06-26T09:49:50+00:00","dateModified":"2019-12-29T10:16:52+00:00","breadcrumb":{"@id":"https:\/\/www.sommatica.com\/ca\/serveis-web\/optimitzacio-web\/#breadcrumb"},"inLanguage":"ca","potentialAction":[{"@type":"ReadAction","target":["https:\/\/www.sommatica.com\/ca\/serveis-web\/optimitzacio-web\/"]}]},{"@type":"BreadcrumbList","@id":"https:\/\/www.sommatica.com\/ca\/serveis-web\/optimitzacio-web\/#breadcrumb","itemListElement":[{"@type":"ListItem","position":1,"name":"Portada","item":"https:\/\/www.sommatica.com\/ca\/"},{"@type":"ListItem","position":2,"name":"Serveis web","item":"https:\/\/www.sommatica.com\/ca\/serveis-web\/"},{"@type":"ListItem","position":3,"name":"Auditoria i optimitzaci\u00f3 web"}]}]}},"_links":{"self":[{"href":"https:\/\/www.sommatica.com\/ca\/wp-json\/wp\/v2\/pages\/110"}],"collection":[{"href":"https:\/\/www.sommatica.com\/ca\/wp-json\/wp\/v2\/pages"}],"about":[{"href":"https:\/\/www.sommatica.com\/ca\/wp-json\/wp\/v2\/types\/page"}],"author":[{"embeddable":true,"href":"https:\/\/www.sommatica.com\/ca\/wp-json\/wp\/v2\/users\/1"}],"replies":[{"embeddable":true,"href":"https:\/\/www.sommatica.com\/ca\/wp-json\/wp\/v2\/comments?post=110"}],"version-history":[{"count":14,"href":"https:\/\/www.sommatica.com\/ca\/wp-json\/wp\/v2\/pages\/110\/revisions"}],"predecessor-version":[{"id":2145,"href":"https:\/\/www.sommatica.com\/ca\/wp-json\/wp\/v2\/pages\/110\/revisions\/2145"}],"up":[{"embeddable":true,"href":"https:\/\/www.sommatica.com\/ca\/wp-json\/wp\/v2\/pages\/109"}],"wp:attachment":[{"href":"https:\/\/www.sommatica.com\/ca\/wp-json\/wp\/v2\/media?parent=110"}],"curies":[{"name":"wp","href":"https:\/\/api.w.org\/{rel}","templated":true}]}}