{"id":108,"date":"2019-06-26T11:49:33","date_gmt":"2019-06-26T09:49:33","guid":{"rendered":"http:\/\/www.sommatica.com\/serveis-it\/virtualitzacio\/"},"modified":"2020-04-19T02:13:21","modified_gmt":"2020-04-19T00:13:21","slug":"virtualitzacio","status":"publish","type":"page","link":"https:\/\/www.sommatica.com\/ca\/serveis-it\/virtualitzacio\/","title":{"rendered":"Virtualitzaci\u00f3"},"content":{"rendered":"<h3 class=\"section-title\"><strong>Quins serveis oferim?<\/strong><\/h3>\n<div class=\"text_box\" style=\"border: none; \">\n<div class=\"text clearfix\" style=\"\">\n<div class=\"one_third\">\n<div class=\"iconed-text clearfix\"><span class=\"icon\" style=\"border-color: #ffffff; background-color: #ffffff; color: #598BAC;\">&#xe603;<\/span><\/p>\n<div class=\"text\">\n<h5>Implementacions<\/h5>\n<div>Assessorament, planificaci\u00f3 i instal\u00b7laci\u00f3 d&#8217;un nou entorn. Projecte &#8220;clau en m\u00e0&#8221;.<\/div>\n<\/div>\n<\/div>\n<div class=\"divider\"><\/div>\n<\/div>\n<div class=\"one_third\">\n<div class=\"iconed-text clearfix\"><span class=\"icon\" style=\"border-color: #ffffff; background-color: #ffffff; color: #BEE17B;\">&#xe666;<\/span><\/p>\n<div class=\"text\">\n<h5>Actualitzacions<\/h5>\n<div>Mantingues actualitzada la teva plataforma virtual amb tota seguretat de la m\u00e0 de SOMmatica.<\/div>\n<\/div>\n<\/div>\n<div class=\"divider\"><\/div>\n<\/div>\n<div class=\"one_third last\">\n<div class=\"iconed-text clearfix\"><span class=\"icon\" style=\"border-color: #ffffff; background-color: #ffffff; color: #FD573D;\">&#xe664;<\/span><\/p>\n<div class=\"text\">\n<h5>Auditories<\/h5>\n<div>Recomanable per garantir el rendiment, disponibilitat i seguretat del teu actual entorn.<\/div>\n<\/div>\n<\/div>\n<div class=\"divider\"><\/div>\n<\/div>\n<div class=\"clear\"><\/div>\n<div class=\"one_third\">\n<div class=\"iconed-text clearfix\"><span class=\"icon\" style=\"border-color: #ffffff; background-color: #ffffff; color: #9CC9A0;\">&#xe635;<\/span><\/p>\n<div class=\"text\">\n<h5>Administraci\u00f3<\/h5>\n<div>Gesti\u00f3 completa d&#8217;infraestructures virtuals segons les necessitats de cada client.<\/div>\n<\/div>\n<\/div>\n<\/div>\n<div class=\"one_third\">\n<div class=\"iconed-text clearfix\"><span class=\"icon\" style=\"border-color: #ffffff; background-color: #ffffff; color: #FD8C62;\">&#xe65a;<\/span><\/p>\n<div class=\"text\">\n<h5>Monitoritzaci\u00f3<\/h5>\n<div>Implementaci\u00f3 personalitzada que permet assegurar la disponibilitat de la plataforma.<\/div>\n<\/div>\n<\/div>\n<\/div>\n<div class=\"one_third last\">\n<div class=\"iconed-text clearfix\"><span class=\"icon\" style=\"border-color: #ffffff; background-color: #ffffff; color: #48AFDA;\">&#xe64c;<\/span><\/p>\n<div class=\"text\">\n<h5>Virtualitzaci\u00f3<\/h5>\n<div>Confia en SOMmatica per virtualitzar els teus servidors, escriptoris i\/o aplicacions.<\/div>\n<\/div>\n<\/div>\n<\/div>\n<div class=\"clear\"><\/div>\n<\/div>\n<\/div>\n<div class=\"divider linebreak\">&nbsp;<\/div>\n<div class=\"divider linebreak\">&nbsp;<\/div>\n<h3><strong>Avantatges de la virtualitzaci\u00f3:<\/strong><\/h3>\n<div class=\"one_half\">\n<div class=\"image wrap-box no-style below\" style=\"\">\n<div class=\"wrap-box-inner\"><img class=\"wrap-box-element\" style=\" \" src=\"https:\/\/www.sommatica.com\/wp-content\/uploads\/virtualizacion.jpg\" alt=\"\"\/><\/div>\n<\/div>\n<\/div>\n<div class=\"one_half last\">La virtualitzaci\u00f3 \u00e9s la tecnologia que permet dividir els recursos d&#8217;un servidor f\u00edsic en m\u00faltiples servidors virtuals que poden executar sistemes operatius i aplicacions diferents. Entre els innombrables avantatges de la virtualitzaci\u00f3 destaquen els seg\u00fcents:<\/p>\n<div class=\"list arrow\">\n<ul>\n<li><span style=\"color: #48afdb;\">Reducci\u00f3 de costos.<\/span><\/li>\n<li><span style=\"color: #48afdb;\">Augment de seguretat.<\/span><\/li>\n<li><span style=\"color: #48afdb;\">Gesti\u00f3 centralitzada.<\/span><\/li>\n<li><span style=\"color: #48afdb;\">Menor temps de recuperaci\u00f3 davant desastres.<\/span><\/li>\n<li><span style=\"color: #48afdb;\">Major agilitat en la creaci\u00f3 de servidors.<\/span><\/li>\n<li><span style=\"color: #48afdb;\">Flexibilitat en la gesti\u00f3 de recursos assignats.<\/span><\/li>\n<\/ul>\n<div class=\"divider linebreak\">&nbsp;<\/div>\n<\/div>\n<\/div>\n<div class=\"clear\"><\/div>\n<div class=\"divider linebreak\">&nbsp;<\/div>\n<div class=\"alert-box\">\n<div class=\"clearfix\">\n<div class=\"text\">\n<h2>Sol\u00b7licita pressupost sense comprom\u00eds<\/h2>\n<p>Confia en l\u2019experi\u00e8ncia i professionalitat de SOMmatica.<\/p>\n<\/div>\n<div class=\"alert-button\"><a class=\"button\" href=\"https:\/\/www.sommatica.com\/ca\/contacte\/\">Contactar<\/a><\/div>\n<\/div>\n<\/div>\n","protected":false},"excerpt":{"rendered":"<p>Quins serveis oferim? Avantatges de la virtualitzaci\u00f3: Sol\u00b7licita pressupost sense comprom\u00eds Confia en l\u2019experi\u00e8ncia i professionalitat de SOMmatica. Contactar<\/p>\n","protected":false},"author":1,"featured_media":1421,"parent":102,"menu_order":0,"comment_status":"closed","ping_status":"closed","template":"","meta":[],"yoast_head":"<!-- This site is optimized with the Yoast SEO plugin v18.3 - https:\/\/yoast.com\/wordpress\/plugins\/seo\/ -->\n<title>Virtualitzaci\u00f3 - SOMmatica<\/title>\n<meta name=\"robots\" content=\"index, follow, max-snippet:-1, max-image-preview:large, max-video-preview:-1\" \/>\n<link rel=\"canonical\" href=\"https:\/\/www.sommatica.com\/ca\/serveis-it\/virtualitzacio\/\" \/>\n<meta property=\"og:locale\" content=\"ca_ES\" \/>\n<meta property=\"og:type\" content=\"article\" \/>\n<meta property=\"og:title\" content=\"Virtualitzaci\u00f3 - SOMmatica\" \/>\n<meta property=\"og:description\" content=\"Quins serveis oferim? Avantatges de la virtualitzaci\u00f3: Sol\u00b7licita pressupost sense comprom\u00eds Confia en l\u2019experi\u00e8ncia i professionalitat de SOMmatica. Contactar\" \/>\n<meta property=\"og:url\" content=\"https:\/\/www.sommatica.com\/ca\/serveis-it\/virtualitzacio\/\" \/>\n<meta property=\"og:site_name\" content=\"SOMmatica\" \/>\n<meta property=\"article:modified_time\" content=\"2020-04-19T00:13:21+00:00\" \/>\n<meta property=\"og:image\" content=\"https:\/\/www.sommatica.com\/wp-content\/uploads\/virtualizacion.jpg\" \/>\n\t<meta property=\"og:image:width\" content=\"1000\" \/>\n\t<meta property=\"og:image:height\" content=\"667\" \/>\n\t<meta property=\"og:image:type\" content=\"image\/jpeg\" \/>\n<meta name=\"twitter:card\" content=\"summary_large_image\" \/>\n<meta name=\"twitter:site\" content=\"@sommatica_com\" \/>\n<meta name=\"twitter:label1\" content=\"Temps estimat de lectura\" \/>\n\t<meta name=\"twitter:data1\" content=\"2 minuts\" \/>\n<script type=\"application\/ld+json\" class=\"yoast-schema-graph\">{\"@context\":\"https:\/\/schema.org\",\"@graph\":[{\"@type\":\"Organization\",\"@id\":\"https:\/\/www.sommatica.com\/#organization\",\"name\":\"SOMmatica\",\"url\":\"https:\/\/www.sommatica.com\/\",\"sameAs\":[\"https:\/\/www.linkedin.com\/in\/sommatica\/\",\"https:\/\/twitter.com\/sommatica_com\"],\"logo\":{\"@type\":\"ImageObject\",\"@id\":\"https:\/\/www.sommatica.com\/#logo\",\"inLanguage\":\"ca\",\"url\":\"https:\/\/www.sommatica.com\/wp-content\/uploads\/logo.png\",\"contentUrl\":\"https:\/\/www.sommatica.com\/wp-content\/uploads\/logo.png\",\"width\":242,\"height\":52,\"caption\":\"SOMmatica\"},\"image\":{\"@id\":\"https:\/\/www.sommatica.com\/#logo\"}},{\"@type\":\"WebSite\",\"@id\":\"https:\/\/www.sommatica.com\/#website\",\"url\":\"https:\/\/www.sommatica.com\/\",\"name\":\"SOMmatica\",\"description\":\"Soluciones IT para PYMES\",\"publisher\":{\"@id\":\"https:\/\/www.sommatica.com\/#organization\"},\"potentialAction\":[{\"@type\":\"SearchAction\",\"target\":{\"@type\":\"EntryPoint\",\"urlTemplate\":\"https:\/\/www.sommatica.com\/?s={search_term_string}\"},\"query-input\":\"required name=search_term_string\"}],\"inLanguage\":\"ca\"},{\"@type\":\"ImageObject\",\"@id\":\"https:\/\/www.sommatica.com\/ca\/serveis-it\/virtualitzacio\/#primaryimage\",\"inLanguage\":\"ca\",\"url\":\"https:\/\/www.sommatica.com\/wp-content\/uploads\/virtualizacion.jpg\",\"contentUrl\":\"https:\/\/www.sommatica.com\/wp-content\/uploads\/virtualizacion.jpg\",\"width\":1000,\"height\":667,\"caption\":\"Virtualizaci\u00f3n empresarial\"},{\"@type\":\"WebPage\",\"@id\":\"https:\/\/www.sommatica.com\/ca\/serveis-it\/virtualitzacio\/#webpage\",\"url\":\"https:\/\/www.sommatica.com\/ca\/serveis-it\/virtualitzacio\/\",\"name\":\"Virtualitzaci\u00f3 - SOMmatica\",\"isPartOf\":{\"@id\":\"https:\/\/www.sommatica.com\/#website\"},\"primaryImageOfPage\":{\"@id\":\"https:\/\/www.sommatica.com\/ca\/serveis-it\/virtualitzacio\/#primaryimage\"},\"datePublished\":\"2019-06-26T09:49:33+00:00\",\"dateModified\":\"2020-04-19T00:13:21+00:00\",\"breadcrumb\":{\"@id\":\"https:\/\/www.sommatica.com\/ca\/serveis-it\/virtualitzacio\/#breadcrumb\"},\"inLanguage\":\"ca\",\"potentialAction\":[{\"@type\":\"ReadAction\",\"target\":[\"https:\/\/www.sommatica.com\/ca\/serveis-it\/virtualitzacio\/\"]}]},{\"@type\":\"BreadcrumbList\",\"@id\":\"https:\/\/www.sommatica.com\/ca\/serveis-it\/virtualitzacio\/#breadcrumb\",\"itemListElement\":[{\"@type\":\"ListItem\",\"position\":1,\"name\":\"Portada\",\"item\":\"https:\/\/www.sommatica.com\/ca\/\"},{\"@type\":\"ListItem\",\"position\":2,\"name\":\"Serveis IT\",\"item\":\"https:\/\/www.sommatica.com\/ca\/serveis-it\/\"},{\"@type\":\"ListItem\",\"position\":3,\"name\":\"Virtualitzaci\u00f3\"}]}]}<\/script>\n<!-- \/ Yoast SEO plugin. -->","yoast_head_json":{"title":"Virtualitzaci\u00f3 - SOMmatica","robots":{"index":"index","follow":"follow","max-snippet":"max-snippet:-1","max-image-preview":"max-image-preview:large","max-video-preview":"max-video-preview:-1"},"canonical":"https:\/\/www.sommatica.com\/ca\/serveis-it\/virtualitzacio\/","og_locale":"ca_ES","og_type":"article","og_title":"Virtualitzaci\u00f3 - SOMmatica","og_description":"Quins serveis oferim? Avantatges de la virtualitzaci\u00f3: Sol\u00b7licita pressupost sense comprom\u00eds Confia en l\u2019experi\u00e8ncia i professionalitat de SOMmatica. Contactar","og_url":"https:\/\/www.sommatica.com\/ca\/serveis-it\/virtualitzacio\/","og_site_name":"SOMmatica","article_modified_time":"2020-04-19T00:13:21+00:00","og_image":[{"width":1000,"height":667,"url":"https:\/\/www.sommatica.com\/wp-content\/uploads\/virtualizacion.jpg","type":"image\/jpeg"}],"twitter_card":"summary_large_image","twitter_site":"@sommatica_com","twitter_misc":{"Temps estimat de lectura":"2 minuts"},"schema":{"@context":"https:\/\/schema.org","@graph":[{"@type":"Organization","@id":"https:\/\/www.sommatica.com\/#organization","name":"SOMmatica","url":"https:\/\/www.sommatica.com\/","sameAs":["https:\/\/www.linkedin.com\/in\/sommatica\/","https:\/\/twitter.com\/sommatica_com"],"logo":{"@type":"ImageObject","@id":"https:\/\/www.sommatica.com\/#logo","inLanguage":"ca","url":"https:\/\/www.sommatica.com\/wp-content\/uploads\/logo.png","contentUrl":"https:\/\/www.sommatica.com\/wp-content\/uploads\/logo.png","width":242,"height":52,"caption":"SOMmatica"},"image":{"@id":"https:\/\/www.sommatica.com\/#logo"}},{"@type":"WebSite","@id":"https:\/\/www.sommatica.com\/#website","url":"https:\/\/www.sommatica.com\/","name":"SOMmatica","description":"Soluciones IT para PYMES","publisher":{"@id":"https:\/\/www.sommatica.com\/#organization"},"potentialAction":[{"@type":"SearchAction","target":{"@type":"EntryPoint","urlTemplate":"https:\/\/www.sommatica.com\/?s={search_term_string}"},"query-input":"required name=search_term_string"}],"inLanguage":"ca"},{"@type":"ImageObject","@id":"https:\/\/www.sommatica.com\/ca\/serveis-it\/virtualitzacio\/#primaryimage","inLanguage":"ca","url":"https:\/\/www.sommatica.com\/wp-content\/uploads\/virtualizacion.jpg","contentUrl":"https:\/\/www.sommatica.com\/wp-content\/uploads\/virtualizacion.jpg","width":1000,"height":667,"caption":"Virtualizaci\u00f3n empresarial"},{"@type":"WebPage","@id":"https:\/\/www.sommatica.com\/ca\/serveis-it\/virtualitzacio\/#webpage","url":"https:\/\/www.sommatica.com\/ca\/serveis-it\/virtualitzacio\/","name":"Virtualitzaci\u00f3 - SOMmatica","isPartOf":{"@id":"https:\/\/www.sommatica.com\/#website"},"primaryImageOfPage":{"@id":"https:\/\/www.sommatica.com\/ca\/serveis-it\/virtualitzacio\/#primaryimage"},"datePublished":"2019-06-26T09:49:33+00:00","dateModified":"2020-04-19T00:13:21+00:00","breadcrumb":{"@id":"https:\/\/www.sommatica.com\/ca\/serveis-it\/virtualitzacio\/#breadcrumb"},"inLanguage":"ca","potentialAction":[{"@type":"ReadAction","target":["https:\/\/www.sommatica.com\/ca\/serveis-it\/virtualitzacio\/"]}]},{"@type":"BreadcrumbList","@id":"https:\/\/www.sommatica.com\/ca\/serveis-it\/virtualitzacio\/#breadcrumb","itemListElement":[{"@type":"ListItem","position":1,"name":"Portada","item":"https:\/\/www.sommatica.com\/ca\/"},{"@type":"ListItem","position":2,"name":"Serveis IT","item":"https:\/\/www.sommatica.com\/ca\/serveis-it\/"},{"@type":"ListItem","position":3,"name":"Virtualitzaci\u00f3"}]}]}},"_links":{"self":[{"href":"https:\/\/www.sommatica.com\/ca\/wp-json\/wp\/v2\/pages\/108"}],"collection":[{"href":"https:\/\/www.sommatica.com\/ca\/wp-json\/wp\/v2\/pages"}],"about":[{"href":"https:\/\/www.sommatica.com\/ca\/wp-json\/wp\/v2\/types\/page"}],"author":[{"embeddable":true,"href":"https:\/\/www.sommatica.com\/ca\/wp-json\/wp\/v2\/users\/1"}],"replies":[{"embeddable":true,"href":"https:\/\/www.sommatica.com\/ca\/wp-json\/wp\/v2\/comments?post=108"}],"version-history":[{"count":18,"href":"https:\/\/www.sommatica.com\/ca\/wp-json\/wp\/v2\/pages\/108\/revisions"}],"predecessor-version":[{"id":2388,"href":"https:\/\/www.sommatica.com\/ca\/wp-json\/wp\/v2\/pages\/108\/revisions\/2388"}],"up":[{"embeddable":true,"href":"https:\/\/www.sommatica.com\/ca\/wp-json\/wp\/v2\/pages\/102"}],"wp:featuredmedia":[{"embeddable":true,"href":"https:\/\/www.sommatica.com\/ca\/wp-json\/wp\/v2\/media\/1421"}],"wp:attachment":[{"href":"https:\/\/www.sommatica.com\/ca\/wp-json\/wp\/v2\/media?parent=108"}],"curies":[{"name":"wp","href":"https:\/\/api.w.org\/{rel}","templated":true}]}}