{"id":107,"date":"2019-06-26T11:49:25","date_gmt":"2019-06-26T09:49:25","guid":{"rendered":"http:\/\/www.sommatica.com\/serveis-it\/recuperacio-de-dades\/"},"modified":"2020-02-28T00:21:11","modified_gmt":"2020-02-27T23:21:11","slug":"recuperacio-dades","status":"publish","type":"page","link":"https:\/\/www.sommatica.com\/ca\/serveis-it\/recuperacio-dades\/","title":{"rendered":"Recuperaci\u00f3 de dades"},"content":{"rendered":"<h3 class=\"section-title\"><strong>Tipus de dispositius:<\/strong><\/h3>\n<div class=\"text_box\" style=\"border: none; \">\n<div class=\"text clearfix\" style=\"\">\n<div class=\"one_third\">\n<div class=\"iconed-text clearfix\"><span class=\"icon\" style=\"border-color: #ffffff; background-color: #ffffff; color: #598BAC;\">&#xe6bc;<\/span><\/p>\n<div class=\"text\">\n<h5>Discos durs<\/h5>\n<div>IDE, SATA, SAS, SCSI o SSD.<\/div>\n<\/div>\n<\/div>\n<\/div>\n<div class=\"one_third\">\n<div class=\"iconed-text clearfix\"><span class=\"icon\" style=\"border-color: #ffffff; background-color: #ffffff; color: #BEE17B;\">&#xe612;<\/span><\/p>\n<div class=\"text\">\n<h5>Sistemes RAID<\/h5>\n<div>Tant local como en cabina externa.<\/div>\n<\/div>\n<\/div>\n<\/div>\n<div class=\"one_third last\">\n<div class=\"iconed-text clearfix\"><span class=\"icon\" style=\"border-color: #ffffff; background-color: #ffffff; color: #FD573D;\">&#xe68f;<\/span><\/p>\n<div class=\"text\">\n<h5>Altres<\/h5>\n<div>Pendrives USB, targetes externes, etc.<\/div>\n<\/div>\n<\/div>\n<\/div>\n<div class=\"clear\"><\/div>\n<\/div>\n<\/div>\n<div class=\"divider linebreak\">&nbsp;<\/div>\n<div class=\"divider linebreak\">&nbsp;<\/div>\n<h3 class=\"section-title\"><strong>Fallades m\u00e9s comunes:<\/strong><\/h3>\n<div class=\"text_box\" style=\"border: none; \">\n<div class=\"text clearfix\" style=\"\">\n<div class=\"one_third\">\n<div class=\"iconed-text clearfix\"><span class=\"icon\" style=\"border-color: #ffffff; background-color: #ffffff; color: #598BAC;\">&#xe60a;<\/span><\/p>\n<div class=\"text\">\n<h5>Danys f\u00edsics<\/h5>\n<div>Qualsevol tipus de fallada mec\u00e0nica o electr\u00f2nica.<\/div>\n<\/div>\n<\/div>\n<div class=\"divider\"><\/div>\n<\/div>\n<div class=\"one_third\">\n<div class=\"iconed-text clearfix\"><span class=\"icon\" style=\"border-color: #ffffff; background-color: #ffffff; color: #BEE17B;\">&#xe63f;<\/span><\/p>\n<div class=\"text\">\n<h5>Danys el\u00e8ctrics<\/h5>\n<div>Danys provocats per pics inesperats de tensi\u00f3.<\/div>\n<\/div>\n<\/div>\n<div class=\"divider\"><\/div>\n<\/div>\n<div class=\"one_third last\">\n<div class=\"iconed-text clearfix\"><span class=\"icon\" style=\"border-color: #ffffff; background-color: #ffffff; color: #FD573D;\">&#xe605;<\/span><\/p>\n<div class=\"text\">\n<h5>Danys l\u00f2gics<\/h5>\n<div>Dades corruptes o danys en la taula de particions.<\/div>\n<\/div>\n<\/div>\n<div class=\"divider\"><\/div>\n<\/div>\n<div class=\"clear\"><\/div>\n<div class=\"one_third\">\n<div class=\"iconed-text clearfix\"><span class=\"icon\" style=\"border-color: #ffffff; background-color: #ffffff; color: #9CC9A0;\">&#xe612;<\/span><\/p>\n<div class=\"text\">\n<h5>Problemes en RAIDs<\/h5>\n<div>Fallades de replicaci\u00f3 o paritat entre discos.<\/div>\n<\/div>\n<\/div>\n<\/div>\n<div class=\"one_third\">\n<div class=\"iconed-text clearfix\"><span class=\"icon\" style=\"border-color: #ffffff; background-color: #ffffff; color: #FD8C62;\">&#xe6bb;<\/span><\/p>\n<div class=\"text\">\n<h5>Eliminaci\u00f3 involunt\u00e0ria<\/h5>\n<div>Independentment del sistema operatiu que es faci servir.<\/div>\n<\/div>\n<\/div>\n<\/div>\n<div class=\"one_third last\">\n<div class=\"iconed-text clearfix\"><span class=\"icon\" style=\"border-color: #ffffff; background-color: #ffffff; color: #48AFDA;\">&#xe6be;<\/span><\/p>\n<div class=\"text\">\n<h5>Virus i malware<\/h5>\n<div>Amb afectaci\u00f3 a la partici\u00f3 de sistema o de dades.<\/div>\n<\/div>\n<\/div>\n<\/div>\n<div class=\"clear\"><\/div>\n<\/div>\n<\/div>\n<div class=\"divider linebreak\">&nbsp;<\/div>\n<div class=\"divider linebreak\">&nbsp;<\/div>\n<h3><strong>Caracter\u00edstiques principals:<\/strong><\/h3>\n<div class=\"one_half\">\n<div class=\"image wrap-box no-style below\" style=\"\">\n<div class=\"wrap-box-inner\"><img class=\"wrap-box-element\" style=\" \" src=\"https:\/\/www.sommatica.com\/wp-content\/uploads\/recuperacion-datos.jpg\" alt=\"\"\/><\/div>\n<\/div>\n<\/div>\n<div class=\"one_half last\">Els especialistes que formen part de SOMmatica tenen una dilatada experi\u00e8ncia en la recuperaci\u00f3 de dades fent \u00fas de les eines i tecnologies m\u00e9s avan\u00e7ades del mercat. Treballant sempre amb pressupost tancat i confidencialitat garantida, prestem servei sobre pr\u00e0cticament qualsevol tipus d&#8217;emmagatzematge:<\/p>\n<div class=\"list arrow\">\n<ul>\n<li><span style=\"color: #48afdb;\">Qualsevol dispositiu (disc local, RAID local, NAS, disc USB, targeta, etc).<\/span><\/li>\n<li><span style=\"color: #48afdb;\">Qualsevol tipus de disc (IDE, SATA, SCSI, SAS, SSD, etc).<\/span><\/li>\n<li><span style=\"color: #48afdb;\">Qualsevol tamany de disc.<\/span><\/li>\n<li><span style=\"color: #48afdb;\">Qualsevol sistema operatiu (Windows, Linux, VMware, etc).<\/span><\/li>\n<li><span style=\"color: #48afdb;\">Qualsevol sistema de fitxers (FAT, NTFS, exFAT, EXT, XFS, VMFS, etc).<\/span><\/li>\n<\/ul>\n<div class=\"divider linebreak\">&nbsp;<\/div>\n<\/div>\n<\/div>\n<div class=\"clear\"><\/div>\n<div class=\"divider linebreak\">&nbsp;<\/div>\n<div class=\"alert-box\">\n<div class=\"clearfix\">\n<div class=\"text\">\n<h2>Sol\u00b7licita pressupost sense comprom\u00eds<\/h2>\n<p>Confia en l\u2019experi\u00e8ncia i professionalitat de SOMmatica.<\/p><\/div>\n<div class=\"alert-button\"><a class=\"button\" href=\"https:\/\/www.sommatica.com\/ca\/contacte\/\">Contactar<\/a><\/div>\n<\/div>\n<\/div>\n","protected":false},"excerpt":{"rendered":"<p>Tipus de dispositius: Fallades m\u00e9s comunes: Caracter\u00edstiques principals: Sol\u00b7licita pressupost sense comprom\u00eds Confia en l\u2019experi\u00e8ncia i professionalitat de SOMmatica. Contactar<\/p>\n","protected":false},"author":1,"featured_media":1417,"parent":102,"menu_order":0,"comment_status":"closed","ping_status":"closed","template":"","meta":[],"yoast_head":"<!-- This site is optimized with the Yoast SEO plugin v18.3 - https:\/\/yoast.com\/wordpress\/plugins\/seo\/ -->\n<title>Recuperaci\u00f3 de dades - SOMmatica<\/title>\n<meta name=\"robots\" content=\"index, follow, max-snippet:-1, max-image-preview:large, max-video-preview:-1\" \/>\n<link rel=\"canonical\" href=\"https:\/\/www.sommatica.com\/ca\/serveis-it\/recuperacio-dades\/\" \/>\n<meta property=\"og:locale\" content=\"ca_ES\" \/>\n<meta property=\"og:type\" content=\"article\" \/>\n<meta property=\"og:title\" content=\"Recuperaci\u00f3 de dades - SOMmatica\" \/>\n<meta property=\"og:description\" content=\"Tipus de dispositius: Fallades m\u00e9s comunes: Caracter\u00edstiques principals: Sol\u00b7licita pressupost sense comprom\u00eds Confia en l\u2019experi\u00e8ncia i professionalitat de SOMmatica. Contactar\" \/>\n<meta property=\"og:url\" content=\"https:\/\/www.sommatica.com\/ca\/serveis-it\/recuperacio-dades\/\" \/>\n<meta property=\"og:site_name\" content=\"SOMmatica\" \/>\n<meta property=\"article:modified_time\" content=\"2020-02-27T23:21:11+00:00\" \/>\n<meta property=\"og:image\" content=\"https:\/\/www.sommatica.com\/wp-content\/uploads\/recuperacion-datos.jpg\" \/>\n\t<meta property=\"og:image:width\" content=\"1000\" \/>\n\t<meta property=\"og:image:height\" content=\"667\" \/>\n\t<meta property=\"og:image:type\" content=\"image\/jpeg\" \/>\n<meta name=\"twitter:card\" content=\"summary_large_image\" \/>\n<meta name=\"twitter:site\" content=\"@sommatica_com\" \/>\n<meta name=\"twitter:label1\" content=\"Temps estimat de lectura\" \/>\n\t<meta name=\"twitter:data1\" content=\"3 minuts\" \/>\n<script type=\"application\/ld+json\" class=\"yoast-schema-graph\">{\"@context\":\"https:\/\/schema.org\",\"@graph\":[{\"@type\":\"Organization\",\"@id\":\"https:\/\/www.sommatica.com\/#organization\",\"name\":\"SOMmatica\",\"url\":\"https:\/\/www.sommatica.com\/\",\"sameAs\":[\"https:\/\/www.linkedin.com\/in\/sommatica\/\",\"https:\/\/twitter.com\/sommatica_com\"],\"logo\":{\"@type\":\"ImageObject\",\"@id\":\"https:\/\/www.sommatica.com\/#logo\",\"inLanguage\":\"ca\",\"url\":\"https:\/\/www.sommatica.com\/wp-content\/uploads\/logo.png\",\"contentUrl\":\"https:\/\/www.sommatica.com\/wp-content\/uploads\/logo.png\",\"width\":242,\"height\":52,\"caption\":\"SOMmatica\"},\"image\":{\"@id\":\"https:\/\/www.sommatica.com\/#logo\"}},{\"@type\":\"WebSite\",\"@id\":\"https:\/\/www.sommatica.com\/#website\",\"url\":\"https:\/\/www.sommatica.com\/\",\"name\":\"SOMmatica\",\"description\":\"Soluciones IT para PYMES\",\"publisher\":{\"@id\":\"https:\/\/www.sommatica.com\/#organization\"},\"potentialAction\":[{\"@type\":\"SearchAction\",\"target\":{\"@type\":\"EntryPoint\",\"urlTemplate\":\"https:\/\/www.sommatica.com\/?s={search_term_string}\"},\"query-input\":\"required name=search_term_string\"}],\"inLanguage\":\"ca\"},{\"@type\":\"ImageObject\",\"@id\":\"https:\/\/www.sommatica.com\/ca\/serveis-it\/recuperacio-dades\/#primaryimage\",\"inLanguage\":\"ca\",\"url\":\"https:\/\/www.sommatica.com\/wp-content\/uploads\/recuperacion-datos.jpg\",\"contentUrl\":\"https:\/\/www.sommatica.com\/wp-content\/uploads\/recuperacion-datos.jpg\",\"width\":1000,\"height\":667,\"caption\":\"Recuperaci\u00f3n de datos\"},{\"@type\":\"WebPage\",\"@id\":\"https:\/\/www.sommatica.com\/ca\/serveis-it\/recuperacio-dades\/#webpage\",\"url\":\"https:\/\/www.sommatica.com\/ca\/serveis-it\/recuperacio-dades\/\",\"name\":\"Recuperaci\u00f3 de dades - SOMmatica\",\"isPartOf\":{\"@id\":\"https:\/\/www.sommatica.com\/#website\"},\"primaryImageOfPage\":{\"@id\":\"https:\/\/www.sommatica.com\/ca\/serveis-it\/recuperacio-dades\/#primaryimage\"},\"datePublished\":\"2019-06-26T09:49:25+00:00\",\"dateModified\":\"2020-02-27T23:21:11+00:00\",\"breadcrumb\":{\"@id\":\"https:\/\/www.sommatica.com\/ca\/serveis-it\/recuperacio-dades\/#breadcrumb\"},\"inLanguage\":\"ca\",\"potentialAction\":[{\"@type\":\"ReadAction\",\"target\":[\"https:\/\/www.sommatica.com\/ca\/serveis-it\/recuperacio-dades\/\"]}]},{\"@type\":\"BreadcrumbList\",\"@id\":\"https:\/\/www.sommatica.com\/ca\/serveis-it\/recuperacio-dades\/#breadcrumb\",\"itemListElement\":[{\"@type\":\"ListItem\",\"position\":1,\"name\":\"Portada\",\"item\":\"https:\/\/www.sommatica.com\/ca\/\"},{\"@type\":\"ListItem\",\"position\":2,\"name\":\"Serveis IT\",\"item\":\"https:\/\/www.sommatica.com\/ca\/serveis-it\/\"},{\"@type\":\"ListItem\",\"position\":3,\"name\":\"Recuperaci\u00f3 de dades\"}]}]}<\/script>\n<!-- \/ Yoast SEO plugin. -->","yoast_head_json":{"title":"Recuperaci\u00f3 de dades - SOMmatica","robots":{"index":"index","follow":"follow","max-snippet":"max-snippet:-1","max-image-preview":"max-image-preview:large","max-video-preview":"max-video-preview:-1"},"canonical":"https:\/\/www.sommatica.com\/ca\/serveis-it\/recuperacio-dades\/","og_locale":"ca_ES","og_type":"article","og_title":"Recuperaci\u00f3 de dades - SOMmatica","og_description":"Tipus de dispositius: Fallades m\u00e9s comunes: Caracter\u00edstiques principals: Sol\u00b7licita pressupost sense comprom\u00eds Confia en l\u2019experi\u00e8ncia i professionalitat de SOMmatica. Contactar","og_url":"https:\/\/www.sommatica.com\/ca\/serveis-it\/recuperacio-dades\/","og_site_name":"SOMmatica","article_modified_time":"2020-02-27T23:21:11+00:00","og_image":[{"width":1000,"height":667,"url":"https:\/\/www.sommatica.com\/wp-content\/uploads\/recuperacion-datos.jpg","type":"image\/jpeg"}],"twitter_card":"summary_large_image","twitter_site":"@sommatica_com","twitter_misc":{"Temps estimat de lectura":"3 minuts"},"schema":{"@context":"https:\/\/schema.org","@graph":[{"@type":"Organization","@id":"https:\/\/www.sommatica.com\/#organization","name":"SOMmatica","url":"https:\/\/www.sommatica.com\/","sameAs":["https:\/\/www.linkedin.com\/in\/sommatica\/","https:\/\/twitter.com\/sommatica_com"],"logo":{"@type":"ImageObject","@id":"https:\/\/www.sommatica.com\/#logo","inLanguage":"ca","url":"https:\/\/www.sommatica.com\/wp-content\/uploads\/logo.png","contentUrl":"https:\/\/www.sommatica.com\/wp-content\/uploads\/logo.png","width":242,"height":52,"caption":"SOMmatica"},"image":{"@id":"https:\/\/www.sommatica.com\/#logo"}},{"@type":"WebSite","@id":"https:\/\/www.sommatica.com\/#website","url":"https:\/\/www.sommatica.com\/","name":"SOMmatica","description":"Soluciones IT para PYMES","publisher":{"@id":"https:\/\/www.sommatica.com\/#organization"},"potentialAction":[{"@type":"SearchAction","target":{"@type":"EntryPoint","urlTemplate":"https:\/\/www.sommatica.com\/?s={search_term_string}"},"query-input":"required name=search_term_string"}],"inLanguage":"ca"},{"@type":"ImageObject","@id":"https:\/\/www.sommatica.com\/ca\/serveis-it\/recuperacio-dades\/#primaryimage","inLanguage":"ca","url":"https:\/\/www.sommatica.com\/wp-content\/uploads\/recuperacion-datos.jpg","contentUrl":"https:\/\/www.sommatica.com\/wp-content\/uploads\/recuperacion-datos.jpg","width":1000,"height":667,"caption":"Recuperaci\u00f3n de datos"},{"@type":"WebPage","@id":"https:\/\/www.sommatica.com\/ca\/serveis-it\/recuperacio-dades\/#webpage","url":"https:\/\/www.sommatica.com\/ca\/serveis-it\/recuperacio-dades\/","name":"Recuperaci\u00f3 de dades - SOMmatica","isPartOf":{"@id":"https:\/\/www.sommatica.com\/#website"},"primaryImageOfPage":{"@id":"https:\/\/www.sommatica.com\/ca\/serveis-it\/recuperacio-dades\/#primaryimage"},"datePublished":"2019-06-26T09:49:25+00:00","dateModified":"2020-02-27T23:21:11+00:00","breadcrumb":{"@id":"https:\/\/www.sommatica.com\/ca\/serveis-it\/recuperacio-dades\/#breadcrumb"},"inLanguage":"ca","potentialAction":[{"@type":"ReadAction","target":["https:\/\/www.sommatica.com\/ca\/serveis-it\/recuperacio-dades\/"]}]},{"@type":"BreadcrumbList","@id":"https:\/\/www.sommatica.com\/ca\/serveis-it\/recuperacio-dades\/#breadcrumb","itemListElement":[{"@type":"ListItem","position":1,"name":"Portada","item":"https:\/\/www.sommatica.com\/ca\/"},{"@type":"ListItem","position":2,"name":"Serveis IT","item":"https:\/\/www.sommatica.com\/ca\/serveis-it\/"},{"@type":"ListItem","position":3,"name":"Recuperaci\u00f3 de dades"}]}]}},"_links":{"self":[{"href":"https:\/\/www.sommatica.com\/ca\/wp-json\/wp\/v2\/pages\/107"}],"collection":[{"href":"https:\/\/www.sommatica.com\/ca\/wp-json\/wp\/v2\/pages"}],"about":[{"href":"https:\/\/www.sommatica.com\/ca\/wp-json\/wp\/v2\/types\/page"}],"author":[{"embeddable":true,"href":"https:\/\/www.sommatica.com\/ca\/wp-json\/wp\/v2\/users\/1"}],"replies":[{"embeddable":true,"href":"https:\/\/www.sommatica.com\/ca\/wp-json\/wp\/v2\/comments?post=107"}],"version-history":[{"count":21,"href":"https:\/\/www.sommatica.com\/ca\/wp-json\/wp\/v2\/pages\/107\/revisions"}],"predecessor-version":[{"id":1116,"href":"https:\/\/www.sommatica.com\/ca\/wp-json\/wp\/v2\/pages\/107\/revisions\/1116"}],"up":[{"embeddable":true,"href":"https:\/\/www.sommatica.com\/ca\/wp-json\/wp\/v2\/pages\/102"}],"wp:featuredmedia":[{"embeddable":true,"href":"https:\/\/www.sommatica.com\/ca\/wp-json\/wp\/v2\/media\/1417"}],"wp:attachment":[{"href":"https:\/\/www.sommatica.com\/ca\/wp-json\/wp\/v2\/media?parent=107"}],"curies":[{"name":"wp","href":"https:\/\/api.w.org\/{rel}","templated":true}]}}