{"id":105,"date":"2019-06-26T11:49:10","date_gmt":"2019-06-26T09:49:10","guid":{"rendered":"http:\/\/www.sommatica.com\/serveis-it\/migracio-a-open-source\/"},"modified":"2019-12-28T15:08:37","modified_gmt":"2019-12-28T14:08:37","slug":"migracio-software-lliure","status":"publish","type":"page","link":"https:\/\/www.sommatica.com\/ca\/serveis-it\/migracio-software-lliure\/","title":{"rendered":"Migraci\u00f3 a software lliure"},"content":{"rendered":"<h3 class=\"section-title\"><strong>Quines solucions oferim?<\/strong><\/h3>\n<div class=\"text_box\" style=\"border: none; \">\n<div class=\"text clearfix\" style=\"\">\n<div class=\"one_third\">\n<div class=\"iconed-text clearfix\"><span class=\"icon\" style=\"border-color: #ffffff; background-color: #ffffff; color: #598BAC;\">&#xe633;<\/span><\/p>\n<div class=\"text\">\n<h5>Controlador de domini<\/h5>\n<div>Permet l&#8217;autenticaci\u00f3 d&#8217;usuaris de forma centralitzada. Compatible amb usuaris Windows.<\/div>\n<\/div>\n<\/div>\n<div class=\"divider\"><\/div>\n<\/div>\n<div class=\"one_third\">\n<div class=\"iconed-text clearfix\"><span class=\"icon\" style=\"border-color: #ffffff; background-color: #ffffff; color: #BEE17B;\">&#xe625;<\/span><\/p>\n<div class=\"text\">\n<h5>Servidor de fitxers<\/h5>\n<div>Emmagatzematge corporatiu amb gesti\u00f3 de permisos per usuaris i grups.<\/div>\n<\/div>\n<\/div>\n<div class=\"divider\"><\/div>\n<\/div>\n<div class=\"one_third last\">\n<div class=\"iconed-text clearfix\"><span class=\"icon\" style=\"border-color: #ffffff; background-color: #ffffff; color: #FD573D;\">&#xe612;<\/span><\/p>\n<div class=\"text\">\n<h5>Servidor d&#8217;aplicacions<\/h5>\n<div>Servidors per a aplicacions web o Java adaptats als requisits de cada client.<\/div>\n<\/div>\n<\/div>\n<div class=\"divider\"><\/div>\n<\/div>\n<div class=\"clear\"><\/div>\n<div class=\"one_third\">\n<div class=\"iconed-text clearfix\"><span class=\"icon\" style=\"border-color: #ffffff; background-color: #ffffff; color: #9CC9A0;\">&#xe65b;<\/span><\/p>\n<div class=\"text\">\n<h5>Gesti\u00f3 empresarial<\/h5>\n<div>Solucions professionals de facturaci\u00f3, contabilitat, ERP, CRM, ticketing, etc.<\/div>\n<\/div>\n<\/div>\n<\/div>\n<div class=\"one_third\">\n<div class=\"iconed-text clearfix\"><span class=\"icon\" style=\"border-color: #ffffff; background-color: #ffffff; color: #FD8C62;\">&#xe6c1;<\/span><\/p>\n<div class=\"text\">\n<h5>Estacions de treball<\/h5>\n<div>Preparaci\u00f3 d&#8217;una plantilla amb el sistema operatiu i les aplicacions extra que necessitis.<\/div>\n<\/div>\n<\/div>\n<\/div>\n<div class=\"one_third last\">\n<div class=\"iconed-text clearfix\"><span class=\"icon\" style=\"border-color: #ffffff; background-color: #ffffff; color: #48AFDA;\">&#xe636;<\/span><\/p>\n<div class=\"text\">\n<h5>Altres<\/h5>\n<div>Consulta&#8217;ns i estudiarem les possibilitats de migrar qualsevol altre software.<\/div>\n<\/div>\n<\/div>\n<\/div>\n<div class=\"clear\"><\/div>\n<\/div>\n<\/div>\n<div class=\"divider linebreak\">&nbsp;<\/div>\n<div class=\"divider linebreak\">&nbsp;<\/div>\n<h3><strong>Avantatges del software liure:<\/strong><\/h3>\n<div class=\"one_half\">\n<div class=\"image wrap-box no-style below\" style=\"\">\n<div class=\"wrap-box-inner\"><img class=\"wrap-box-element\" style=\" \" src=\"https:\/\/www.sommatica.com\/wp-content\/uploads\/migracion-software-libre.jpg\" alt=\"\"\/><\/div>\n<\/div>\n<\/div>\n<div class=\"one_half last\">El software lliure, tamb\u00e9 conegut com de codi obert &#8211; en angl\u00e8s open source -, \u00e9s tot aquell software amb el codi font disponible per a poder ser estudiat, modificat, utilitzat lliurement amb qualsevol finalitat i redistribu\u00eft amb o sense canvis. L&#8217;\u00fas d&#8217;aquest tipus de software ofereix grans avantatges respecte al software privatiu:<\/p>\n<div class=\"list arrow\">\n<ul>\n<li><span style=\"color: #48afdb;\">Reducci\u00f3 de costos.<\/span><\/li>\n<li><span style=\"color: #48afdb;\">Adaptaci\u00f3 a les necessitats de cada client.<\/span><\/li>\n<li><span style=\"color: #48afdb;\">Major interoperativilitat amb altre software.<\/span><\/li>\n<li><span style=\"color: #48afdb;\">Millor integraci\u00f3 en la infraestructura actual.<\/span><\/li>\n<li><span style=\"color: #48afdb;\">Major selecci\u00f3 de prove\u00efdors.<\/span><\/li>\n<\/ul>\n<div class=\"divider linebreak\">&nbsp;<\/div>\n<\/div>\n<\/div>\n<div class=\"clear\"><\/div>\n<div class=\"divider linebreak\">&nbsp;<\/div>\n<div class=\"alert-box\">\n<div class=\"clearfix\">\n<div class=\"text\">\n<h2>Sol\u00b7licita pressupost sense comprom\u00eds<\/h2>\n<p>Confia en l\u2019experi\u00e8ncia i professionalitat de SOMmatica.<\/p><\/div>\n<div class=\"alert-button\"><a class=\"button\" href=\"https:\/\/www.sommatica.com\/ca\/contacte\/\">Contactar<\/a><\/div>\n<\/div>\n<\/div>\n","protected":false},"excerpt":{"rendered":"<p>Quines solucions oferim? Avantatges del software liure: Sol\u00b7licita pressupost sense comprom\u00eds Confia en l\u2019experi\u00e8ncia i professionalitat de SOMmatica. Contactar<\/p>\n","protected":false},"author":1,"featured_media":1427,"parent":102,"menu_order":0,"comment_status":"closed","ping_status":"closed","template":"","meta":[],"yoast_head":"<!-- This site is optimized with the Yoast SEO plugin v18.3 - https:\/\/yoast.com\/wordpress\/plugins\/seo\/ -->\n<title>Migraci\u00f3 a software lliure - SOMmatica<\/title>\n<meta name=\"robots\" content=\"index, follow, max-snippet:-1, max-image-preview:large, max-video-preview:-1\" \/>\n<link rel=\"canonical\" href=\"https:\/\/www.sommatica.com\/ca\/serveis-it\/migracio-software-lliure\/\" \/>\n<meta property=\"og:locale\" content=\"ca_ES\" \/>\n<meta property=\"og:type\" content=\"article\" \/>\n<meta property=\"og:title\" content=\"Migraci\u00f3 a software lliure - SOMmatica\" \/>\n<meta property=\"og:description\" content=\"Quines solucions oferim? Avantatges del software liure: Sol\u00b7licita pressupost sense comprom\u00eds Confia en l\u2019experi\u00e8ncia i professionalitat de SOMmatica. Contactar\" \/>\n<meta property=\"og:url\" content=\"https:\/\/www.sommatica.com\/ca\/serveis-it\/migracio-software-lliure\/\" \/>\n<meta property=\"og:site_name\" content=\"SOMmatica\" \/>\n<meta property=\"article:modified_time\" content=\"2019-12-28T14:08:37+00:00\" \/>\n<meta property=\"og:image\" content=\"https:\/\/www.sommatica.com\/wp-content\/uploads\/migracion-software-libre-500x500.jpg\" \/>\n\t<meta property=\"og:image:width\" content=\"500\" \/>\n\t<meta property=\"og:image:height\" content=\"500\" \/>\n\t<meta property=\"og:image:type\" content=\"image\/jpeg\" \/>\n<meta name=\"twitter:card\" content=\"summary_large_image\" \/>\n<meta name=\"twitter:site\" content=\"@sommatica_com\" \/>\n<meta name=\"twitter:label1\" content=\"Temps estimat de lectura\" \/>\n\t<meta name=\"twitter:data1\" content=\"2 minuts\" \/>\n<script type=\"application\/ld+json\" class=\"yoast-schema-graph\">{\"@context\":\"https:\/\/schema.org\",\"@graph\":[{\"@type\":\"Organization\",\"@id\":\"https:\/\/www.sommatica.com\/#organization\",\"name\":\"SOMmatica\",\"url\":\"https:\/\/www.sommatica.com\/\",\"sameAs\":[\"https:\/\/www.linkedin.com\/in\/sommatica\/\",\"https:\/\/twitter.com\/sommatica_com\"],\"logo\":{\"@type\":\"ImageObject\",\"@id\":\"https:\/\/www.sommatica.com\/#logo\",\"inLanguage\":\"ca\",\"url\":\"https:\/\/www.sommatica.com\/wp-content\/uploads\/logo.png\",\"contentUrl\":\"https:\/\/www.sommatica.com\/wp-content\/uploads\/logo.png\",\"width\":242,\"height\":52,\"caption\":\"SOMmatica\"},\"image\":{\"@id\":\"https:\/\/www.sommatica.com\/#logo\"}},{\"@type\":\"WebSite\",\"@id\":\"https:\/\/www.sommatica.com\/#website\",\"url\":\"https:\/\/www.sommatica.com\/\",\"name\":\"SOMmatica\",\"description\":\"Soluciones IT para PYMES\",\"publisher\":{\"@id\":\"https:\/\/www.sommatica.com\/#organization\"},\"potentialAction\":[{\"@type\":\"SearchAction\",\"target\":{\"@type\":\"EntryPoint\",\"urlTemplate\":\"https:\/\/www.sommatica.com\/?s={search_term_string}\"},\"query-input\":\"required name=search_term_string\"}],\"inLanguage\":\"ca\"},{\"@type\":\"ImageObject\",\"@id\":\"https:\/\/www.sommatica.com\/ca\/serveis-it\/migracio-software-lliure\/#primaryimage\",\"inLanguage\":\"ca\",\"url\":\"https:\/\/www.sommatica.com\/wp-content\/uploads\/migracion-software-libre-500x500.jpg\",\"contentUrl\":\"https:\/\/www.sommatica.com\/wp-content\/uploads\/migracion-software-libre-500x500.jpg\",\"width\":500,\"height\":500,\"caption\":\"Migraci\u00f3n a software libre\"},{\"@type\":\"WebPage\",\"@id\":\"https:\/\/www.sommatica.com\/ca\/serveis-it\/migracio-software-lliure\/#webpage\",\"url\":\"https:\/\/www.sommatica.com\/ca\/serveis-it\/migracio-software-lliure\/\",\"name\":\"Migraci\u00f3 a software lliure - SOMmatica\",\"isPartOf\":{\"@id\":\"https:\/\/www.sommatica.com\/#website\"},\"primaryImageOfPage\":{\"@id\":\"https:\/\/www.sommatica.com\/ca\/serveis-it\/migracio-software-lliure\/#primaryimage\"},\"datePublished\":\"2019-06-26T09:49:10+00:00\",\"dateModified\":\"2019-12-28T14:08:37+00:00\",\"breadcrumb\":{\"@id\":\"https:\/\/www.sommatica.com\/ca\/serveis-it\/migracio-software-lliure\/#breadcrumb\"},\"inLanguage\":\"ca\",\"potentialAction\":[{\"@type\":\"ReadAction\",\"target\":[\"https:\/\/www.sommatica.com\/ca\/serveis-it\/migracio-software-lliure\/\"]}]},{\"@type\":\"BreadcrumbList\",\"@id\":\"https:\/\/www.sommatica.com\/ca\/serveis-it\/migracio-software-lliure\/#breadcrumb\",\"itemListElement\":[{\"@type\":\"ListItem\",\"position\":1,\"name\":\"Portada\",\"item\":\"https:\/\/www.sommatica.com\/ca\/\"},{\"@type\":\"ListItem\",\"position\":2,\"name\":\"Serveis IT\",\"item\":\"https:\/\/www.sommatica.com\/ca\/serveis-it\/\"},{\"@type\":\"ListItem\",\"position\":3,\"name\":\"Migraci\u00f3 a software lliure\"}]}]}<\/script>\n<!-- \/ Yoast SEO plugin. -->","yoast_head_json":{"title":"Migraci\u00f3 a software lliure - SOMmatica","robots":{"index":"index","follow":"follow","max-snippet":"max-snippet:-1","max-image-preview":"max-image-preview:large","max-video-preview":"max-video-preview:-1"},"canonical":"https:\/\/www.sommatica.com\/ca\/serveis-it\/migracio-software-lliure\/","og_locale":"ca_ES","og_type":"article","og_title":"Migraci\u00f3 a software lliure - SOMmatica","og_description":"Quines solucions oferim? Avantatges del software liure: Sol\u00b7licita pressupost sense comprom\u00eds Confia en l\u2019experi\u00e8ncia i professionalitat de SOMmatica. Contactar","og_url":"https:\/\/www.sommatica.com\/ca\/serveis-it\/migracio-software-lliure\/","og_site_name":"SOMmatica","article_modified_time":"2019-12-28T14:08:37+00:00","og_image":[{"width":500,"height":500,"url":"https:\/\/www.sommatica.com\/wp-content\/uploads\/migracion-software-libre-500x500.jpg","type":"image\/jpeg"}],"twitter_card":"summary_large_image","twitter_site":"@sommatica_com","twitter_misc":{"Temps estimat de lectura":"2 minuts"},"schema":{"@context":"https:\/\/schema.org","@graph":[{"@type":"Organization","@id":"https:\/\/www.sommatica.com\/#organization","name":"SOMmatica","url":"https:\/\/www.sommatica.com\/","sameAs":["https:\/\/www.linkedin.com\/in\/sommatica\/","https:\/\/twitter.com\/sommatica_com"],"logo":{"@type":"ImageObject","@id":"https:\/\/www.sommatica.com\/#logo","inLanguage":"ca","url":"https:\/\/www.sommatica.com\/wp-content\/uploads\/logo.png","contentUrl":"https:\/\/www.sommatica.com\/wp-content\/uploads\/logo.png","width":242,"height":52,"caption":"SOMmatica"},"image":{"@id":"https:\/\/www.sommatica.com\/#logo"}},{"@type":"WebSite","@id":"https:\/\/www.sommatica.com\/#website","url":"https:\/\/www.sommatica.com\/","name":"SOMmatica","description":"Soluciones IT para PYMES","publisher":{"@id":"https:\/\/www.sommatica.com\/#organization"},"potentialAction":[{"@type":"SearchAction","target":{"@type":"EntryPoint","urlTemplate":"https:\/\/www.sommatica.com\/?s={search_term_string}"},"query-input":"required name=search_term_string"}],"inLanguage":"ca"},{"@type":"ImageObject","@id":"https:\/\/www.sommatica.com\/ca\/serveis-it\/migracio-software-lliure\/#primaryimage","inLanguage":"ca","url":"https:\/\/www.sommatica.com\/wp-content\/uploads\/migracion-software-libre-500x500.jpg","contentUrl":"https:\/\/www.sommatica.com\/wp-content\/uploads\/migracion-software-libre-500x500.jpg","width":500,"height":500,"caption":"Migraci\u00f3n a software libre"},{"@type":"WebPage","@id":"https:\/\/www.sommatica.com\/ca\/serveis-it\/migracio-software-lliure\/#webpage","url":"https:\/\/www.sommatica.com\/ca\/serveis-it\/migracio-software-lliure\/","name":"Migraci\u00f3 a software lliure - SOMmatica","isPartOf":{"@id":"https:\/\/www.sommatica.com\/#website"},"primaryImageOfPage":{"@id":"https:\/\/www.sommatica.com\/ca\/serveis-it\/migracio-software-lliure\/#primaryimage"},"datePublished":"2019-06-26T09:49:10+00:00","dateModified":"2019-12-28T14:08:37+00:00","breadcrumb":{"@id":"https:\/\/www.sommatica.com\/ca\/serveis-it\/migracio-software-lliure\/#breadcrumb"},"inLanguage":"ca","potentialAction":[{"@type":"ReadAction","target":["https:\/\/www.sommatica.com\/ca\/serveis-it\/migracio-software-lliure\/"]}]},{"@type":"BreadcrumbList","@id":"https:\/\/www.sommatica.com\/ca\/serveis-it\/migracio-software-lliure\/#breadcrumb","itemListElement":[{"@type":"ListItem","position":1,"name":"Portada","item":"https:\/\/www.sommatica.com\/ca\/"},{"@type":"ListItem","position":2,"name":"Serveis IT","item":"https:\/\/www.sommatica.com\/ca\/serveis-it\/"},{"@type":"ListItem","position":3,"name":"Migraci\u00f3 a software lliure"}]}]}},"_links":{"self":[{"href":"https:\/\/www.sommatica.com\/ca\/wp-json\/wp\/v2\/pages\/105"}],"collection":[{"href":"https:\/\/www.sommatica.com\/ca\/wp-json\/wp\/v2\/pages"}],"about":[{"href":"https:\/\/www.sommatica.com\/ca\/wp-json\/wp\/v2\/types\/page"}],"author":[{"embeddable":true,"href":"https:\/\/www.sommatica.com\/ca\/wp-json\/wp\/v2\/users\/1"}],"replies":[{"embeddable":true,"href":"https:\/\/www.sommatica.com\/ca\/wp-json\/wp\/v2\/comments?post=105"}],"version-history":[{"count":14,"href":"https:\/\/www.sommatica.com\/ca\/wp-json\/wp\/v2\/pages\/105\/revisions"}],"predecessor-version":[{"id":2127,"href":"https:\/\/www.sommatica.com\/ca\/wp-json\/wp\/v2\/pages\/105\/revisions\/2127"}],"up":[{"embeddable":true,"href":"https:\/\/www.sommatica.com\/ca\/wp-json\/wp\/v2\/pages\/102"}],"wp:featuredmedia":[{"embeddable":true,"href":"https:\/\/www.sommatica.com\/ca\/wp-json\/wp\/v2\/media\/1427"}],"wp:attachment":[{"href":"https:\/\/www.sommatica.com\/ca\/wp-json\/wp\/v2\/media?parent=105"}],"curies":[{"name":"wp","href":"https:\/\/api.w.org\/{rel}","templated":true}]}}