{"id":103,"date":"2019-06-26T11:48:54","date_gmt":"2019-06-26T09:48:54","guid":{"rendered":"http:\/\/www.sommatica.com\/serveis-it\/desenvolupament-de-software\/"},"modified":"2020-03-02T01:05:16","modified_gmt":"2020-03-02T00:05:16","slug":"desenvolupament-software","status":"publish","type":"page","link":"https:\/\/www.sommatica.com\/ca\/serveis-it\/desenvolupament-software\/","title":{"rendered":"Desenvolupament de software"},"content":{"rendered":"<h3 class=\"section-title\"><strong>Quines solucions oferim?<\/strong><\/h3>\n<div class=\"text_box\" style=\"border: none; \">\n<div class=\"text clearfix\" style=\"\">\n<div class=\"one_third\">\n<div class=\"iconed-text clearfix\"><span class=\"icon\" style=\"border-color: #ffffff; background-color: #ffffff; color: #598BAC;\">&#xe641;<\/span><\/p>\n<div class=\"text\">\n<h5>Solucions web<\/h5>\n<div>Desenvolupament d&#8217;aplicacions web a mida, escalables i compatibles amb tots els dispositius.<\/div>\n<\/div>\n<\/div>\n<div class=\"divider\"><\/div>\n<\/div>\n<div class=\"one_third\">\n<div class=\"iconed-text clearfix\"><span class=\"icon\" style=\"border-color: #ffffff; background-color: #ffffff; color: #BEE17B;\">&#xe6c1;<\/span><\/p>\n<div class=\"text\">\n<h5>Software d&#8217;escriptori<\/h5>\n<div>Aplicacions standalone (local) o client\/servidor, segons les necessitats de cada client.<\/div>\n<\/div>\n<\/div>\n<div class=\"divider\"><\/div>\n<\/div>\n<div class=\"one_third last\">\n<div class=\"iconed-text clearfix\"><span class=\"icon\" style=\"border-color: #ffffff; background-color: #ffffff; color: #FD573D;\">&#xe62a;<\/span><\/p>\n<div class=\"text\">\n<h5>Aplicacions m\u00f2bils<\/h5>\n<div>Apps natives amb interf\u00edcie natural per a Android i iOS. Implementaci\u00f3 de servidor, si fos necessari.<\/div>\n<\/div>\n<\/div>\n<div class=\"divider\"><\/div>\n<\/div>\n<div class=\"clear\"><\/div>\n<div class=\"one_third\">\n<div class=\"iconed-text clearfix\"><span class=\"icon\" style=\"border-color: #ffffff; background-color: #ffffff; color: #9CC9A0;\">&#xe666;<\/span><\/p>\n<div class=\"text\">\n<h5>Integradors<\/h5>\n<div>Desenvolupament de connectors a mida per a la integraci\u00f3 i sincronitzaci\u00f3 de dades de qualsevol tipus de software o base de dades.<\/div>\n<\/div>\n<\/div>\n<\/div>\n<div class=\"one_third\">\n<div class=\"iconed-text clearfix\"><span class=\"icon\" style=\"border-color: #ffffff; background-color: #ffffff; color: #FD8C62;\">&#xe65b;<\/span><\/p>\n<div class=\"text\">\n<h5>Interf\u00edcies<\/h5>\n<div>Desenvolupament i millora d&#8217;interf\u00edcies i quadres de comandament per a una correcta experi\u00e8ncia dels usuaris.<\/div>\n<\/div>\n<\/div>\n<\/div>\n<div class=\"one_third last\">\n<div class=\"iconed-text clearfix\"><span class=\"icon\" style=\"border-color: #ffffff; background-color: #ffffff; color: #48AFDA;\">&#xe603;<\/span><\/p>\n<div class=\"text\">\n<h5>DevOps<\/h5>\n<div>Sistema de lliuraments (releases) que agilitza la producci\u00f3 de software mitjan\u00e7ant la integraci\u00f3 de desenvolupament i operacions IT.<\/div>\n<\/div>\n<\/div>\n<\/div>\n<div class=\"clear\"><\/div>\n<\/div>\n<\/div>\n<div class=\"divider linebreak\">&nbsp;<\/div>\n<div class=\"divider linebreak\">&nbsp;<\/div>\n<h3><strong>Avantatges del desenvolupament a mida:<\/strong><\/h3>\n<div class=\"one_half\">\n<div class=\"image wrap-box no-style below\" style=\"\">\n<div class=\"wrap-box-inner\"><img class=\"wrap-box-element\" style=\" \" src=\"https:\/\/www.sommatica.com\/wp-content\/uploads\/desarrollo-software.jpg\" alt=\"\"\/><\/div>\n<\/div>\n<\/div>\n<div class=\"one_half last\">Parlar de software a mida \u00e9s parlar d&#8217;un sistema desenvolupat per complir amb les necessitats i requeriments espec\u00edfics d&#8217;un client concret. En SOMmatica oferim un servei de desenvolupament de software a mida, ja sigui des de zero o adaptant una soluci\u00f3 open source, que ofereix importants avantatges:<\/p>\n<div class=\"list arrow\">\n<ul>\n<li><span style=\"color: #48afdb;\">Sense costos de llic\u00e8ncies ni de m\u00f2duls innecessaris.<\/span><\/li>\n<li><span style=\"color: #48afdb;\">Major adaptaci\u00f3 a les necessitats de cada client.<\/span><\/li>\n<li><span style=\"color: #48afdb;\">Major flexibilitat per adaptar-lo a noves necessitats.<\/span><\/li>\n<li><span style=\"color: #48afdb;\">Facilitat d&#8217;integraci\u00f3 amb la infraestructura actual.<\/span><\/li>\n<li><span style=\"color: #48afdb;\">Manteniment i\/o suport personalitzat.<\/span><\/li>\n<\/ul>\n<div class=\"divider linebreak\">&nbsp;<\/div>\n<\/div>\n<\/div>\n<div class=\"clear\"><\/div>\n<div class=\"divider linebreak\">&nbsp;<\/div>\n<div class=\"alert-box\">\n<div class=\"clearfix\">\n<div class=\"text\">\n<h2>Sol\u00b7licita pressupost sense comprom\u00eds<\/h2>\n<p>Confia en l\u2019experi\u00e8ncia i professionalitat de SOMmatica.<\/p><\/div>\n<div class=\"alert-button\"><a class=\"button\" href=\"https:\/\/www.sommatica.com\/ca\/contacte\/\">Contactar<\/a><\/div>\n<\/div>\n<\/div>\n","protected":false},"excerpt":{"rendered":"<p>Quines solucions oferim? Avantatges del desenvolupament a mida: Sol\u00b7licita pressupost sense comprom\u00eds Confia en l\u2019experi\u00e8ncia i professionalitat de SOMmatica. Contactar<\/p>\n","protected":false},"author":1,"featured_media":1395,"parent":102,"menu_order":0,"comment_status":"closed","ping_status":"closed","template":"","meta":[],"yoast_head":"<!-- This site is optimized with the Yoast SEO plugin v18.3 - https:\/\/yoast.com\/wordpress\/plugins\/seo\/ -->\n<title>Desenvolupament de software - SOMmatica<\/title>\n<meta name=\"robots\" content=\"index, follow, max-snippet:-1, max-image-preview:large, max-video-preview:-1\" \/>\n<link rel=\"canonical\" href=\"https:\/\/www.sommatica.com\/ca\/serveis-it\/desenvolupament-software\/\" \/>\n<meta property=\"og:locale\" content=\"ca_ES\" \/>\n<meta property=\"og:type\" content=\"article\" \/>\n<meta property=\"og:title\" content=\"Desenvolupament de software - SOMmatica\" \/>\n<meta property=\"og:description\" content=\"Quines solucions oferim? Avantatges del desenvolupament a mida: Sol\u00b7licita pressupost sense comprom\u00eds Confia en l\u2019experi\u00e8ncia i professionalitat de SOMmatica. Contactar\" \/>\n<meta property=\"og:url\" content=\"https:\/\/www.sommatica.com\/ca\/serveis-it\/desenvolupament-software\/\" \/>\n<meta property=\"og:site_name\" content=\"SOMmatica\" \/>\n<meta property=\"article:modified_time\" content=\"2020-03-02T00:05:16+00:00\" \/>\n<meta property=\"og:image\" content=\"https:\/\/www.sommatica.com\/wp-content\/uploads\/desarrollo-software.jpg\" \/>\n\t<meta property=\"og:image:width\" content=\"1000\" \/>\n\t<meta property=\"og:image:height\" content=\"667\" \/>\n\t<meta property=\"og:image:type\" content=\"image\/jpeg\" \/>\n<meta name=\"twitter:card\" content=\"summary_large_image\" \/>\n<meta name=\"twitter:site\" content=\"@sommatica_com\" \/>\n<meta name=\"twitter:label1\" content=\"Temps estimat de lectura\" \/>\n\t<meta name=\"twitter:data1\" content=\"2 minuts\" \/>\n<script type=\"application\/ld+json\" class=\"yoast-schema-graph\">{\"@context\":\"https:\/\/schema.org\",\"@graph\":[{\"@type\":\"Organization\",\"@id\":\"https:\/\/www.sommatica.com\/#organization\",\"name\":\"SOMmatica\",\"url\":\"https:\/\/www.sommatica.com\/\",\"sameAs\":[\"https:\/\/www.linkedin.com\/in\/sommatica\/\",\"https:\/\/twitter.com\/sommatica_com\"],\"logo\":{\"@type\":\"ImageObject\",\"@id\":\"https:\/\/www.sommatica.com\/#logo\",\"inLanguage\":\"ca\",\"url\":\"https:\/\/www.sommatica.com\/wp-content\/uploads\/logo.png\",\"contentUrl\":\"https:\/\/www.sommatica.com\/wp-content\/uploads\/logo.png\",\"width\":242,\"height\":52,\"caption\":\"SOMmatica\"},\"image\":{\"@id\":\"https:\/\/www.sommatica.com\/#logo\"}},{\"@type\":\"WebSite\",\"@id\":\"https:\/\/www.sommatica.com\/#website\",\"url\":\"https:\/\/www.sommatica.com\/\",\"name\":\"SOMmatica\",\"description\":\"Soluciones IT para PYMES\",\"publisher\":{\"@id\":\"https:\/\/www.sommatica.com\/#organization\"},\"potentialAction\":[{\"@type\":\"SearchAction\",\"target\":{\"@type\":\"EntryPoint\",\"urlTemplate\":\"https:\/\/www.sommatica.com\/?s={search_term_string}\"},\"query-input\":\"required name=search_term_string\"}],\"inLanguage\":\"ca\"},{\"@type\":\"ImageObject\",\"@id\":\"https:\/\/www.sommatica.com\/ca\/serveis-it\/desenvolupament-software\/#primaryimage\",\"inLanguage\":\"ca\",\"url\":\"https:\/\/www.sommatica.com\/wp-content\/uploads\/desarrollo-software.jpg\",\"contentUrl\":\"https:\/\/www.sommatica.com\/wp-content\/uploads\/desarrollo-software.jpg\",\"width\":1000,\"height\":667,\"caption\":\"Desarrollo de software a medida\"},{\"@type\":\"WebPage\",\"@id\":\"https:\/\/www.sommatica.com\/ca\/serveis-it\/desenvolupament-software\/#webpage\",\"url\":\"https:\/\/www.sommatica.com\/ca\/serveis-it\/desenvolupament-software\/\",\"name\":\"Desenvolupament de software - SOMmatica\",\"isPartOf\":{\"@id\":\"https:\/\/www.sommatica.com\/#website\"},\"primaryImageOfPage\":{\"@id\":\"https:\/\/www.sommatica.com\/ca\/serveis-it\/desenvolupament-software\/#primaryimage\"},\"datePublished\":\"2019-06-26T09:48:54+00:00\",\"dateModified\":\"2020-03-02T00:05:16+00:00\",\"breadcrumb\":{\"@id\":\"https:\/\/www.sommatica.com\/ca\/serveis-it\/desenvolupament-software\/#breadcrumb\"},\"inLanguage\":\"ca\",\"potentialAction\":[{\"@type\":\"ReadAction\",\"target\":[\"https:\/\/www.sommatica.com\/ca\/serveis-it\/desenvolupament-software\/\"]}]},{\"@type\":\"BreadcrumbList\",\"@id\":\"https:\/\/www.sommatica.com\/ca\/serveis-it\/desenvolupament-software\/#breadcrumb\",\"itemListElement\":[{\"@type\":\"ListItem\",\"position\":1,\"name\":\"Portada\",\"item\":\"https:\/\/www.sommatica.com\/ca\/\"},{\"@type\":\"ListItem\",\"position\":2,\"name\":\"Serveis IT\",\"item\":\"https:\/\/www.sommatica.com\/ca\/serveis-it\/\"},{\"@type\":\"ListItem\",\"position\":3,\"name\":\"Desenvolupament de software\"}]}]}<\/script>\n<!-- \/ Yoast SEO plugin. -->","yoast_head_json":{"title":"Desenvolupament de software - SOMmatica","robots":{"index":"index","follow":"follow","max-snippet":"max-snippet:-1","max-image-preview":"max-image-preview:large","max-video-preview":"max-video-preview:-1"},"canonical":"https:\/\/www.sommatica.com\/ca\/serveis-it\/desenvolupament-software\/","og_locale":"ca_ES","og_type":"article","og_title":"Desenvolupament de software - SOMmatica","og_description":"Quines solucions oferim? Avantatges del desenvolupament a mida: Sol\u00b7licita pressupost sense comprom\u00eds Confia en l\u2019experi\u00e8ncia i professionalitat de SOMmatica. Contactar","og_url":"https:\/\/www.sommatica.com\/ca\/serveis-it\/desenvolupament-software\/","og_site_name":"SOMmatica","article_modified_time":"2020-03-02T00:05:16+00:00","og_image":[{"width":1000,"height":667,"url":"https:\/\/www.sommatica.com\/wp-content\/uploads\/desarrollo-software.jpg","type":"image\/jpeg"}],"twitter_card":"summary_large_image","twitter_site":"@sommatica_com","twitter_misc":{"Temps estimat de lectura":"2 minuts"},"schema":{"@context":"https:\/\/schema.org","@graph":[{"@type":"Organization","@id":"https:\/\/www.sommatica.com\/#organization","name":"SOMmatica","url":"https:\/\/www.sommatica.com\/","sameAs":["https:\/\/www.linkedin.com\/in\/sommatica\/","https:\/\/twitter.com\/sommatica_com"],"logo":{"@type":"ImageObject","@id":"https:\/\/www.sommatica.com\/#logo","inLanguage":"ca","url":"https:\/\/www.sommatica.com\/wp-content\/uploads\/logo.png","contentUrl":"https:\/\/www.sommatica.com\/wp-content\/uploads\/logo.png","width":242,"height":52,"caption":"SOMmatica"},"image":{"@id":"https:\/\/www.sommatica.com\/#logo"}},{"@type":"WebSite","@id":"https:\/\/www.sommatica.com\/#website","url":"https:\/\/www.sommatica.com\/","name":"SOMmatica","description":"Soluciones IT para PYMES","publisher":{"@id":"https:\/\/www.sommatica.com\/#organization"},"potentialAction":[{"@type":"SearchAction","target":{"@type":"EntryPoint","urlTemplate":"https:\/\/www.sommatica.com\/?s={search_term_string}"},"query-input":"required name=search_term_string"}],"inLanguage":"ca"},{"@type":"ImageObject","@id":"https:\/\/www.sommatica.com\/ca\/serveis-it\/desenvolupament-software\/#primaryimage","inLanguage":"ca","url":"https:\/\/www.sommatica.com\/wp-content\/uploads\/desarrollo-software.jpg","contentUrl":"https:\/\/www.sommatica.com\/wp-content\/uploads\/desarrollo-software.jpg","width":1000,"height":667,"caption":"Desarrollo de software a medida"},{"@type":"WebPage","@id":"https:\/\/www.sommatica.com\/ca\/serveis-it\/desenvolupament-software\/#webpage","url":"https:\/\/www.sommatica.com\/ca\/serveis-it\/desenvolupament-software\/","name":"Desenvolupament de software - SOMmatica","isPartOf":{"@id":"https:\/\/www.sommatica.com\/#website"},"primaryImageOfPage":{"@id":"https:\/\/www.sommatica.com\/ca\/serveis-it\/desenvolupament-software\/#primaryimage"},"datePublished":"2019-06-26T09:48:54+00:00","dateModified":"2020-03-02T00:05:16+00:00","breadcrumb":{"@id":"https:\/\/www.sommatica.com\/ca\/serveis-it\/desenvolupament-software\/#breadcrumb"},"inLanguage":"ca","potentialAction":[{"@type":"ReadAction","target":["https:\/\/www.sommatica.com\/ca\/serveis-it\/desenvolupament-software\/"]}]},{"@type":"BreadcrumbList","@id":"https:\/\/www.sommatica.com\/ca\/serveis-it\/desenvolupament-software\/#breadcrumb","itemListElement":[{"@type":"ListItem","position":1,"name":"Portada","item":"https:\/\/www.sommatica.com\/ca\/"},{"@type":"ListItem","position":2,"name":"Serveis IT","item":"https:\/\/www.sommatica.com\/ca\/serveis-it\/"},{"@type":"ListItem","position":3,"name":"Desenvolupament de software"}]}]}},"_links":{"self":[{"href":"https:\/\/www.sommatica.com\/ca\/wp-json\/wp\/v2\/pages\/103"}],"collection":[{"href":"https:\/\/www.sommatica.com\/ca\/wp-json\/wp\/v2\/pages"}],"about":[{"href":"https:\/\/www.sommatica.com\/ca\/wp-json\/wp\/v2\/types\/page"}],"author":[{"embeddable":true,"href":"https:\/\/www.sommatica.com\/ca\/wp-json\/wp\/v2\/users\/1"}],"replies":[{"embeddable":true,"href":"https:\/\/www.sommatica.com\/ca\/wp-json\/wp\/v2\/comments?post=103"}],"version-history":[{"count":15,"href":"https:\/\/www.sommatica.com\/ca\/wp-json\/wp\/v2\/pages\/103\/revisions"}],"predecessor-version":[{"id":2272,"href":"https:\/\/www.sommatica.com\/ca\/wp-json\/wp\/v2\/pages\/103\/revisions\/2272"}],"up":[{"embeddable":true,"href":"https:\/\/www.sommatica.com\/ca\/wp-json\/wp\/v2\/pages\/102"}],"wp:featuredmedia":[{"embeddable":true,"href":"https:\/\/www.sommatica.com\/ca\/wp-json\/wp\/v2\/media\/1395"}],"wp:attachment":[{"href":"https:\/\/www.sommatica.com\/ca\/wp-json\/wp\/v2\/media?parent=103"}],"curies":[{"name":"wp","href":"https:\/\/api.w.org\/{rel}","templated":true}]}}