{"id":100,"date":"2019-06-26T11:48:35","date_gmt":"2019-06-26T09:48:35","guid":{"rendered":"http:\/\/www.sommatica.com\/seguretat\/filtrat-de-contingut\/"},"modified":"2019-12-15T14:45:43","modified_gmt":"2019-12-15T13:45:43","slug":"filtre-contingut-web","status":"publish","type":"page","link":"https:\/\/www.sommatica.com\/ca\/seguretat\/filtre-contingut-web\/","title":{"rendered":"Filtre de contingut web"},"content":{"rendered":"<h3 class=\"section-title\"><strong>Quines funcionalitats t\u00e9 la nostra soluci\u00f3?<\/strong><\/h3>\n<div class=\"text_box\" style=\"border: none; \">\n<div class=\"text clearfix\" style=\"\">\n<div class=\"one_third\">\n<div class=\"iconed-text clearfix\"><span class=\"icon\" style=\"border-color: #ffffff; background-color: #ffffff; color: #598BAC;\">&#xe64d;<\/span><\/p>\n<div class=\"text\">\n<h5>Seguretat<\/h5>\n<div>Mitjan\u00e7ant l&#8217;\u00fas de llistes negres auto-actualitzables es bloquejar\u00e0 l&#8217;acc\u00e9s a p\u00e0gines insegures.<\/div>\n<\/div>\n<\/div>\n<div class=\"divider\"><\/div>\n<\/div>\n<div class=\"one_third\">\n<div class=\"iconed-text clearfix\"><span class=\"icon\" style=\"border-color: #ffffff; background-color: #ffffff; color: #BEE17B;\">&#xe623;<\/span><\/p>\n<div class=\"text\">\n<h5>Productivitat<\/h5>\n<div>Incrementa la productivitat dels empleats en impedir l&#8217;acc\u00e9s a webs de contingut oci\u00f3s.<\/div>\n<\/div>\n<\/div>\n<div class=\"divider\"><\/div>\n<\/div>\n<div class=\"one_third last\">\n<div class=\"iconed-text clearfix\"><span class=\"icon\" style=\"border-color: #ffffff; background-color: #ffffff; color: #FD573D;\">&#xe633;<\/span><\/p>\n<div class=\"text\">\n<h5>Segmentaci\u00f3<\/h5>\n<div>Permet aplicar les pol\u00edtiques d&#8217;acc\u00e9s\/denegaci\u00f3 a llocs web per usuari o per grup.<\/div>\n<\/div>\n<\/div>\n<div class=\"divider\"><\/div>\n<\/div>\n<div class=\"clear\"><\/div>\n<div class=\"one_third\">\n<div class=\"iconed-text clearfix\"><span class=\"icon\" style=\"border-color: #ffffff; background-color: #ffffff; color: #9CC9A0;\">&#xe641;<\/span><\/p>\n<div class=\"text\">\n<h5>Acceleraci\u00f3 web<\/h5>\n<div>Gr\u00e0cies al m\u00f2dul Proxy Cache Web, millora la velocitat d&#8217;acc\u00e9s a les webs m\u00e9s visitades.<\/div>\n<\/div>\n<\/div>\n<\/div>\n<div class=\"one_third\">\n<div class=\"iconed-text clearfix\"><span class=\"icon\" style=\"border-color: #ffffff; background-color: #ffffff; color: #FD8C62;\">&#xe6a1;<\/span><\/p>\n<div class=\"text\">\n<h5>Consola de gesti\u00f3<\/h5>\n<div>Des d&#8217;una \u00fanica consola es gestionen f\u00e0cilment les pol\u00edtiques d&#8217;acc\u00e9s, usuaris i grups.<\/div>\n<\/div>\n<\/div>\n<\/div>\n<div class=\"one_third last\">\n<div class=\"iconed-text clearfix\"><span class=\"icon\" style=\"border-color: #ffffff; background-color: #ffffff; color: #48AFDA;\">&#xe65a;<\/span><\/p>\n<div class=\"text\">\n<h5>Informes<\/h5>\n<div>Permet extreure informaci\u00f3 de les webs visitades i el temps de navegaci\u00f3 de cada usuari.<\/div>\n<\/div>\n<\/div>\n<\/div>\n<div class=\"clear\"><\/div>\n<\/div>\n<\/div>\n<div class=\"divider linebreak\">&nbsp;<\/div>\n<div class=\"divider linebreak\">&nbsp;<\/div>\n<h3><strong>Avantatges d&#8217;un filtre de contingut web:<\/strong><\/h3>\n<div class=\"one_half\">\n<div class=\"image wrap-box no-style below\" style=\"\">\n<div class=\"wrap-box-inner\"><img class=\"wrap-box-element\" style=\" \" src=\"https:\/\/www.sommatica.com\/wp-content\/uploads\/filtro-contenido-web.jpg\" alt=\"\"\/><\/div>\n<\/div>\n<\/div>\n<div class=\"one_half last\">Un filtre de contingut web \u00e9s un software, transparent per als usuaris, que permet denegar o limitar l&#8217;acc\u00e9s a segons que llocs web segons les pol\u00edtiques establertes per l&#8217;empresa, millorant la seguretat inform\u00e0tica i la productivitat dels treballadors. Entre els innombrables avantatges d&#8217;instal\u00b7lar un filtre de contingut destaquen els seg\u00fcents:<\/p>\n<div class=\"list arrow\">\n<ul>\n<li><span style=\"color: #48afdb;\">Protegir la xarxa inform\u00e0tica de\u00a0malware.<\/span><\/li>\n<li><span style=\"color: #48afdb;\">Evitar el robatori d&#8217;informaci\u00f3 confidencial.<\/span><\/li>\n<li><span style=\"color: #48afdb;\">Denegar l&#8217;acc\u00e9s a webs d&#8217;oci (Facebook, Instagram, etc).<\/span><\/li>\n<li><span style=\"color: #48afdb;\">Gestionar regles i grups per a diferents tipus d&#8217;usuari.<\/span><\/li>\n<li><span style=\"color: #48afdb;\">Crear regles en funci\u00f3 d&#8217;horaris,\u00a0IPs, etc.<\/span><\/li>\n<li><span style=\"color: #48afdb;\">Generar informes sobre l&#8217;\u00fas d&#8217;Internet.<\/span><\/li>\n<\/ul>\n<div class=\"divider linebreak\">&nbsp;<\/div>\n<\/div>\n<\/div>\n<div class=\"clear\"><\/div>\n<div class=\"divider linebreak\">&nbsp;<\/div>\n<div class=\"alert-box\">\n<div class=\"clearfix\">\n<div class=\"text\">\n<h2>Sol\u00b7licita pressupost sense comprom\u00eds<\/h2>\n<p>Confia en l\u2019experi\u00e8ncia i professionalitat de SOMmatica.<\/p><\/div>\n<div class=\"alert-button\"><a class=\"button\" href=\"https:\/\/www.sommatica.com\/ca\/contacte\/\">Contactar<\/a><\/div>\n<\/div>\n<\/div>\n","protected":false},"excerpt":{"rendered":"<p>Quines funcionalitats t\u00e9 la nostra soluci\u00f3? Avantatges d&#8217;un filtre de contingut web: Sol\u00b7licita pressupost sense comprom\u00eds Confia en l\u2019experi\u00e8ncia i&#8230;<\/p>\n","protected":false},"author":1,"featured_media":0,"parent":97,"menu_order":0,"comment_status":"closed","ping_status":"closed","template":"","meta":[],"yoast_head":"<!-- This site is optimized with the Yoast SEO plugin v18.3 - https:\/\/yoast.com\/wordpress\/plugins\/seo\/ -->\n<title>Filtre de contingut web - SOMmatica<\/title>\n<meta name=\"robots\" content=\"index, follow, max-snippet:-1, max-image-preview:large, max-video-preview:-1\" \/>\n<link rel=\"canonical\" href=\"https:\/\/www.sommatica.com\/ca\/seguretat\/filtre-contingut-web\/\" \/>\n<meta property=\"og:locale\" content=\"ca_ES\" \/>\n<meta property=\"og:type\" content=\"article\" \/>\n<meta property=\"og:title\" content=\"Filtre de contingut web - SOMmatica\" \/>\n<meta property=\"og:description\" content=\"Quines funcionalitats t\u00e9 la nostra soluci\u00f3? Avantatges d&#8217;un filtre de contingut web: Sol\u00b7licita pressupost sense comprom\u00eds Confia en l\u2019experi\u00e8ncia i...\" \/>\n<meta property=\"og:url\" content=\"https:\/\/www.sommatica.com\/ca\/seguretat\/filtre-contingut-web\/\" \/>\n<meta property=\"og:site_name\" content=\"SOMmatica\" \/>\n<meta property=\"article:modified_time\" content=\"2019-12-15T13:45:43+00:00\" \/>\n<meta name=\"twitter:card\" content=\"summary_large_image\" \/>\n<meta name=\"twitter:site\" content=\"@sommatica_com\" \/>\n<meta name=\"twitter:label1\" content=\"Temps estimat de lectura\" \/>\n\t<meta name=\"twitter:data1\" content=\"2 minuts\" \/>\n<script type=\"application\/ld+json\" class=\"yoast-schema-graph\">{\"@context\":\"https:\/\/schema.org\",\"@graph\":[{\"@type\":\"Organization\",\"@id\":\"https:\/\/www.sommatica.com\/#organization\",\"name\":\"SOMmatica\",\"url\":\"https:\/\/www.sommatica.com\/\",\"sameAs\":[\"https:\/\/www.linkedin.com\/in\/sommatica\/\",\"https:\/\/twitter.com\/sommatica_com\"],\"logo\":{\"@type\":\"ImageObject\",\"@id\":\"https:\/\/www.sommatica.com\/#logo\",\"inLanguage\":\"ca\",\"url\":\"https:\/\/www.sommatica.com\/wp-content\/uploads\/logo.png\",\"contentUrl\":\"https:\/\/www.sommatica.com\/wp-content\/uploads\/logo.png\",\"width\":242,\"height\":52,\"caption\":\"SOMmatica\"},\"image\":{\"@id\":\"https:\/\/www.sommatica.com\/#logo\"}},{\"@type\":\"WebSite\",\"@id\":\"https:\/\/www.sommatica.com\/#website\",\"url\":\"https:\/\/www.sommatica.com\/\",\"name\":\"SOMmatica\",\"description\":\"Soluciones IT para PYMES\",\"publisher\":{\"@id\":\"https:\/\/www.sommatica.com\/#organization\"},\"potentialAction\":[{\"@type\":\"SearchAction\",\"target\":{\"@type\":\"EntryPoint\",\"urlTemplate\":\"https:\/\/www.sommatica.com\/?s={search_term_string}\"},\"query-input\":\"required name=search_term_string\"}],\"inLanguage\":\"ca\"},{\"@type\":\"WebPage\",\"@id\":\"https:\/\/www.sommatica.com\/ca\/seguretat\/filtre-contingut-web\/#webpage\",\"url\":\"https:\/\/www.sommatica.com\/ca\/seguretat\/filtre-contingut-web\/\",\"name\":\"Filtre de contingut web - SOMmatica\",\"isPartOf\":{\"@id\":\"https:\/\/www.sommatica.com\/#website\"},\"datePublished\":\"2019-06-26T09:48:35+00:00\",\"dateModified\":\"2019-12-15T13:45:43+00:00\",\"breadcrumb\":{\"@id\":\"https:\/\/www.sommatica.com\/ca\/seguretat\/filtre-contingut-web\/#breadcrumb\"},\"inLanguage\":\"ca\",\"potentialAction\":[{\"@type\":\"ReadAction\",\"target\":[\"https:\/\/www.sommatica.com\/ca\/seguretat\/filtre-contingut-web\/\"]}]},{\"@type\":\"BreadcrumbList\",\"@id\":\"https:\/\/www.sommatica.com\/ca\/seguretat\/filtre-contingut-web\/#breadcrumb\",\"itemListElement\":[{\"@type\":\"ListItem\",\"position\":1,\"name\":\"Portada\",\"item\":\"https:\/\/www.sommatica.com\/ca\/\"},{\"@type\":\"ListItem\",\"position\":2,\"name\":\"Seguretat\",\"item\":\"https:\/\/www.sommatica.com\/ca\/seguretat\/\"},{\"@type\":\"ListItem\",\"position\":3,\"name\":\"Filtre de contingut web\"}]}]}<\/script>\n<!-- \/ Yoast SEO plugin. -->","yoast_head_json":{"title":"Filtre de contingut web - SOMmatica","robots":{"index":"index","follow":"follow","max-snippet":"max-snippet:-1","max-image-preview":"max-image-preview:large","max-video-preview":"max-video-preview:-1"},"canonical":"https:\/\/www.sommatica.com\/ca\/seguretat\/filtre-contingut-web\/","og_locale":"ca_ES","og_type":"article","og_title":"Filtre de contingut web - SOMmatica","og_description":"Quines funcionalitats t\u00e9 la nostra soluci\u00f3? Avantatges d&#8217;un filtre de contingut web: Sol\u00b7licita pressupost sense comprom\u00eds Confia en l\u2019experi\u00e8ncia i...","og_url":"https:\/\/www.sommatica.com\/ca\/seguretat\/filtre-contingut-web\/","og_site_name":"SOMmatica","article_modified_time":"2019-12-15T13:45:43+00:00","twitter_card":"summary_large_image","twitter_site":"@sommatica_com","twitter_misc":{"Temps estimat de lectura":"2 minuts"},"schema":{"@context":"https:\/\/schema.org","@graph":[{"@type":"Organization","@id":"https:\/\/www.sommatica.com\/#organization","name":"SOMmatica","url":"https:\/\/www.sommatica.com\/","sameAs":["https:\/\/www.linkedin.com\/in\/sommatica\/","https:\/\/twitter.com\/sommatica_com"],"logo":{"@type":"ImageObject","@id":"https:\/\/www.sommatica.com\/#logo","inLanguage":"ca","url":"https:\/\/www.sommatica.com\/wp-content\/uploads\/logo.png","contentUrl":"https:\/\/www.sommatica.com\/wp-content\/uploads\/logo.png","width":242,"height":52,"caption":"SOMmatica"},"image":{"@id":"https:\/\/www.sommatica.com\/#logo"}},{"@type":"WebSite","@id":"https:\/\/www.sommatica.com\/#website","url":"https:\/\/www.sommatica.com\/","name":"SOMmatica","description":"Soluciones IT para PYMES","publisher":{"@id":"https:\/\/www.sommatica.com\/#organization"},"potentialAction":[{"@type":"SearchAction","target":{"@type":"EntryPoint","urlTemplate":"https:\/\/www.sommatica.com\/?s={search_term_string}"},"query-input":"required name=search_term_string"}],"inLanguage":"ca"},{"@type":"WebPage","@id":"https:\/\/www.sommatica.com\/ca\/seguretat\/filtre-contingut-web\/#webpage","url":"https:\/\/www.sommatica.com\/ca\/seguretat\/filtre-contingut-web\/","name":"Filtre de contingut web - SOMmatica","isPartOf":{"@id":"https:\/\/www.sommatica.com\/#website"},"datePublished":"2019-06-26T09:48:35+00:00","dateModified":"2019-12-15T13:45:43+00:00","breadcrumb":{"@id":"https:\/\/www.sommatica.com\/ca\/seguretat\/filtre-contingut-web\/#breadcrumb"},"inLanguage":"ca","potentialAction":[{"@type":"ReadAction","target":["https:\/\/www.sommatica.com\/ca\/seguretat\/filtre-contingut-web\/"]}]},{"@type":"BreadcrumbList","@id":"https:\/\/www.sommatica.com\/ca\/seguretat\/filtre-contingut-web\/#breadcrumb","itemListElement":[{"@type":"ListItem","position":1,"name":"Portada","item":"https:\/\/www.sommatica.com\/ca\/"},{"@type":"ListItem","position":2,"name":"Seguretat","item":"https:\/\/www.sommatica.com\/ca\/seguretat\/"},{"@type":"ListItem","position":3,"name":"Filtre de contingut web"}]}]}},"_links":{"self":[{"href":"https:\/\/www.sommatica.com\/ca\/wp-json\/wp\/v2\/pages\/100"}],"collection":[{"href":"https:\/\/www.sommatica.com\/ca\/wp-json\/wp\/v2\/pages"}],"about":[{"href":"https:\/\/www.sommatica.com\/ca\/wp-json\/wp\/v2\/types\/page"}],"author":[{"embeddable":true,"href":"https:\/\/www.sommatica.com\/ca\/wp-json\/wp\/v2\/users\/1"}],"replies":[{"embeddable":true,"href":"https:\/\/www.sommatica.com\/ca\/wp-json\/wp\/v2\/comments?post=100"}],"version-history":[{"count":12,"href":"https:\/\/www.sommatica.com\/ca\/wp-json\/wp\/v2\/pages\/100\/revisions"}],"predecessor-version":[{"id":1470,"href":"https:\/\/www.sommatica.com\/ca\/wp-json\/wp\/v2\/pages\/100\/revisions\/1470"}],"up":[{"embeddable":true,"href":"https:\/\/www.sommatica.com\/ca\/wp-json\/wp\/v2\/pages\/97"}],"wp:attachment":[{"href":"https:\/\/www.sommatica.com\/ca\/wp-json\/wp\/v2\/media?parent=100"}],"curies":[{"name":"wp","href":"https:\/\/api.w.org\/{rel}","templated":true}]}}